{"id":7159,"date":"2024-12-10T15:29:21","date_gmt":"2024-12-10T15:29:21","guid":{"rendered":"https:\/\/www.logivations.com\/?page_id=7159"},"modified":"2025-05-19T10:05:30","modified_gmt":"2025-05-19T10:05:30","slug":"7159-2","status":"publish","type":"page","link":"https:\/\/www.logivations.com\/de\/7159-2\/","title":{"rendered":""},"content":{"rendered":"<p><\/p>\n\n\n\n<!DOCTYPE html PUBLIC \"-\/\/W3C\/\/DTD XHTML 1.0 Strict\/\/EN\" \"http:\/\/www.w3.org\/TR\/xhtml1\/DTD\/xhtml1-strict.dtd\">\n<html xmlns=\"http:\/\/www.w3.org\/1999\/xhtml\">\n\n<head>\n    <title>Season\u2019s Greetings from Logivations<\/title>\n    <meta http-equiv=\"Content-Type\" content=\"text\/html; charset=utf-8\" \/>\n    <meta name=\"viewport\" content=\"width=device-width, initial-scale=1.0\" \/>\n    <style type=\"text\/css\">\n \n\n    \/*tablet*\/\n    @media only screen and (max-width: 640px) {\n        table[class=devicewidth] {\n            width: 440px !important;\n            text-align: left !important;\n        }\n\n        table[class=set_width_01] {\n            width: 17% !important;\n        }\n\n        table[class=set_width_02] {\n            width: 83% !important;\n        }\n    }\n\n    \/*phone*\/\n    @media only screen and (max-width: 480px) {\n        table[class=devicewidth] {\n            width: 440px !important;\n            text-align: left !important;\n        }\n    }\n    <\/style>\n<\/head>\n\n\n<body style=\"background-color: #E3E3E3; margin: 0; padding: 0;\">\n    <div style=\"max-width: 640px; margin: -90px auto; background-color: #ffffff; text-align: center;\">\n        <!-- Header Image -->\n        <img decoding=\"async\" src=\"https:\/\/forms.logivations.com\/img_general\/mailing\/2024\/newYear2025.png\" alt=\"New Year 2025\" style=\"width: 100%; max-width: 640px;\">\n\n        <!-- Main Content -->\n        <div style=\"padding: 20px; font-family: Helvetica, Arial, sans-serif; color: #666666;\">\n            <p style=\"font-size: 15pt; line-height: 24px; margin-bottom: 20px;\">\n                2024 war ein ereignisreiches und wirtschaftlich turbulentes Jahr. Gemeinsam haben wir diese Herausforderungen gemeistert und bedeutende Innovationen f\u00fcr die Logistikbranche realisiert. Daf\u00fcr m\u00f6chten wir uns ganz herzlich bei Ihnen bedanken.\n            <\/p>\n            <p style=\"font-size: 15pt; line-height: 24px; margin-bottom: 20px;\">\n                Wir w\u00fcnschen Ihnen erholsame Weihnachtsfeiertage, ein friedliches neues Jahr 2025 und freuen uns auf eine weiterhin erfolgreiche Zusammenarbeit im kommenden Jahr.\n            <\/p>\n            <p style=\"font-size: 15pt; line-height: 24px; margin-bottom: 40px; color: #8dbf4c;\">\n                <a href=\"https:\/\/www.logivations.com\/de\/\" target=\"_blank\" style=\"color: #8dbf4c; text-decoration: none;\">Ihr Logivations Team<\/a>\n            <\/p>\n        <\/div>\n\n        <!-- Decorative Image -->\n        <div style=\"text-align: center; margin-bottom: 20px;\">\n            <a href=\"https:\/\/www.logivations.com\/de\/\" target=\"_blank\">\n                <img decoding=\"async\" src=\"https:\/\/forms.logivations.com\/img_general\/mailing\/xmas\/santa-3.png\" alt=\"Santa\" style=\"width: 200px;\">\n            <\/a>\n        <\/div>\n\n        <!-- Donation Section -->\n        <div style=\"font-family: Helvetica, Arial, sans-serif; color: #291F1E; font-size: 16px; line-height: 20px; padding: 20px;\">\n            Unsere diesj\u00e4hrige Spende geht an &#8220;\u00c4rzte ohne Grenzen&#8221;, die mit ihrem unerm\u00fcdlichen Einsatz in Krisengebieten weltweit medizinische Versorgung leisten.\n            <br>Weiterhin unterst\u00fctzen wir soziale Projekte f\u00fcr Menschen in der Ukraine\n            <img decoding=\"async\" src=\"https:\/\/forms.logivations.com\/img_general\/mailing\/2022\/ua-flag.png\" alt=\"Ukraine Flag\" style=\"width: 24px; vertical-align: middle; margin-left: 5px;\">\n        <\/div>\n\n        <!-- Footer -->\n        <div style=\"background-color: #8dbf4c; color: #ffffff; font-family: Arial, sans-serif; font-size: 12px; padding: 20px;\">\n            <p style=\"margin: 0; line-height: 20px;\">\n                Logivations GmbH | Logistic + Innovations | Wilhelmine-Reichard-Stra\u00dfe 13 | D-80935 M\u00fcnchen<br>\n                Phone: <a href=\"tel:+498921909750\" style=\"color: #ffffff; text-decoration: none;\">+49 89 2190 975-0<\/a> |\n                Email: <a href=\"mailto:sales@logivations.com\" style=\"color: #ffffff; text-decoration: none;\">sales@logivations.com<\/a> |\n                <a href=\"https:\/\/www.logivations.com\/de\/\" target=\"_blank\" style=\"color: #ffffff; text-decoration: none;\">www.logivations.com<\/a>\n            <\/p>\n        <\/div>\n\n        <!-- DSGVO Notice -->\n        <div style=\"font-family: Helvetica, Arial, sans-serif; font-size: 9px; color: #555555; padding: 20px; text-align: justify;\">\n            Logivations befolgt die Regelungen der neuen DSGVO. Wir verwenden Daten nur, wenn sie aus \u00f6ffentlichen, jederzeit allgemein zug\u00e4nglichen Quellen (z. B. zoominfo, LinkedIn, Xing) stammen oder wenn uns f\u00fcr die Nutzung und Verarbeitung der Daten eine Einwilligung erteilt wurde. Wir speichern und verarbeiten keine privaten Daten &#8211; ausschlie\u00dflich gesch\u00e4ftliche Daten werden im Sinne der DSGVO zu berechtigten, gesch\u00e4ftlichen Zwecken gespeichert und verarbeitet.\n            <br><br>\n            Sollten Sie kein Interesse an weiteren Newslettern haben, k\u00f6nnen Sie sich direkt \u00fcber diesen Link abmelden:\n            <a href=\"https:\/\/forms.logivations.com\/de\/unsubscribe_options.php\" target=\"_blank\" style=\"color: #8dbf4c; text-decoration: none;\">Abmelden<\/a>.\n        <\/div>\n    <\/div>\n<\/body>\n\n<\/html>","protected":false},"excerpt":{"rendered":"<p>Season\u2019s Greetings from Logivations 2024 war ein ereignisreiches und wirtschaftlich turbulentes Jahr. Gemeinsam haben wir diese Herausforderungen gemeistert und bedeutende Innovationen f\u00fcr die Logistikbranche realisiert. Daf\u00fcr m\u00f6chten wir uns ganz herzlich bei Ihnen bedanken. Wir w\u00fcnschen Ihnen erholsame Weihnachtsfeiertage, ein friedliches neues Jahr 2025 und freuen uns auf eine weiterhin erfolgreiche Zusammenarbeit im kommenden Jahr. [&hellip;]<\/p>","protected":false},"author":1,"featured_media":0,"parent":0,"menu_order":0,"comment_status":"closed","ping_status":"closed","template":"","meta":{"footnotes":""},"class_list":["post-7159","page","type-page","status-publish","hentry"],"blocksy_meta":{"has_hero_section":"enabled","styles_descriptor":{"styles":{"desktop":"[data-prefix=\"single_page\"] .entry-header .page-title {--theme-font-size:30px;} [data-prefix=\"single_page\"] .entry-header .entry-meta {--theme-font-weight:600;--theme-text-transform:uppercase;--theme-font-size:12px;--theme-line-height:1.3;}","tablet":"","mobile":""},"google_fonts":{"Open Sans":["n4","n6"]},"version":6},"hero_section":"type-1","hero_elements":[{"id":"custom_title","enabled":false,"heading_tag":"h1","title":"Home","__id":"8ebZPghBilW2HxLD8szme"},{"id":"custom_description","enabled":false,"description_visibility":{"desktop":true,"tablet":true,"mobile":false},"__id":"LXSe8WB-GFL_aijd_XXeq"},{"id":"custom_meta","enabled":false,"meta_elements":[{"id":"author","enabled":true,"label":"By","has_author_avatar":"yes","avatar_size":25},{"id":"post_date","enabled":true,"label":"On","date_format_source":"default","date_format":"M j, Y"},{"id":"updated_date","enabled":false,"label":"On","date_format_source":"default","date_format":"M j, Y"},{"id":"categories","enabled":false,"label":"In","style":"simple"},{"id":"comments","enabled":true}],"page_meta_elements":{"joined":true,"articles_count":true,"comments":true},"__id":"Rs1YQ2JPcXy1-XNt4HsnJ"},{"id":"breadcrumbs","enabled":false,"__id":"thjGUE5kenhMQ6DeZoqga"}],"page_structure_type":"default","content_style_source":"inherit","disable_header":"yes","vertical_spacing_source":"inherit","disable_footer":"yes"},"_links":{"self":[{"href":"https:\/\/www.logivations.com\/de\/wp-json\/wp\/v2\/pages\/7159","targetHints":{"allow":["GET"]}}],"collection":[{"href":"https:\/\/www.logivations.com\/de\/wp-json\/wp\/v2\/pages"}],"about":[{"href":"https:\/\/www.logivations.com\/de\/wp-json\/wp\/v2\/types\/page"}],"author":[{"embeddable":true,"href":"https:\/\/www.logivations.com\/de\/wp-json\/wp\/v2\/users\/1"}],"replies":[{"embeddable":true,"href":"https:\/\/www.logivations.com\/de\/wp-json\/wp\/v2\/comments?post=7159"}],"version-history":[{"count":16,"href":"https:\/\/www.logivations.com\/de\/wp-json\/wp\/v2\/pages\/7159\/revisions"}],"predecessor-version":[{"id":7619,"href":"https:\/\/www.logivations.com\/de\/wp-json\/wp\/v2\/pages\/7159\/revisions\/7619"}],"wp:attachment":[{"href":"https:\/\/www.logivations.com\/de\/wp-json\/wp\/v2\/media?parent=7159"}],"curies":[{"name":"wp","href":"https:\/\/api.w.org\/{rel}","templated":true}]}}