{"id":686,"date":"2023-11-12T11:20:26","date_gmt":"2023-11-12T11:20:26","guid":{"rendered":"http:\/\/localhost:8047\/?page_id=686"},"modified":"2026-04-29T11:15:43","modified_gmt":"2026-04-29T11:15:43","slug":"webinars","status":"publish","type":"page","link":"https:\/\/logivations.com\/de\/news-events\/webinars\/","title":{"rendered":"Webinare"},"content":{"rendered":"<\/p>\n\n\n\n<div class=\"wp-block-stackable-columns alignfull stk-block-columns stk-block stk-f2cd23c stk-block-background stk--has-background-overlay\" data-block-id=\"f2cd23c\"><style>.stk-f2cd23c .stk--block-align-f2cd23c{align-items:center !important;}.stk-f2cd23c {background-image:url(https:\/\/www.logivations.com\/wp-content\/uploads\/2025\/05\/Frame-494.png) !important;background-position:bottom center !important;background-repeat:no-repeat !important;background-size:cover !important;padding-top:280px !important;padding-bottom:63px !important;margin-top:-135px !important;margin-bottom:0px !important;}.stk-f2cd23c:before{background-color:#000000 !important;opacity:0.6 !important;}.stk-f2cd23c-column{--stk-column-gap:35px !important;row-gap:35px !important;}@media screen and (max-width:999px){.stk-f2cd23c {padding-top:250px !important;padding-bottom:150px !important;}}@media screen and (max-width:689px){.stk-f2cd23c {padding-top:186px !important;padding-bottom:100px !important;margin-top:-90px !important;}}<\/style><div class=\"stk-row stk-inner-blocks stk--block-align-f2cd23c stk-block-content stk-content-align stk-f2cd23c-column\">\n<div class=\"wp-block-stackable-column stk-block-column stk-column stk-block stk-f95356a\" data-v=\"4\" data-block-id=\"f95356a\"><style>.stk-f95356a-container{margin-top:0px !important;margin-right:0px !important;margin-bottom:0px !important;margin-left:0px !important;}@media screen and (min-width:690px){.stk-f95356a {flex:var(--stk-flex-grow, 1) 1 calc(96.8% - var(--stk-column-gap, 0px) * 1 \/ 2 ) !important;}}@media screen and (min-width:690px) and (max-width:999px){.stk-f95356a {flex:var(--stk-flex-grow, 1) 1 calc(55% - var(--stk-column-gap, 0px) * 1 \/ 2 ) !important;}}<\/style><div class=\"stk-column-wrapper stk-block-column__content stk-container stk-f95356a-container stk--no-background stk--no-padding\"><div class=\"has-text-align-center-mobile stk-block-content stk-inner-blocks stk-f95356a-inner-blocks\">\n<h2 class=\"wp-block-heading\"><span style=\"color: var(--theme-palette-color-8, #ffffff);\" class=\"stk-highlight\"><\/span><\/h2>\n\n\n\n<div class=\"wp-block-stackable-heading stk-block-heading stk-block-heading--v2 stk-block stk-2de0adc\" id=\"free-webinars\" data-block-id=\"2de0adc\"><style>.stk-2de0adc {margin-top:20px !important;margin-bottom:10px !important;}.stk-2de0adc .stk-block-heading__text{font-size:55px !important;color:var(--theme-palette-color-8, #ffffff) !important;}@media screen and (max-width:999px){.stk-2de0adc .stk-block-heading__text{font-size:50px !important;}}<\/style><h1 class=\"stk-block-heading__text has-text-color\">Kostenlose Webinare<\/h1><\/div>\n\n\n\n<div class=\"wp-block-stackable-text stk-block-text stk-block stk-0fe4a50\" data-block-id=\"0fe4a50\"><style>.stk-0fe4a50 .stk-block-text__text{font-size:19px !important;color:var(--theme-palette-color-8, #ffffff) !important;}@media screen and (max-width:999px){.stk-0fe4a50 .stk-block-text__text{font-size:19px !important;}}<\/style><p class=\"stk-block-text__text has-text-color\"><\/p><\/div>\n<\/div><\/div><\/div>\n\n\n\n<div class=\"wp-block-stackable-column stk-block-column stk-column stk-block stk-93eda29\" data-v=\"4\" data-block-id=\"93eda29\"><style>.stk-93eda29-container{margin-top:0px !important;margin-right:0px !important;margin-bottom:0px !important;margin-left:0px !important;}@media screen and (min-width:690px){.stk-93eda29 {flex:var(--stk-flex-grow, 1) 1 calc(3.2% - var(--stk-column-gap, 0px) * 1 \/ 2 ) !important;}}@media screen and (min-width:690px) and (max-width:999px){.stk-93eda29 {flex:var(--stk-flex-grow, 1) 1 calc(45% - var(--stk-column-gap, 0px) * 1 \/ 2 ) !important;}}<\/style><div class=\"stk-column-wrapper stk-block-column__content stk-container stk-93eda29-container stk--no-background stk--no-padding\"><div class=\"stk-block-content stk-inner-blocks stk-93eda29-inner-blocks\"><\/div><\/div><\/div>\n<\/div><\/div>\n\n\n<p>\n\n\n\n<div class=\"wp-block-stackable-columns stk-block-columns stk-block stk-30679ec\" data-block-id=\"30679ec\"><div class=\"stk-row stk-inner-blocks stk-block-content stk-content-align stk-30679ec-column\">\n<div class=\"wp-block-stackable-column stk-block-column stk-column stk-block stk-8cc5918\" data-v=\"4\" data-block-id=\"8cc5918\"><style>.stk-8cc5918 {margin-left:-23px !important;}<\/style><div class=\"stk-column-wrapper stk-block-column__content stk-container stk-8cc5918-container stk--no-background stk--no-padding\"><div class=\"stk-block-content stk-inner-blocks stk-8cc5918-inner-blocks\">\n<div class=\"wp-block-stackable-feature stk-block-feature stk-block stk-35260ab is-style-default\" data-v=\"2\" data-block-id=\"35260ab\"><style>.stk-35260ab {--stk-feature-flex-wrap:nowrap !important;margin-bottom:0px !important;}<\/style><div class=\"stk-content-align stk-35260ab-column stk-container stk-35260ab-container stk--no-background stk--no-padding\"><div class=\"stk-inner-blocks stk-block-content stk-row\">\n<div class=\"wp-block-stackable-column stk-block-column stk-column stk-block stk-cae7809\" data-v=\"4\" data-block-id=\"cae7809\"><style>.stk-cae7809 {align-self:center !important;margin-bottom:-24px !important;}<\/style><div class=\"stk-column-wrapper stk-block-column__content stk-container stk-cae7809-container stk--no-background stk--no-padding\"><div class=\"stk-block-content stk-inner-blocks stk-cae7809-inner-blocks\">\n<div class=\"wp-block-stackable-text stk-block-text stk-block stk-3eac739\" data-block-id=\"3eac739\"><p class=\"stk-block-text__text\"><strong><strong>Optimieren Sie Ihre Logistik \u2013 ganz nach Ihrem Bedarf!<\/strong><\/strong><\/p><\/div>\n\n\n\n<div class=\"wp-block-stackable-text stk-block-text stk-block stk-a321cbf\" data-block-id=\"a321cbf\"><p class=\"stk-block-text__text\">Unsere <strong>Webinare <\/strong>pr\u00e4sentieren innovative L\u00f6sungen in den Bereichen Supply Chain Optimierung, Digital Twin Technologie und KI-gest\u00fctzte Logistikplanung. Diese Formate verbinden bew\u00e4hrte Methoden mit praxisnahen Anwendungen und erm\u00f6glichen messbare Verbesserungen \u2013 sowohl bei neuen Projekten als auch in bestehenden Prozessen.<\/p><\/div>\n\n\n\n<div class=\"wp-block-stackable-text stk-block-text stk-block stk-1a9bfc5\" data-block-id=\"1a9bfc5\"><p class=\"stk-block-text__text\">Das Konzept f\u00fcr unsere Webinare steht fest \u2013 mit anspruchsvolleren Themen, mehr Interaktivit\u00e4t und praxisrelevanten Fallstudien aus \u00fcber 600 erfolgreich umgesetzten Beratungsprojekten<\/p><\/div>\n\n\n\n<div class=\"wp-block-stackable-columns stk-block-columns stk-block stk-16c515f\" data-block-id=\"16c515f\"><style>.stk-16c515f {margin-left:-12px !important;}<\/style><div class=\"stk-row stk-inner-blocks stk-block-content stk-content-align stk-16c515f-column\">\n<div class=\"wp-block-stackable-column stk-block-column stk-column stk-block stk-f0e81f4\" data-v=\"4\" data-block-id=\"f0e81f4\"><style>@media screen and (min-width:690px){.stk-f0e81f4 {flex:var(--stk-flex-grow, 1) 1 calc(45% - var(--stk-column-gap, 0px) * 1 \/ 2 ) !important;}}<\/style><div class=\"stk-column-wrapper stk-block-column__content stk-container stk-f0e81f4-container stk--no-background stk--no-padding\"><div class=\"stk-block-content stk-inner-blocks stk-f0e81f4-inner-blocks\">\n<div class=\"wp-block-stackable-text stk-block-text stk-block stk-26e6bd6\" data-block-id=\"26e6bd6\"><p class=\"stk-block-text__text\">M\u00f6chten Sie \u00fcber unsere kommenden Webinare und Events auf dem Laufenden bleiben? Abonnieren Sie unseren Newsletter \u2014 kostenlos und jederzeit abbestellbar.<\/p><\/div>\n\n\n\n<div class=\"wp-block-stackable-expand stk-block-expand stk-block stk-c0129a1\" data-block-id=\"c0129a1\"><div class=\"stk-inner-blocks stk-block-content\">\n<div class=\"wp-block-stackable-button stk-block-button stk-block-expand__show-button stk-block stk-e865684\" data-block-id=\"e865684\"><a aria-hidden=\"false\" role=\"button\" aria-expanded=\"false\" class=\"stk-link stk-button stk--hover-effect-darken\" href=\"#\"><span class=\"stk-button__inner-text\"><strong>Newsletter<\/strong><\/span><\/a><\/div>\n\n\n\n<div class=\"wp-block-stackable-text stk-block-text stk-block stk-2474c38 stk-block-expand__more-text\" aria-hidden=\"true\" data-block-id=\"2474c38\"><p class=\"stk-block-text__text\"><form id=\"forminator-module-2173\" class=\"forminator-custom-form forminator-custom-form-2173\" method=\"post\" data-forminator-render=\"0\" data-uid=\"69f40275aa2ec\" action=\"\"><div role=\"alert\" aria-live=\"polite\" class=\"forminator-response-message forminator-error\" aria-hidden=\"true\"><\/div><input type=\"hidden\" name=\"trp-form-language\" value=\"de\"\/><\/form><\/p><\/div>\n\n\n\n<div class=\"wp-block-stackable-button stk-block-button is-style-link stk-block-expand__hide-button stk-block stk-db71569\" data-block-id=\"db71569\"><a aria-hidden=\"true\" role=\"button\" aria-expanded=\"true\" class=\"stk-link stk-button stk--hover-effect-darken\" href=\"#\"><span class=\"stk-button__inner-text\">Weniger<\/span><\/a><\/div>\n<\/div><\/div>\n<\/div><\/div><\/div>\n\n\n\n<div class=\"wp-block-stackable-column stk-block-column stk-column stk-block stk-4e86202\" data-v=\"4\" data-block-id=\"4e86202\"><style>@media screen and (min-width:690px){.stk-4e86202 {flex:var(--stk-flex-grow, 1) 1 calc(55% - var(--stk-column-gap, 0px) * 1 \/ 2 ) !important;}}<\/style><div class=\"stk-column-wrapper stk-block-column__content stk-container stk-4e86202-container stk--no-background stk--no-padding\"><div class=\"stk-block-content stk-inner-blocks stk-4e86202-inner-blocks\">\n<div class=\"wp-block-stackable-text stk-block-text stk-block stk-9e3427d\" data-block-id=\"9e3427d\"><p class=\"stk-block-text__text\">Haben Sie bereits ein konkretes Projekt oder eine logistische Herausforderung? Unsere Experten besprechen gerne m\u00f6gliche L\u00f6sungsans\u00e4tze und das wirtschaftliche Potenzial in einer kostenlosen, individuellen Web-Konferenz \u2014 ganz auf Ihre Situation zugeschnitten.<\/p><\/div>\n\n\n\n<div class=\"wp-block-stackable-button-group stk-block-button-group stk-block stk-3b06596\" data-block-id=\"3b06596\"><style>.stk-3b06596 {margin-bottom:0px !important;}<\/style><div class=\"stk-row stk-inner-blocks stk-block-content stk-button-group\">\n<div class=\"wp-block-stackable-button stk-block-button stk-block stk-185abae\" data-block-id=\"185abae\"><a class=\"stk-link stk-button stk--hover-effect-darken\" href=\"https:\/\/logivations.com\/de\/video-demo-registration\/\" target=\"_blank\" rel=\"noreferrer noopener\"><span class=\"stk-button__inner-text\"><strong>Online-Demo<\/strong><\/span><\/a><\/div>\n<\/div><\/div>\n<\/div><\/div><\/div>\n<\/div><\/div>\n<\/div><\/div><\/div>\n<\/div><\/div><\/div>\n<\/div><\/div><\/div>\n<\/div><\/div>\n\n\n\n<div class=\"wp-block-stackable-columns stk-block-columns stk-block stk-f67e15c\" data-block-id=\"f67e15c\"><style>.stk-f67e15c {border-top-left-radius:0px !important;border-top-right-radius:0px !important;border-bottom-right-radius:0px !important;border-bottom-left-radius:0px !important;overflow:hidden !important;box-shadow:0 5px 30px -10px #123f524d !important;border-style:solid !important;border-color:var(--theme-palette-color-5, #E2E7ED) !important;max-width:1275px !important;min-width:auto !important;}<\/style><div class=\"stk-row stk-inner-blocks stk-block-content stk-content-align stk-f67e15c-column\">\n<div class=\"wp-block-stackable-column stk-block-column stk-column stk-block stk-4ca95c9\" data-v=\"4\" data-block-id=\"4ca95c9\"><div class=\"stk-column-wrapper stk-block-column__content stk-container stk-4ca95c9-container stk--no-background stk--no-padding\"><div class=\"stk-block-content stk-inner-blocks stk-4ca95c9-inner-blocks\">\n<div class=\"wp-block-stackable-columns stk-block-columns stk-block stk-74d4b3a\" data-block-id=\"74d4b3a\"><style>.stk-74d4b3a {margin-bottom:25px !important;}<\/style><div class=\"stk-row stk-inner-blocks stk-block-content stk-content-align stk-74d4b3a-column\">\n<div class=\"wp-block-stackable-column stk-block-column stk-column stk-block stk-58cf111\" data-v=\"4\" data-block-id=\"58cf111\"><style>.stk-58cf111-container{margin-top:17px !important;margin-right:17px !important;margin-bottom:17px !important;margin-left:17px !important;}.stk-58cf111-inner-blocks{row-gap:0px !important;}@media screen and (min-width:690px){.stk-58cf111 {flex:var(--stk-flex-grow, 1) 1 66.7% !important;}}<\/style><div class=\"stk-column-wrapper stk-block-column__content stk-container stk-58cf111-container stk--no-background stk--no-padding\"><div class=\"stk-block-content stk-inner-blocks stk-58cf111-inner-blocks\">\n<div class=\"wp-block-stackable-heading stk-block-heading stk-block-heading--v2 stk-block stk-234b947\" id=\"span-style-color-var-theme-palette-color-4-192-a-3-d-class-stk-highlight-new-span-span-style-color-var-theme-palette-color-4-192-a-3-d-class-stk-highlight-webinar-span-strong-br-strong-ask-your-supply-chain-how-gen-ai-turns-your-digital-twin-into-a-conversation-and-makes-your-decisions-10-x-faster-strong-strong\" data-block-id=\"234b947\"><style>.stk-234b947 {margin-bottom:0px !important;}.stk-234b947 .stk-block-heading__text{color:#8dbf4c !important;}<\/style><h5 class=\"stk-block-heading__text has-text-color\"><span style=\"color: var(--theme-palette-color-4, #192a3d);\" class=\"stk-highlight\">Neues:<\/span> <span style=\"color: var(--theme-palette-color-4, #192a3d);\" class=\"stk-highlight\">Webinar<\/span><strong><br><strong>Ask Your Supply Chain How GenAI Turns Your Digital Twin Into a Conversation \u2014 and Makes Your Decisions 10x Faster<\/strong><\/strong><\/h5><\/div>\n\n\n\n<div class=\"wp-block-stackable-text stk-block-text stk-block stk-719e83b\" data-block-id=\"719e83b\"><style>.stk-719e83b {margin-bottom:20px !important;}<\/style><p class=\"stk-block-text__text\"><br><strong><strong><strong>29. Juni um 16:00 Uhr<\/strong> <br><\/strong><\/strong>(Dauer: ca. 40 Minuten | Konferenzsprache: Englisch)<\/p><\/div>\n\n\n\n<div class=\"wp-block-stackable-text stk-block-text stk-block stk-a070587\" data-block-id=\"a070587\"><style>.stk-a070587 {margin-bottom:15px !important;}<\/style><p class=\"stk-block-text__text\">Z\u00f6lle \u00e4ndern sich \u00fcber Nacht. Neue CO\u2082-Regularien treten quartalsweise in Kraft. Ihr Management erwartet Antworten bis Freitag \u2013 doch die Erstellung belastbarer Szenarien dauert oft Wochen.<\/p><\/div>\n\n\n\n<div class=\"wp-block-stackable-text stk-block-text stk-block stk-5c324f0\" data-block-id=\"5c324f0\"><style>.stk-5c324f0 {margin-bottom:15px !important;}<\/style><p class=\"stk-block-text__text\">In diesem Webinar zeigen wir, wie <b>der Digitale Zwilling von W2MO<\/b> in Kombination mit <b>Generativer KI<\/b> die Arbeit von Supply Chain Engineers und Planern grundlegend ver\u00e4ndert. Statt sich durch Men\u00fcs zu klicken und auf n\u00e4chtliche Batch-L\u00e4ufe zu warten, fragen Sie einfach:<em>\"Was kostet ein zus\u00e4tzliches DC in Leipzig \u2013 und wie ver\u00e4ndern sich die Servicelevels in S\u00fcddeutschland?\u201e<\/em> \u2013 und erhalten innerhalb von Sekunden eine nachvollziehbare und belastbare Antwort.<\/p><\/div>\n\n\n\n<div class=\"wp-block-stackable-text stk-block-text stk-block stk-1cf3f2c\" data-block-id=\"1cf3f2c\"><style>.stk-1cf3f2c {margin-bottom:12px !important;}<\/style><p class=\"stk-block-text__text\"><strong>Das erwartet Sie:<\/strong><\/p><\/div>\n\n\n\n<ul class=\"wp-block-list\">\n<li>Wie W2MO Ihr gesamtes Netzwerk modelliert \u2013 von <b>strategischem Netzwerkdesign<\/b> bis zur <b>Lagerlayout-Optimierung<\/b> in einer einzigen L\u00f6sung<\/li>\n\n\n\n<li>Wie der <b>W2MO MCP Server<\/b> Ihr LLM (Claude, ChatGPT, Gemini) direkt mit Ihrem Live-Digitalen-Zwilling verbindet<\/li>\n\n\n\n<li>Live Use Cases: On-Demand Training, automatisierte Datenanalyse, Szenarioberatung und Layout-Anpassungen \u2013 gesteuert per nat\u00fcrlicher Sprache<\/li>\n\n\n\n<li>Wo Gen AI 20\u201380 % Projektzeit einsparen kann \u2013 und wo menschliche Expertise weiterhin entscheidend bleibt<\/li>\n<\/ul>\n\n\n\n<div class=\"wp-block-stackable-text stk-block-text stk-block stk-e8451fa\" data-block-id=\"e8451fa\"><style>.stk-e8451fa {margin-top:-15px !important;margin-bottom:0px !important;}<\/style><p class=\"stk-block-text__text\">Ganz gleich, ob Sie Supply-Chain-Software evaluieren oder bereits mit W2MO arbeiten \u2013 diese Session zeigt Ihnen, was m\u00f6glich wird, wenn KI auf ein echtes Entscheidungsmodell trifft und nicht nur auf ein Dashboard mit Chatbot.<\/p><\/div>\n\n\n<\/p>\n\n\n\n<div class=\"wp-block-stackable-expand stk-block-expand stk-block stk-0d9038f\" data-block-id=\"0d9038f\"><div class=\"stk-inner-blocks stk-block-content\">\n<div class=\"wp-block-stackable-button stk-block-button stk-block-expand__show-button stk-block stk-c52f64c\" data-block-id=\"c52f64c\"><a aria-hidden=\"false\" role=\"button\" aria-expanded=\"false\" class=\"stk-link stk-button stk--hover-effect-darken\" href=\"#\"><span class=\"stk-button__inner-text\">Anmelden<\/span><\/a><\/div>\n\n\n\n<div class=\"wp-block-stackable-text stk-block-text stk-block stk-5c2ed49 stk-block-expand__more-text\" aria-hidden=\"true\" data-block-id=\"5c2ed49\"><p class=\"stk-block-text__text\"><form id=\"forminator-module-8232\" class=\"forminator-custom-form forminator-custom-form-8232\" method=\"post\" data-forminator-render=\"0\" data-uid=\"69f40275abca0\" action=\"\"><div role=\"alert\" aria-live=\"polite\" class=\"forminator-response-message forminator-error\" aria-hidden=\"true\"><\/div><input type=\"hidden\" name=\"trp-form-language\" value=\"de\"\/><\/form><\/p><\/div>\n\n\n\n<div class=\"wp-block-stackable-button stk-block-button is-style-link stk-block-expand__hide-button stk-block stk-5fb483c\" data-block-id=\"5fb483c\"><a aria-hidden=\"true\" role=\"button\" aria-expanded=\"true\" class=\"stk-link stk-button stk--hover-effect-darken\" href=\"#\"><span class=\"stk-button__inner-text\">Formular schlie\u00dfen<\/span><\/a><\/div>\n<\/div><\/div>\n\n\n<p>\n\n\n\n<\/div><\/div><\/div>\n\n\n\n<div class=\"wp-block-stackable-column stk-block-column stk-column stk-block stk-58d0646\" data-v=\"4\" data-block-id=\"58d0646\"><style>.stk-58d0646-container{margin-top:40px !important;margin-right:15px !important;}.stk-58d0646 {align-self:flex-start !important;}@media screen and (min-width:690px){.stk-58d0646 {flex:var(--stk-flex-grow, 1) 1 33.3% !important;}}<\/style><div class=\"stk-column-wrapper stk-block-column__content stk-container stk-58d0646-container stk--no-background stk--no-padding\"><div class=\"stk-block-content stk-inner-blocks stk-58d0646-inner-blocks\">\n<figure class=\"wp-block-image aligncenter size-full is-resized\"><img loading=\"lazy\" decoding=\"async\" width=\"1125\" height=\"1125\" src=\"https:\/\/logivations.com\/wp-content\/uploads\/2026\/04\/image145-1.png\" alt=\"\" class=\"wp-image-9769\" style=\"object-fit:cover;width:400px;height:400px\" srcset=\"https:\/\/logivations.com\/wp-content\/uploads\/2026\/04\/image145-1.png 1125w, https:\/\/logivations.com\/wp-content\/uploads\/2026\/04\/image145-1-300x300.png 300w, https:\/\/logivations.com\/wp-content\/uploads\/2026\/04\/image145-1-1024x1024.png 1024w, https:\/\/logivations.com\/wp-content\/uploads\/2026\/04\/image145-1-150x150.png 150w, https:\/\/logivations.com\/wp-content\/uploads\/2026\/04\/image145-1-768x768.png 768w, https:\/\/logivations.com\/wp-content\/uploads\/2026\/04\/image145-1-12x12.png 12w\" sizes=\"auto, (max-width: 1125px) 100vw, 1125px\" \/><\/figure>\n<\/div><\/div><\/div>\n<\/div><\/div>\n<\/div><\/div><\/div>\n<\/div><\/div>\n\n\n\n<div class=\"wp-block-stackable-columns alignfull stk-block-columns stk-block stk-63037b3 stk-block-background stk--has-background-overlay\" data-block-id=\"63037b3\"><style>.stk-63037b3 {background-color:#f9f9f9 !important;background-image:url(https:\/\/www.logivations.com\/wp-content\/uploads\/2023\/11\/solutions-image-01.jpg) !important;padding-top:96px !important;padding-bottom:15px !important;margin-top:30px !important;margin-bottom:10px !important;}.stk-63037b3:before{background-color:#f9f9f9 !important;opacity:0.8 !important;}.stk-63037b3-column{--stk-columns-spacing:14px !important;--stk-column-gap:10px !important;}<\/style><div class=\"stk-row stk-inner-blocks has-text-align-center stk-block-content stk-content-align stk-63037b3-column alignfull\">\n<div class=\"wp-block-stackable-column stk-block-column stk-column stk-block stk-ba1de81\" data-v=\"4\" data-block-id=\"ba1de81\"><div class=\"stk-column-wrapper stk-block-column__content stk-container stk-ba1de81-container stk--no-background stk--no-padding\"><div class=\"stk-block-content stk-inner-blocks stk-ba1de81-inner-blocks\">\n<div class=\"wp-block-stackable-text stk-block-text stk-block stk-c4af4c6\" data-block-id=\"c4af4c6\"><style>.stk-c4af4c6 {margin-bottom:1px !important;}<\/style><p class=\"stk-block-text__text has-text-align-center\"><span style=\"color: var(--theme-palette-color-3, #3A4F66);\" class=\"stk-highlight\">INFORMIEREN SIE SICH AUCH \u00dcBER<\/span><\/p><\/div>\n\n\n\n<div class=\"wp-block-stackable-heading stk-block-heading stk-block-heading--v2 stk-block stk-2903aee\" id=\"a-href-press-news-data-type-link-data-id-https-www-logivations-com-en-solutions-lno-supply-network-planning-php-a-a-href-press-news-span-style-color-var-palette-color-3-3-a-4-f-66-class-stk-highlight-press-and-news-span-a\" data-block-id=\"2903aee\"><style>.stk-2903aee .stk-block-heading__text{color:var(--theme-palette-color-4, #192a3d) !important;}<\/style><h4 class=\"stk-block-heading__text has-text-color has-text-align-center\"><a href=\"\/de\/press-news\/\" data-type=\"link\" data-id=\"https:\/\/www.logivations.com\/en\/solutions\/lno\/supply_network_planning.php\"><\/a><a href=\"https:\/\/logivations.com\/de\/news-events\/fairs-events\/\">Messen und Events<\/a><\/h4><\/div>\n<\/div><\/div><\/div>\n<\/div><\/div>","protected":false},"excerpt":{"rendered":"<p>Optimize Your Logistics \u2013 Tailored to Your Needs! Our Webinars present cutting-edge solutions in supply chain optimization, Digital Twin technology, and AI-supported logistics planning. These formats combine proven methodologies with real-world applications, enabling measurable improvements in both new initiatives and existing operations. We have finalized the concept for our webinars \u2014 ensuring more advanced topics, [&hellip;]<\/p>","protected":false},"author":1,"featured_media":0,"parent":2118,"menu_order":0,"comment_status":"closed","ping_status":"closed","template":"","meta":{"footnotes":""},"class_list":["post-686","page","type-page","status-publish","hentry"],"blocksy_meta":{"has_hero_section":"disabled","styles_descriptor":{"styles":{"desktop":"","tablet":"","mobile":""},"google_fonts":[],"version":6}},"_links":{"self":[{"href":"https:\/\/logivations.com\/de\/wp-json\/wp\/v2\/pages\/686","targetHints":{"allow":["GET"]}}],"collection":[{"href":"https:\/\/logivations.com\/de\/wp-json\/wp\/v2\/pages"}],"about":[{"href":"https:\/\/logivations.com\/de\/wp-json\/wp\/v2\/types\/page"}],"author":[{"embeddable":true,"href":"https:\/\/logivations.com\/de\/wp-json\/wp\/v2\/users\/1"}],"replies":[{"embeddable":true,"href":"https:\/\/logivations.com\/de\/wp-json\/wp\/v2\/comments?post=686"}],"version-history":[{"count":451,"href":"https:\/\/logivations.com\/de\/wp-json\/wp\/v2\/pages\/686\/revisions"}],"predecessor-version":[{"id":9791,"href":"https:\/\/logivations.com\/de\/wp-json\/wp\/v2\/pages\/686\/revisions\/9791"}],"up":[{"embeddable":true,"href":"https:\/\/logivations.com\/de\/wp-json\/wp\/v2\/pages\/2118"}],"wp:attachment":[{"href":"https:\/\/logivations.com\/de\/wp-json\/wp\/v2\/media?parent=686"}],"curies":[{"name":"wp","href":"https:\/\/api.w.org\/{rel}","templated":true}]}}