{"id":6202,"date":"2024-07-31T14:33:12","date_gmt":"2024-07-31T14:33:12","guid":{"rendered":"https:\/\/wp.logivations.com\/?page_id=6202"},"modified":"2025-11-18T14:42:16","modified_gmt":"2025-11-18T14:42:16","slug":"client_and_server_configuration","status":"publish","type":"page","link":"https:\/\/www.logivations.com\/de\/client_and_server_configuration\/","title":{"rendered":"Client and server configuration"},"content":{"rendered":"<div class=\"wp-block-stackable-columns alignfull stk-block-columns stk-block stk-51b2b12 stk-block-background stk--has-background-overlay\" data-block-id=\"51b2b12\"><style>.stk-51b2b12 .stk--block-align-51b2b12{align-items:center !important;}.stk-51b2b12 {background-image:url(https:\/\/www.logivations.com\/wp-content\/uploads\/2024\/07\/consultants.jpg) !important;background-position:bottom center !important;background-repeat:no-repeat !important;background-size:cover !important;padding-top:280px !important;padding-bottom:63px !important;margin-top:-135px !important;}.stk-51b2b12:before{background-color:#000000 !important;opacity:0.6 !important;}.stk-51b2b12-column{--stk-column-gap:35px !important;row-gap:35px !important;}@media screen and (max-width:999px){.stk-51b2b12 {padding-top:250px !important;padding-bottom:150px !important;}}@media screen and (max-width:689px){.stk-51b2b12 {padding-top:186px !important;padding-bottom:100px !important;margin-top:-90px !important;}}<\/style><div class=\"stk-row stk-inner-blocks stk--block-align-51b2b12 stk-block-content stk-content-align stk-51b2b12-column\">\n<div class=\"wp-block-stackable-column stk-block-column stk-column stk-block stk-3a43e6b\" data-v=\"4\" data-block-id=\"3a43e6b\"><style>.stk-3a43e6b-container{margin-top:0px !important;margin-right:0px !important;margin-bottom:0px !important;margin-left:0px !important;}@media screen and (min-width:690px){.stk-3a43e6b {flex:var(--stk-flex-grow, 1) 1 calc(96.8% - var(--stk-column-gap, 0px) * 1 \/ 2 ) !important;}}@media screen and (min-width:690px) and (max-width:999px){.stk-3a43e6b {flex:var(--stk-flex-grow, 1) 1 calc(55% - var(--stk-column-gap, 0px) * 1 \/ 2 ) !important;}}<\/style><div class=\"stk-column-wrapper stk-block-column__content stk-container stk-3a43e6b-container stk--no-background stk--no-padding\"><div class=\"has-text-align-center-mobile stk-block-content stk-inner-blocks stk-3a43e6b-inner-blocks\">\n<h2 class=\"wp-block-heading\"><span style=\"color: var(--theme-palette-color-8, #ffffff);\" class=\"stk-highlight\"><\/span><\/h2>\n\n\n\n<div class=\"wp-block-stackable-heading stk-block-heading stk-block-heading--v2 stk-block stk-7225c59\" id=\"client-and-server-configuration\" data-block-id=\"7225c59\"><style>.stk-7225c59 {margin-bottom:10px !important;}.stk-7225c59 .stk-block-heading__text{font-size:55px !important;color:var(--theme-palette-color-8, #ffffff) !important;}@media screen and (max-width:999px){.stk-7225c59 .stk-block-heading__text{font-size:50px !important;}}<\/style><h1 class=\"stk-block-heading__text has-text-color\">Client und Server Anforderungen<\/h1><\/div>\n<\/div><\/div><\/div>\n\n\n\n<div class=\"wp-block-stackable-column stk-block-column stk-column stk-block stk-0e2597c\" data-v=\"4\" data-block-id=\"0e2597c\"><style>.stk-0e2597c-container{margin-top:0px !important;margin-right:0px !important;margin-bottom:0px !important;margin-left:0px !important;}@media screen and (min-width:690px){.stk-0e2597c {flex:var(--stk-flex-grow, 1) 1 calc(3.2% - var(--stk-column-gap, 0px) * 1 \/ 2 ) !important;}}@media screen and (min-width:690px) and (max-width:999px){.stk-0e2597c {flex:var(--stk-flex-grow, 1) 1 calc(45% - var(--stk-column-gap, 0px) * 1 \/ 2 ) !important;}}<\/style><div class=\"stk-column-wrapper stk-block-column__content stk-container stk-0e2597c-container stk--no-background stk--no-padding\"><div class=\"stk-block-content stk-inner-blocks stk-0e2597c-inner-blocks\"><\/div><\/div><\/div>\n<\/div><\/div>\n\n\n\n<div class=\"wp-block-stackable-heading stk-block-heading stk-block-heading--v2 stk-block stk-5a4b0b8\" id=\"technical-requirements-client\" data-block-id=\"5a4b0b8\"><h2 class=\"stk-block-heading__text\">Technische Anforderungen Client:<\/h2><\/div>\n\n\n\n<div class=\"wp-block-stackable-icon-list stk-block-icon-list stk-block stk-ae9aeb7\" data-block-id=\"ae9aeb7\"><style>.stk-ae9aeb7 .stk-block-icon-list-item__content{gap:4px !important;align-items:baseline !important;}.stk-ae9aeb7 {--stk-icon-list-icon-size:7.75px !important;margin-bottom:0px !important;}<\/style><svg style=\"display:none\"><defs><g id=\"stk-icon-list__icon-svg-def-ae9aeb7\"><svg xmlns=\"http:\/\/www.w3.org\/2000\/svg\" viewbox=\"0 0 190 190\"><polygon points=\"173.8,28.4 60.4,141.8 15.7,97.2 5.1,107.8 60.4,163 184.4,39 173.8,28.4\"\/><\/svg><\/g><\/defs><\/svg><div class=\"stk-block-icon-list__ul stk-block-icon-list--column\"><ul class=\"stk-block-icon-list__group\">\n<li class=\"wp-block-stackable-icon-list-item stk-block-icon-list-item stk-block stk-e1ead8d\" data-block-id=\"e1ead8d\"><div class=\"stk-block-icon-list-item__content\"><span class=\"stk--svg-wrapper\"><div class=\"stk--inner-svg\"><svg aria-hidden=\"true\" width=\"32\" height=\"32\"><use xlink:href=\"#stk-icon-list__icon-svg-def-ae9aeb7\"><\/use><\/svg><\/div><\/span><span class=\"stk-block-icon-list-item__text\">Software: keine Softwareinstallation erforderlich; lediglich ein HTML5- und WebGL-f\u00e4higer Browser in den aktuellen Versionen, z. B. Google Chrome, Mozilla Firefox, Microsoft Edge, Opera <\/span><\/div><\/li>\n\n\n\n<li class=\"wp-block-stackable-icon-list-item stk-block-icon-list-item stk-block stk-2d7104a\" data-block-id=\"2d7104a\"><div class=\"stk-block-icon-list-item__content\"><span class=\"stk--svg-wrapper\"><div class=\"stk--inner-svg\"><svg aria-hidden=\"true\" width=\"32\" height=\"32\"><use xlink:href=\"#stk-icon-list__icon-svg-def-ae9aeb7\"><\/use><\/svg><\/div><\/span><span class=\"stk-block-icon-list-item__text\">Hardware: f\u00fcr 3D-Visualisierung: Mittelklasse Grafikkarte mit 3D-Chip<\/span><\/div><\/li>\n\n\n\n<li class=\"wp-block-stackable-icon-list-item stk-block-icon-list-item stk-block stk-b27c1de\" data-block-id=\"b27c1de\"><div class=\"stk-block-icon-list-item__content\"><span class=\"stk--svg-wrapper\"><div class=\"stk--inner-svg\"><svg aria-hidden=\"true\" width=\"32\" height=\"32\"><use xlink:href=\"#stk-icon-list__icon-svg-def-ae9aeb7\"><\/use><\/svg><\/div><\/span><span class=\"stk-block-icon-list-item__text\">Ports: HTTP Verbindung zum Server (Standard TCP 8080)<\/span><\/div><\/li>\n<\/ul><\/div><\/div>\n\n\n\n<p>Cloud Version (falls Subskription bestellt wurde):<br>Der Zugriff erfolgt \u00fcber den Link. Alle Daten\u00fcbertragungen erfolgen \u00fcber eine 256 Bit AES-gesicherte Verbindung.<\/p>\n\n\n\n<div class=\"wp-block-stackable-heading stk-block-heading stk-block-heading--v2 stk-block stk-689efe1\" id=\"technical-requirements-server\" data-block-id=\"689efe1\"><h2 class=\"stk-block-heading__text\">Technische Anforderungen Server<\/h2><\/div>\n\n\n\n<h3 class=\"wp-block-heading\">W2MO<\/h3>\n\n\n\n<h5 class=\"wp-block-heading has-medium-font-size\">Software<\/h5>\n\n\n\n<div class=\"wp-block-stackable-icon-list stk-block-icon-list stk-block stk-214172f\" data-block-id=\"214172f\"><style>.stk-214172f .stk-block-icon-list-item__content{gap:4px !important;align-items:baseline !important;}.stk-214172f {--stk-icon-list-icon-size:7.75px !important;margin-top:24px !important;}<\/style><svg style=\"display:none\"><defs><g id=\"stk-icon-list__icon-svg-def-214172f\"><svg xmlns=\"http:\/\/www.w3.org\/2000\/svg\" viewbox=\"0 0 190 190\"><polygon points=\"173.8,28.4 60.4,141.8 15.7,97.2 5.1,107.8 60.4,163 184.4,39 173.8,28.4\"\/><\/svg><\/g><\/defs><\/svg><div class=\"stk-block-icon-list__ul stk-block-icon-list--column\"><ul class=\"stk-block-icon-list__group\">\n<li class=\"wp-block-stackable-icon-list-item stk-block-icon-list-item stk-block stk-eb2e053\" data-block-id=\"eb2e053\"><div class=\"stk-block-icon-list-item__content\"><span class=\"stk--svg-wrapper\"><div class=\"stk--inner-svg\"><svg aria-hidden=\"true\" width=\"32\" height=\"32\"><use xlink:href=\"#stk-icon-list__icon-svg-def-214172f\"><\/use><\/svg><\/div><\/span><span class=\"stk-block-icon-list-item__text\">W2MO runs on OpenJDK 21 with Tomcat 10<\/span><\/div><\/li>\n\n\n\n<li class=\"wp-block-stackable-icon-list-item stk-block-icon-list-item stk-block stk-2c1497a\" data-block-id=\"2c1497a\"><div class=\"stk-block-icon-list-item__content\"><span class=\"stk--svg-wrapper\"><div class=\"stk--inner-svg\"><svg aria-hidden=\"true\" width=\"32\" height=\"32\"><use xlink:href=\"#stk-icon-list__icon-svg-def-214172f\"><\/use><\/svg><\/div><\/span><span class=\"stk-block-icon-list-item__text\">W2MO nutzt MariaDB 10 als Datenbank. Die Zeitzone des MariaDB Servers muss mit der Serverzeit \u00fcbereinstimmen.<\/span><\/div><\/li>\n\n\n\n<li class=\"wp-block-stackable-icon-list-item stk-block-icon-list-item stk-block stk-86ee320\" data-block-id=\"86ee320\"><div class=\"stk-block-icon-list-item__content\"><span class=\"stk--svg-wrapper\"><div class=\"stk--inner-svg\"><svg aria-hidden=\"true\" width=\"32\" height=\"32\"><use xlink:href=\"#stk-icon-list__icon-svg-def-214172f\"><\/use><\/svg><\/div><\/span><span class=\"stk-block-icon-list-item__text\">JDK, Tomcat und MariaDB k\u00f6nnen direkt auf dem Server installiert werden oder \u00fcber Docker Images in einem Container genutzt werden<\/span><\/div><\/li>\n\n\n\n<li class=\"wp-block-stackable-icon-list-item stk-block-icon-list-item stk-block stk-ebd428e\" data-block-id=\"ebd428e\"><div class=\"stk-block-icon-list-item__content\"><span class=\"stk--svg-wrapper\"><div class=\"stk--inner-svg\"><svg aria-hidden=\"true\" width=\"32\" height=\"32\"><use xlink:href=\"#stk-icon-list__icon-svg-def-214172f\"><\/use><\/svg><\/div><\/span><span class=\"stk-block-icon-list-item__text\">Wir unterst\u00fctzen Betriebssysteme auf Basis von 64 bit linux: Linux 4.18 oder neuer; auf Basis von RPM (e.g. RHEL or CentOS), auf Basis von Debian ODER  Windows 7, 10, 11 oder neuer (64-bit)<\/span><\/div><\/li>\n\n\n\n<li class=\"wp-block-stackable-icon-list-item stk-block-icon-list-item stk-block stk-6b939e0\" data-block-id=\"6b939e0\"><div class=\"stk-block-icon-list-item__content\"><span class=\"stk--svg-wrapper\"><div class=\"stk--inner-svg\"><svg aria-hidden=\"true\" width=\"32\" height=\"32\"><use xlink:href=\"#stk-icon-list__icon-svg-def-214172f\"><\/use><\/svg><\/div><\/span><span class=\"stk-block-icon-list-item__text\">F\u00fcr die Installation und Wartung ist admin\/root (sudo-Modus unter Linux) f\u00fcr die erforderlichen Komponenten erforderlich (z. B. Root-Benutzer und Rechte f\u00fcr Java, MariaDB, TomCat), z. B. SSH-, VNC-, RDP-Zugriff oder Zugriff \u00fcber AnyDesk oder TeamViewer f\u00fcr die Fernwartung.<\/span><\/div><\/li>\n<\/ul><\/div><\/div>\n\n\n\n<h5 class=\"wp-block-heading has-medium-font-size\">Hardware<\/h5>\n\n\n\n<div class=\"wp-block-stackable-icon-list stk-block-icon-list stk-block stk-f84a3b0\" data-block-id=\"f84a3b0\"><style>.stk-f84a3b0 .stk-block-icon-list-item__content{gap:4px !important;align-items:baseline !important;}.stk-f84a3b0 {--stk-icon-list-icon-size:7.75px !important;margin-top:24px !important;}<\/style><svg style=\"display:none\"><defs><g id=\"stk-icon-list__icon-svg-def-f84a3b0\"><svg xmlns=\"http:\/\/www.w3.org\/2000\/svg\" viewbox=\"0 0 190 190\"><polygon points=\"173.8,28.4 60.4,141.8 15.7,97.2 5.1,107.8 60.4,163 184.4,39 173.8,28.4\"\/><\/svg><\/g><\/defs><\/svg><div class=\"stk-block-icon-list__ul stk-block-icon-list--column\"><ul class=\"stk-block-icon-list__group\">\n<li class=\"wp-block-stackable-icon-list-item stk-block-icon-list-item stk-block stk-ef8e580\" data-block-id=\"ef8e580\"><div class=\"stk-block-icon-list-item__content\"><span class=\"stk--svg-wrapper\"><div class=\"stk--inner-svg\"><svg aria-hidden=\"true\" width=\"32\" height=\"32\"><use xlink:href=\"#stk-icon-list__icon-svg-def-f84a3b0\"><\/use><\/svg><\/div><\/span><span class=\"stk-block-icon-list-item__text\">Min 32 GB RAM, ggf. mehr erforderlich f\u00fcr sehr gro\u00dfe Layouts<\/span><\/div><\/li>\n\n\n\n<li class=\"wp-block-stackable-icon-list-item stk-block-icon-list-item stk-block stk-48d4b6a\" data-block-id=\"48d4b6a\"><div class=\"stk-block-icon-list-item__content\"><span class=\"stk--svg-wrapper\"><div class=\"stk--inner-svg\"><svg aria-hidden=\"true\" width=\"32\" height=\"32\"><use xlink:href=\"#stk-icon-list__icon-svg-def-f84a3b0\"><\/use><\/svg><\/div><\/span><span class=\"stk-block-icon-list-item__text\">1 TB SSD Speicher, mehr ist ggf. erforderlich f\u00fcr gro\u00dfe Layouts und Backups<\/span><\/div><\/li>\n\n\n\n<li class=\"wp-block-stackable-icon-list-item stk-block-icon-list-item stk-block stk-cec8ff2\" data-block-id=\"cec8ff2\"><div class=\"stk-block-icon-list-item__content\"><span class=\"stk--svg-wrapper\"><div class=\"stk--inner-svg\"><svg aria-hidden=\"true\" width=\"32\" height=\"32\"><use xlink:href=\"#stk-icon-list__icon-svg-def-f84a3b0\"><\/use><\/svg><\/div><\/span><span class=\"stk-block-icon-list-item__text\">min. 6 CPU Kerne<\/span><\/div><\/li>\n\n\n\n<li class=\"wp-block-stackable-icon-list-item stk-block-icon-list-item stk-block stk-e9110f1\" data-block-id=\"e9110f1\"><div class=\"stk-block-icon-list-item__content\"><span class=\"stk--svg-wrapper\"><div class=\"stk--inner-svg\"><svg aria-hidden=\"true\" width=\"32\" height=\"32\"><use xlink:href=\"#stk-icon-list__icon-svg-def-f84a3b0\"><\/use><\/svg><\/div><\/span><span class=\"stk-block-icon-list-item__text\">Ports im Intranet verf\u00fcgbar: HTTP-Zugriff f\u00fcr die Anwender<\/span><\/div><\/li>\n\n\n\n<li class=\"wp-block-stackable-icon-list-item stk-block-icon-list-item stk-block stk-be5a974\" data-block-id=\"be5a974\"><div class=\"stk-block-icon-list-item__content\"><span class=\"stk--svg-wrapper\"><div class=\"stk--inner-svg\"><svg aria-hidden=\"true\" width=\"32\" height=\"32\"><use xlink:href=\"#stk-icon-list__icon-svg-def-f84a3b0\"><\/use><\/svg><\/div><\/span><span class=\"stk-block-icon-list-item__text\">Datensicherung durch RAID-System, Back-up von DB-Dateien auf Betriebsystemebene bei Bedarf, periodisches Layout-Backup<\/span><\/div><\/li>\n<\/ul><\/div><\/div>\n\n\n\n<h3 class=\"wp-block-heading\">Tracking &amp; AMR: Camera Server<\/h3>\n\n\n\n<div class=\"wp-block-stackable-icon-list stk-block-icon-list stk-block stk-9a10a1c\" data-block-id=\"9a10a1c\"><style>.stk-9a10a1c .stk-block-icon-list-item__content{gap:4px !important;align-items:baseline !important;}.stk-9a10a1c {--stk-icon-list-icon-size:7.75px !important;}<\/style><svg style=\"display:none\"><defs><g id=\"stk-icon-list__icon-svg-def-9a10a1c\"><svg xmlns=\"http:\/\/www.w3.org\/2000\/svg\" viewbox=\"0 0 190 190\"><polygon points=\"173.8,28.4 60.4,141.8 15.7,97.2 5.1,107.8 60.4,163 184.4,39 173.8,28.4\"\/><\/svg><\/g><\/defs><\/svg><div class=\"stk-block-icon-list__ul stk-block-icon-list--column\"><ul class=\"stk-block-icon-list__group\">\n<li class=\"wp-block-stackable-icon-list-item stk-block-icon-list-item stk-block stk-72f7aa2\" data-block-id=\"72f7aa2\"><div class=\"stk-block-icon-list-item__content\"><span class=\"stk--svg-wrapper\"><div class=\"stk--inner-svg\"><svg aria-hidden=\"true\" width=\"32\" height=\"32\"><use xlink:href=\"#stk-icon-list__icon-svg-def-9a10a1c\"><\/use><\/svg><\/div><\/span><span class=\"stk-block-icon-list-item__text\">Der Server muss lokal vor Ort mit einer direkten Gbit-LAN-Verbindung zu den Erkennungseinheiten ODER in einem nahe gelegenen Rechenzentrum mit einer stabilen Verbindung mit geringer Latenz installiert sein.<\/span><\/div><\/li>\n\n\n\n<li class=\"wp-block-stackable-icon-list-item stk-block-icon-list-item stk-block stk-3de29e0\" data-block-id=\"3de29e0\"><div class=\"stk-block-icon-list-item__content\"><span class=\"stk--svg-wrapper\"><div class=\"stk--inner-svg\"><svg aria-hidden=\"true\" width=\"32\" height=\"32\"><use xlink:href=\"#stk-icon-list__icon-svg-def-9a10a1c\"><\/use><\/svg><\/div><\/span><span class=\"stk-block-icon-list-item__text\">Unsere Software l\u00e4uft in einem Docker-Image. Daher ben\u00f6tigen wir ein Linux-basiertes Betriebssystem mit Docker 19 oder h\u00f6her und einem aktuellen Nvidia-Treiber, z. B. Ubuntu 22 oder 24.<\/span><\/div><\/li>\n\n\n\n<li class=\"wp-block-stackable-icon-list-item stk-block-icon-list-item stk-block stk-153c0cd\" data-block-id=\"153c0cd\"><div class=\"stk-block-icon-list-item__content\"><span class=\"stk--svg-wrapper\"><div class=\"stk--inner-svg\"><svg aria-hidden=\"true\" width=\"32\" height=\"32\"><use xlink:href=\"#stk-icon-list__icon-svg-def-9a10a1c\"><\/use><\/svg><\/div><\/span><span class=\"stk-block-icon-list-item__text\">32 GB RAM<\/span><\/div><\/li>\n\n\n\n<li class=\"wp-block-stackable-icon-list-item stk-block-icon-list-item stk-block stk-d140240\" data-block-id=\"d140240\"><div class=\"stk-block-icon-list-item__content\"><span class=\"stk--svg-wrapper\"><div class=\"stk--inner-svg\"><svg aria-hidden=\"true\" width=\"32\" height=\"32\"><use xlink:href=\"#stk-icon-list__icon-svg-def-9a10a1c\"><\/use><\/svg><\/div><\/span><span class=\"stk-block-icon-list-item__text\">1 TB SSD<\/span><\/div><\/li>\n\n\n\n<li class=\"wp-block-stackable-icon-list-item stk-block-icon-list-item stk-block stk-2e04c83\" data-block-id=\"2e04c83\"><div class=\"stk-block-icon-list-item__content\"><span class=\"stk--svg-wrapper\"><div class=\"stk--inner-svg\"><svg aria-hidden=\"true\" width=\"32\" height=\"32\"><use xlink:href=\"#stk-icon-list__icon-svg-def-9a10a1c\"><\/use><\/svg><\/div><\/span><span class=\"stk-block-icon-list-item__text\">Mindestens 8 CPU-Kerne f\u00fcr bis zu 100 Kameras; 12 Kerne f\u00fcr bis zu 200 Kameras; 16 Kerne f\u00fcr bis zu 300 Kameras und 20 Kerne f\u00fcr bis zu 500 Kameras<\/span><\/div><\/li>\n\n\n\n<li class=\"wp-block-stackable-icon-list-item stk-block-icon-list-item stk-block stk-51f7660\" data-block-id=\"51f7660\"><div class=\"stk-block-icon-list-item__content\"><span class=\"stk--svg-wrapper\"><div class=\"stk--inner-svg\"><svg aria-hidden=\"true\" width=\"32\" height=\"32\"><use xlink:href=\"#stk-icon-list__icon-svg-def-9a10a1c\"><\/use><\/svg><\/div><\/span><span class=\"stk-block-icon-list-item__text\">F\u00fcr die Installation und Wartung ist admin\/root (sudo-Modus unter Linux) erforderlich.<\/span><\/div><\/li>\n\n\n\n<li class=\"wp-block-stackable-icon-list-item stk-block-icon-list-item stk-block stk-639b5aa\" data-block-id=\"639b5aa\"><div class=\"stk-block-icon-list-item__content\"><span class=\"stk--svg-wrapper\"><div class=\"stk--inner-svg\"><svg aria-hidden=\"true\" width=\"32\" height=\"32\"><use xlink:href=\"#stk-icon-list__icon-svg-def-9a10a1c\"><\/use><\/svg><\/div><\/span><span class=\"stk-block-icon-list-item__text\">F\u00fcr einige Anwendungsf\u00e4lle ist eine GPU erforderlich, wird im Rahmen des Projekts gekl\u00e4rt<\/span><\/div><\/li>\n<\/ul><\/div><\/div>\n\n\n\n<h2 class=\"wp-block-heading\">Identifikationsarbeitsplatz &amp; KI-basierte Erkennung<\/h2>\n\n\n\n<div class=\"wp-block-stackable-icon-list stk-block-icon-list stk-block stk-13aed75\" data-block-id=\"13aed75\"><style>.stk-13aed75 .stk-block-icon-list-item__content{gap:4px !important;align-items:baseline !important;}.stk-13aed75 {--stk-icon-list-icon-size:7.75px !important;}<\/style><svg style=\"display:none\"><defs><g id=\"stk-icon-list__icon-svg-def-13aed75\"><svg xmlns=\"http:\/\/www.w3.org\/2000\/svg\" viewbox=\"0 0 190 190\"><polygon points=\"173.8,28.4 60.4,141.8 15.7,97.2 5.1,107.8 60.4,163 184.4,39 173.8,28.4\"\/><\/svg><\/g><\/defs><\/svg><div class=\"stk-block-icon-list__ul stk-block-icon-list--column\"><ul class=\"stk-block-icon-list__group\">\n<li class=\"wp-block-stackable-icon-list-item stk-block-icon-list-item stk-block stk-17f063b\" data-block-id=\"17f063b\"><div class=\"stk-block-icon-list-item__content\"><span class=\"stk--svg-wrapper\"><div class=\"stk--inner-svg\"><svg aria-hidden=\"true\" width=\"32\" height=\"32\"><use xlink:href=\"#stk-icon-list__icon-svg-def-13aed75\"><\/use><\/svg><\/div><\/span><span class=\"stk-block-icon-list-item__text\">Kamera (Model h\u00e4ngt vom Anwendungsfall ab)<\/span><\/div><\/li>\n\n\n\n<li class=\"wp-block-stackable-icon-list-item stk-block-icon-list-item stk-block stk-35f0787\" data-block-id=\"35f0787\"><div class=\"stk-block-icon-list-item__content\"><span class=\"stk--svg-wrapper\"><div class=\"stk--inner-svg\"><svg aria-hidden=\"true\" width=\"32\" height=\"32\"><use xlink:href=\"#stk-icon-list__icon-svg-def-13aed75\"><\/use><\/svg><\/div><\/span><span class=\"stk-block-icon-list-item__text\">Recognition Box mit GPU (Leistungsanforderungen individuell zu kl\u00e4ren)<\/span><\/div><\/li>\n\n\n\n<li class=\"wp-block-stackable-icon-list-item stk-block-icon-list-item stk-block stk-70cb03f\" data-block-id=\"70cb03f\"><div class=\"stk-block-icon-list-item__content\"><span class=\"stk--svg-wrapper\"><div class=\"stk--inner-svg\"><svg aria-hidden=\"true\" width=\"32\" height=\"32\"><use xlink:href=\"#stk-icon-list__icon-svg-def-13aed75\"><\/use><\/svg><\/div><\/span><span class=\"stk-block-icon-list-item__text\">Typische Hardware f\u00fcr Recognition Box: Windows \/ Linux PC mit NVIDIA GeForce GTX 1080 (oder leistungsf\u00e4higer)<\/span><\/div><\/li>\n\n\n\n<li class=\"wp-block-stackable-icon-list-item stk-block-icon-list-item stk-block stk-6a07717\" data-block-id=\"6a07717\"><div class=\"stk-block-icon-list-item__content\"><span class=\"stk--svg-wrapper\"><div class=\"stk--inner-svg\"><svg aria-hidden=\"true\" width=\"32\" height=\"32\"><use xlink:href=\"#stk-icon-list__icon-svg-def-13aed75\"><\/use><\/svg><\/div><\/span><span class=\"stk-block-icon-list-item__text\">W2MO Lizenz<\/span><\/div><\/li>\n<\/ul><\/div><\/div>\n\n\n\n<h2 class=\"wp-block-heading\">Stapler Terminal<\/h2>\n\n\n\n<div class=\"wp-block-stackable-icon-list stk-block-icon-list stk-block stk-8e35261\" data-block-id=\"8e35261\"><style>.stk-8e35261 .stk-block-icon-list-item__content{gap:4px !important;align-items:baseline !important;}.stk-8e35261 {--stk-icon-list-icon-size:7.75px !important;}<\/style><svg style=\"display:none\"><defs><g id=\"stk-icon-list__icon-svg-def-8e35261\"><svg xmlns=\"http:\/\/www.w3.org\/2000\/svg\" viewbox=\"0 0 190 190\"><polygon points=\"173.8,28.4 60.4,141.8 15.7,97.2 5.1,107.8 60.4,163 184.4,39 173.8,28.4\"\/><\/svg><\/g><\/defs><\/svg><div class=\"stk-block-icon-list__ul stk-block-icon-list--column\"><ul class=\"stk-block-icon-list__group\">\n<li class=\"wp-block-stackable-icon-list-item stk-block-icon-list-item stk-block stk-bc179c3\" data-block-id=\"bc179c3\"><div class=\"stk-block-icon-list-item__content\"><span class=\"stk--svg-wrapper\"><div class=\"stk--inner-svg\"><svg aria-hidden=\"true\" width=\"32\" height=\"32\"><use xlink:href=\"#stk-icon-list__icon-svg-def-8e35261\"><\/use><\/svg><\/div><\/span><span class=\"stk-block-icon-list-item__text\">Tablet mit Touchscreen, mindestens 7 Zoll, 10 Zoll empfohlen<\/span><\/div><\/li>\n\n\n\n<li class=\"wp-block-stackable-icon-list-item stk-block-icon-list-item stk-block stk-d22cae7\" data-block-id=\"d22cae7\"><div class=\"stk-block-icon-list-item__content\"><span class=\"stk--svg-wrapper\"><div class=\"stk--inner-svg\"><svg aria-hidden=\"true\" width=\"32\" height=\"32\"><use xlink:href=\"#stk-icon-list__icon-svg-def-8e35261\"><\/use><\/svg><\/div><\/span><span class=\"stk-block-icon-list-item__text\">Android 11, iOS 15 oder neuer<\/span><\/div><\/li>\n\n\n\n<li class=\"wp-block-stackable-icon-list-item stk-block-icon-list-item stk-block stk-f3de61d\" data-block-id=\"f3de61d\"><div class=\"stk-block-icon-list-item__content\"><span class=\"stk--svg-wrapper\"><div class=\"stk--inner-svg\"><svg aria-hidden=\"true\" width=\"32\" height=\"32\"><use xlink:href=\"#stk-icon-list__icon-svg-def-8e35261\"><\/use><\/svg><\/div><\/span><span class=\"stk-block-icon-list-item__text\">GPU: ARM Mali-G52 oder besser<\/span><\/div><\/li>\n\n\n\n<li class=\"wp-block-stackable-icon-list-item stk-block-icon-list-item stk-block stk-b82f910\" data-block-id=\"b82f910\"><div class=\"stk-block-icon-list-item__content\"><span class=\"stk--svg-wrapper\"><div class=\"stk--inner-svg\"><svg aria-hidden=\"true\" width=\"32\" height=\"32\"><use xlink:href=\"#stk-icon-list__icon-svg-def-8e35261\"><\/use><\/svg><\/div><\/span><span class=\"stk-block-icon-list-item__text\">CPU: 6x ARM-A75 oder besser<\/span><\/div><\/li>\n<\/ul><\/div><\/div>\n\n\n\n<p><\/p>","protected":false},"excerpt":{"rendered":"<p>CLIENT AND SERVER CONFIGURATION Technical Requirements Client: Cloud access (if subscription was booked):Access is via the link. All connections are made through a 256-bit AES -secured connection. Technical Requirements Server W2MO Software Hardware Tracking &amp; AMR: Camera Server Identification Workplace &amp; AI recognition Forklift Terminal<\/p>","protected":false},"author":1,"featured_media":0,"parent":0,"menu_order":0,"comment_status":"closed","ping_status":"closed","template":"","meta":{"footnotes":""},"class_list":["post-6202","page","type-page","status-publish","hentry"],"blocksy_meta":[],"_links":{"self":[{"href":"https:\/\/www.logivations.com\/de\/wp-json\/wp\/v2\/pages\/6202","targetHints":{"allow":["GET"]}}],"collection":[{"href":"https:\/\/www.logivations.com\/de\/wp-json\/wp\/v2\/pages"}],"about":[{"href":"https:\/\/www.logivations.com\/de\/wp-json\/wp\/v2\/types\/page"}],"author":[{"embeddable":true,"href":"https:\/\/www.logivations.com\/de\/wp-json\/wp\/v2\/users\/1"}],"replies":[{"embeddable":true,"href":"https:\/\/www.logivations.com\/de\/wp-json\/wp\/v2\/comments?post=6202"}],"version-history":[{"count":21,"href":"https:\/\/www.logivations.com\/de\/wp-json\/wp\/v2\/pages\/6202\/revisions"}],"predecessor-version":[{"id":9125,"href":"https:\/\/www.logivations.com\/de\/wp-json\/wp\/v2\/pages\/6202\/revisions\/9125"}],"wp:attachment":[{"href":"https:\/\/www.logivations.com\/de\/wp-json\/wp\/v2\/media?parent=6202"}],"curies":[{"name":"wp","href":"https:\/\/api.w.org\/{rel}","templated":true}]}}