{"id":5669,"date":"2024-07-12T13:37:51","date_gmt":"2024-07-12T13:37:51","guid":{"rendered":"http:\/\/18.159.134.110\/?page_id=5669"},"modified":"2025-11-24T15:58:58","modified_gmt":"2025-11-24T15:58:58","slug":"video-demo-registration","status":"publish","type":"page","link":"https:\/\/www.logivations.com\/de\/video-demo-registration\/","title":{"rendered":"Video Demo Registration"},"content":{"rendered":"<div class=\"wp-block-stackable-columns alignfull stk-block-columns stk-block stk-51b2b12 stk-block-background stk--has-background-overlay\" data-block-id=\"51b2b12\"><style>.stk-51b2b12 .stk--block-align-51b2b12{align-items:center !important;}.stk-51b2b12 {background-image:url(https:\/\/www.logivations.com\/wp-content\/uploads\/2024\/07\/consultants.jpg) !important;background-position:bottom center !important;background-repeat:no-repeat !important;background-size:cover !important;padding-top:280px !important;padding-bottom:63px !important;margin-top:-135px !important;}.stk-51b2b12:before{background-color:#000000 !important;opacity:0.6 !important;}.stk-51b2b12-column{--stk-column-gap:35px !important;row-gap:35px !important;}@media screen and (max-width:999px){.stk-51b2b12 {padding-top:250px !important;padding-bottom:150px !important;}}@media screen and (max-width:689px){.stk-51b2b12 {padding-top:186px !important;padding-bottom:100px !important;margin-top:-90px !important;}}<\/style><div class=\"stk-row stk-inner-blocks stk--block-align-51b2b12 stk-block-content stk-content-align stk-51b2b12-column\">\n<div class=\"wp-block-stackable-column stk-block-column stk-column stk-block stk-3a43e6b\" data-v=\"4\" data-block-id=\"3a43e6b\"><style>.stk-3a43e6b-container{margin-top:0px !important;margin-right:0px !important;margin-bottom:0px !important;margin-left:0px !important;}@media screen and (min-width:690px){.stk-3a43e6b {flex:var(--stk-flex-grow, 1) 1 calc(96.8% - var(--stk-column-gap, 0px) * 1 \/ 2 ) !important;}}@media screen and (min-width:690px) and (max-width:999px){.stk-3a43e6b {flex:var(--stk-flex-grow, 1) 1 calc(55% - var(--stk-column-gap, 0px) * 1 \/ 2 ) !important;}}<\/style><div class=\"stk-column-wrapper stk-block-column__content stk-container stk-3a43e6b-container stk--no-background stk--no-padding\"><div class=\"has-text-align-center-mobile stk-block-content stk-inner-blocks stk-3a43e6b-inner-blocks\">\n<h2 class=\"wp-block-heading\"><span style=\"color: var(--theme-palette-color-8, #ffffff);\" class=\"stk-highlight\"><\/span><\/h2>\n\n\n\n<div class=\"wp-block-stackable-heading stk-block-heading stk-block-heading--v2 stk-block stk-7225c59\" id=\"registration-for-live-video-demo\" data-block-id=\"7225c59\"><style>.stk-7225c59 {margin-bottom:10px !important;}.stk-7225c59 .stk-block-heading__text{font-size:55px !important;color:var(--theme-palette-color-8, #ffffff) !important;}@media screen and (max-width:999px){.stk-7225c59 .stk-block-heading__text{font-size:40px !important;}}@media screen and (max-width:689px){.stk-7225c59 .stk-block-heading__text{font-size:30px !important;}}<\/style><h1 class=\"stk-block-heading__text has-text-color\">Anmeldung Video-Demo<\/h1><\/div>\n\n\n\n<div class=\"wp-block-stackable-text stk-block-text stk-block stk-81505a5\" data-block-id=\"81505a5\"><style>.stk-81505a5 .stk-block-text__text{font-size:19px !important;color:var(--theme-palette-color-8, #ffffff) !important;}@media screen and (max-width:999px){.stk-81505a5 .stk-block-text__text{font-size:19px !important;}}<\/style><p class=\"stk-block-text__text has-text-color\"><strong><strong>Registrieren Sie sie f\u00fcr eine kostenlose Demo unserer innovativen L\u00f6sungen.<\/strong><\/strong><\/p><\/div>\n<\/div><\/div><\/div>\n\n\n\n<div class=\"wp-block-stackable-column stk-block-column stk-column stk-block stk-0e2597c\" data-v=\"4\" data-block-id=\"0e2597c\"><style>.stk-0e2597c-container{margin-top:0px !important;margin-right:0px !important;margin-bottom:0px !important;margin-left:0px !important;}@media screen and (min-width:690px){.stk-0e2597c {flex:var(--stk-flex-grow, 1) 1 calc(3.2% - var(--stk-column-gap, 0px) * 1 \/ 2 ) !important;}}@media screen and (min-width:690px) and (max-width:999px){.stk-0e2597c {flex:var(--stk-flex-grow, 1) 1 calc(45% - var(--stk-column-gap, 0px) * 1 \/ 2 ) !important;}}<\/style><div class=\"stk-column-wrapper stk-block-column__content stk-container stk-0e2597c-container stk--no-background stk--no-padding\"><div class=\"stk-block-content stk-inner-blocks stk-0e2597c-inner-blocks\"><\/div><\/div><\/div>\n<\/div><\/div>\n\n\n\n\n\n<\/p>\n\n\n\n<div class=\"forminator-guttenberg\"><div class=\"forminator-ui forminator-custom-form forminator-custom-form-5579 forminator-design--default forminator-custom forminator_ajax\" data-forminator-render=\"0\" data-form=\"forminator-module-5579\" data-uid=\"69d762584af27\"><br\/><\/div><form\n\t\t\t\tid=\"forminator-module-5579\"\n\t\t\t\tclass=\"forminator-ui forminator-custom-form forminator-custom-form-5579 forminator-design--default forminator-custom forminator_ajax\"\n\t\t\t\tmethod=\"post\"\n\t\t\t\tdata-forminator-render=\"0\"\n\t\t\t\tdata-form-id=\"5579\"\n\t\t\t\t\n\t\t\t\tdata-design=\"default\"\n\t\t\t\t\n\t\t\t\t\n\t\t\t\t\n\t\t\t\tdata-grid=\"custom\"\n\t\t\t\t\n\t\t\t\t\n\t\t\t\tstyle=\"display: none;\"\n\t\t\t\t\n\t\t\t\tdata-uid=\"69d762584af27\" action=\"\"\n\t\t\t><div role=\"alert\" aria-live=\"polite\" class=\"forminator-response-message forminator-error\" aria-hidden=\"true\"><\/div><div class=\"forminator-row\"><div id=\"radio-2\" class=\"forminator-field-radio forminator-col forminator-col-12\"><div role=\"radiogroup\" class=\"forminator-field\" aria-labelledby=\"forminator-radiogroup-radio-2-69d762584af27-label\"><span id=\"forminator-radiogroup-radio-2-69d762584af27-label\" class=\"forminator-label\">Anrede <span class=\"forminator-required\">*<\/span><\/span><label id=\"forminator-field-radio-2-label-1\" for=\"forminator-field-radio-2-1-69d762584af27\" class=\"forminator-radio\" title=\"Herr\"><input type=\"radio\" name=\"radio-2\" value=\"one\" id=\"forminator-field-radio-2-1-69d762584af27\" aria-labelledby=\"forminator-field-radio-2-label-1\" data-calculation=\"0\"   data-hidden-behavior=\"zero\"\/><span class=\"forminator-radio-bullet\" aria-hidden=\"true\"><\/span><span class=\"forminator-radio-label\">Herr<\/span><\/label><label id=\"forminator-field-radio-2-label-2\" for=\"forminator-field-radio-2-2-69d762584af27\" class=\"forminator-radio\" title=\"Frau\"><input type=\"radio\" name=\"radio-2\" value=\"two\" id=\"forminator-field-radio-2-2-69d762584af27\" aria-labelledby=\"forminator-field-radio-2-label-2\" data-calculation=\"0\"   data-hidden-behavior=\"zero\"\/><span class=\"forminator-radio-bullet\" aria-hidden=\"true\"><\/span><span class=\"forminator-radio-label\">Frau<\/span><\/label><\/div><\/div><\/div><div class=\"forminator-row\"><div id=\"name-1\" class=\"forminator-field-name forminator-col forminator-col-12\"><div class=\"forminator-field\"><label for=\"forminator-field-name-1_69d762584af27\" id=\"forminator-field-name-1_69d762584af27-label\" class=\"forminator-label\">Vorname <span class=\"forminator-required\">*<\/span><\/label><input type=\"text\" name=\"name-1\" value=\"\" placeholder=\"Ihr Vorname\" id=\"forminator-field-name-1_69d762584af27\" class=\"forminator-input forminator-name--field\" aria-required=\"true\" \/><\/div><\/div><\/div><div class=\"forminator-row\"><div id=\"name-2\" class=\"forminator-field-name forminator-col forminator-col-12\"><div class=\"forminator-field\"><label for=\"forminator-field-name-2_69d762584af27\" id=\"forminator-field-name-2_69d762584af27-label\" class=\"forminator-label\">Nachname <span class=\"forminator-required\">*<\/span><\/label><input type=\"text\" name=\"name-2\" value=\"\" placeholder=\"Ihr Nachname\" id=\"forminator-field-name-2_69d762584af27\" class=\"forminator-input forminator-name--field\" aria-required=\"true\" \/><\/div><\/div><\/div><div class=\"forminator-row\"><div id=\"email-1\" class=\"forminator-field-email forminator-col forminator-col-12\"><div class=\"forminator-field\"><label for=\"forminator-field-email-1_69d762584af27\" id=\"forminator-field-email-1_69d762584af27-label\" class=\"forminator-label\">E-mail <span class=\"forminator-required\">*<\/span><\/label><input type=\"email\" name=\"email-1\" value=\"\" placeholder=\"Ihr E-mail\" id=\"forminator-field-email-1_69d762584af27\" class=\"forminator-input forminator-email--field\" data-required=\"1\" aria-required=\"true\" \/><\/div><\/div><\/div><div class=\"forminator-row\"><div id=\"address-1\" class=\"forminator-field-address forminator-col forminator-col-12\"><div class=\"forminator-row\"><div id=\"address-1-street_address\" class=\"forminator-col\"><div class=\"forminator-field\"><label for=\"forminator-field-address-1-street_address_69d762584af27\" id=\"forminator-field-address-1-street_address_69d762584af27-label\" class=\"forminator-label\">Unternehmen <span class=\"forminator-required\">*<\/span><\/label><input type=\"text\" name=\"address-1-street_address\" placeholder=\"Ihr Unternehmen\" id=\"forminator-field-address-1-street_address_69d762584af27\" class=\"forminator-input\" data-required=\"1\" aria-required=\"true\" value=\"\" \/><\/div><\/div><\/div><\/div><\/div><div class=\"forminator-row\"><div id=\"checkbox-1\" class=\"forminator-field-checkbox forminator-col forminator-col-12\"><div role=\"group\" class=\"forminator-field\" aria-labelledby=\"forminator-checkbox-group-forminator-field-checkbox-1-69d762584af27-label\"><span id=\"forminator-checkbox-group-forminator-field-checkbox-1-69d762584af27-label\" class=\"forminator-label\">Digitaler Zwilling<\/span><label id=\"forminator-field-checkbox-1-1-69d762584af27-label\" for=\"forminator-field-checkbox-1-1-69d762584af27\" class=\"forminator-checkbox\" title=\"&lt;b&gt;Supply Chain:&lt;\/b&gt; Digitaler Zwilling, Supply Chain Engineering, Supply Network Planning\"><input type=\"checkbox\" name=\"checkbox-1[]\" value=\"one\" id=\"forminator-field-checkbox-1-1-69d762584af27\" aria-labelledby=\"forminator-field-checkbox-1-1-69d762584af27-label\" data-calculation=\"0\"   data-hidden-behavior=\"zero\"\/><span class=\"forminator-checkbox-box\" aria-hidden=\"true\"><\/span><span class=\"forminator-checkbox-label\"><b>Supply Chain:<\/b> Digitaler Zwilling, Supply Chain Engineering, Supply Network Planning<\/span><\/label><label id=\"forminator-field-checkbox-1-2-69d762584af27-label\" for=\"forminator-field-checkbox-1-2-69d762584af27\" class=\"forminator-checkbox\" title=\"&lt;b&gt;Intralogistik:&lt;\/b&gt; Digitaler Zwilling, Design, Planung und Simulation von L&auml;gern\"><input type=\"checkbox\" name=\"checkbox-1[]\" value=\"two\" id=\"forminator-field-checkbox-1-2-69d762584af27\" aria-labelledby=\"forminator-field-checkbox-1-2-69d762584af27-label\" data-calculation=\"0\"   data-hidden-behavior=\"zero\"\/><span class=\"forminator-checkbox-box\" aria-hidden=\"true\"><\/span><span class=\"forminator-checkbox-label\"><b>Intralogistik:<\/b> Digitaler Zwilling, Design, Planung und Simulation von L\u00e4gern<\/span><\/label><\/div><\/div><\/div><div class=\"forminator-row\"><div id=\"checkbox-2\" class=\"forminator-field-checkbox forminator-col forminator-col-12\"><div role=\"group\" class=\"forminator-field\" aria-labelledby=\"forminator-checkbox-group-forminator-field-checkbox-2-69d762584af27-label\"><span id=\"forminator-checkbox-group-forminator-field-checkbox-2-69d762584af27-label\" class=\"forminator-label\">Innovative Optimierungsalgorithmen<\/span><label id=\"forminator-field-checkbox-2-1-69d762584af27-label\" for=\"forminator-field-checkbox-2-1-69d762584af27\" class=\"forminator-checkbox\" title=\"Optimierte Produktplatzierung, Auftragssequenzierung, Rundgangsbildung, Nachschuboptimierung\"><input type=\"checkbox\" name=\"checkbox-2[]\" value=\"one\" id=\"forminator-field-checkbox-2-1-69d762584af27\" aria-labelledby=\"forminator-field-checkbox-2-1-69d762584af27-label\" data-calculation=\"0\"   data-hidden-behavior=\"zero\"\/><span class=\"forminator-checkbox-box\" aria-hidden=\"true\"><\/span><span class=\"forminator-checkbox-label\">Optimierte Produktplatzierung, Auftragssequenzierung, Rundgangsbildung, Nachschuboptimierung<\/span><\/label><label id=\"forminator-field-checkbox-2-2-69d762584af27-label\" for=\"forminator-field-checkbox-2-2-69d762584af27\" class=\"forminator-checkbox\" title=\"Lagerkapazit\u00e4ts- und Strukturoptimierung\"><input type=\"checkbox\" name=\"checkbox-2[]\" value=\"two\" id=\"forminator-field-checkbox-2-2-69d762584af27\" aria-labelledby=\"forminator-field-checkbox-2-2-69d762584af27-label\" data-calculation=\"0\"   data-hidden-behavior=\"zero\"\/><span class=\"forminator-checkbox-box\" aria-hidden=\"true\"><\/span><span class=\"forminator-checkbox-label\">Lagerkapazit\u00e4ts- und Strukturoptimierung<\/span><\/label><label id=\"forminator-field-checkbox-2-3-69d762584af27-label\" for=\"forminator-field-checkbox-2-3-69d762584af27\" class=\"forminator-checkbox\" title=\"Beh\u00e4lter- und Beh\u00e4lterportfolio-Optimierung: Kartons, Paletten, Transportbeh\u00e4lter und LKWs\"><input type=\"checkbox\" name=\"checkbox-2[]\" value=\"three\" id=\"forminator-field-checkbox-2-3-69d762584af27\" aria-labelledby=\"forminator-field-checkbox-2-3-69d762584af27-label\" data-calculation=\"0\"   data-hidden-behavior=\"zero\"\/><span class=\"forminator-checkbox-box\" aria-hidden=\"true\"><\/span><span class=\"forminator-checkbox-label\">Beh\u00e4lter- und Beh\u00e4lterportfolio-Optimierung: Kartons, Paletten, Transportbeh\u00e4lter und LKWs<\/span><\/label><\/div><\/div><\/div><div class=\"forminator-row\"><div id=\"checkbox-3\" class=\"forminator-field-checkbox forminator-col forminator-col-12\"><div role=\"group\" class=\"forminator-field\" aria-labelledby=\"forminator-checkbox-group-forminator-field-checkbox-3-69d762584af27-label\"><span id=\"forminator-checkbox-group-forminator-field-checkbox-3-69d762584af27-label\" class=\"forminator-label\">Objekterkennung mit Kameras &amp; KI \u2013 RTL&amp;RS<\/span><label id=\"forminator-field-checkbox-3-1-69d762584af27-label\" for=\"forminator-field-checkbox-3-1-69d762584af27\" class=\"forminator-checkbox\" title=\"Echtzeit Digitaler Zwilling \u2013 Tracking: Touch- und scan-freies Lager\"><input type=\"checkbox\" name=\"checkbox-3[]\" value=\"one\" id=\"forminator-field-checkbox-3-1-69d762584af27\" aria-labelledby=\"forminator-field-checkbox-3-1-69d762584af27-label\" data-calculation=\"0\"   data-hidden-behavior=\"zero\"\/><span class=\"forminator-checkbox-box\" aria-hidden=\"true\"><\/span><span class=\"forminator-checkbox-label\">Echtzeit Digitaler Zwilling \u2013 Tracking: Touch- und scan-freies Lager<\/span><\/label><label id=\"forminator-field-checkbox-3-2-69d762584af27-label\" for=\"forminator-field-checkbox-3-2-69d762584af27\" class=\"forminator-checkbox\" title=\"Warenerkennung, Dimensionsvermessung, Z\u00e4hlen\"><input type=\"checkbox\" name=\"checkbox-3[]\" value=\"two\" id=\"forminator-field-checkbox-3-2-69d762584af27\" aria-labelledby=\"forminator-field-checkbox-3-2-69d762584af27-label\" data-calculation=\"0\"   data-hidden-behavior=\"zero\"\/><span class=\"forminator-checkbox-box\" aria-hidden=\"true\"><\/span><span class=\"forminator-checkbox-label\">Warenerkennung, Dimensionsvermessung, Z\u00e4hlen<\/span><\/label><label id=\"forminator-field-checkbox-3-3-69d762584af27-label\" for=\"forminator-field-checkbox-3-3-69d762584af27\" class=\"forminator-checkbox\" title=\"Flottenmanagement und Warehouse Control System\"><input type=\"checkbox\" name=\"checkbox-3[]\" value=\"three\" id=\"forminator-field-checkbox-3-3-69d762584af27\" aria-labelledby=\"forminator-field-checkbox-3-3-69d762584af27-label\" data-calculation=\"0\"   data-hidden-behavior=\"zero\"\/><span class=\"forminator-checkbox-box\" aria-hidden=\"true\"><\/span><span class=\"forminator-checkbox-label\">Flottenmanagement und Warehouse Control System<\/span><\/label><\/div><\/div><\/div><div class=\"forminator-row\"><div id=\"html-1\" class=\"forminator-field-html forminator-col forminator-col-12\"><div class=\"forminator-field forminator-merge-tags\" data-field=\"html-1\"><p>Gerne informieren wir Sie \u00fcber unser innovatives L\u00f6sungsportfolio und geben Ihnen Impulse f\u00fcr Ihre aktuellen Fragestellungen. Nutzen Sie die Chance zum Fachgespr\u00e4ch mit unseren Spezialisten und vereinbaren Sie einen Gespr\u00e4chstermin.<\/p><\/div><\/div><\/div><div class=\"forminator-row\"><div id=\"textarea-1\" class=\"forminator-field-textarea forminator-col forminator-col-12\"><div class=\"forminator-field\"><label for=\"forminator-field-textarea-1_69d762584af27\" id=\"forminator-field-textarea-1_69d762584af27-label\" class=\"forminator-label\">Terminwunsch: Zeitdauer ca. 30-60 Minuten, je nach ausgew\u00e4hlten Themenbereichen<\/label><textarea name=\"textarea-1\" placeholder=\"Terminwunsch\/Uhrzeit\" id=\"forminator-field-textarea-1_69d762584af27\" class=\"forminator-textarea\" rows=\"6\" style=\"min-height:100px;\" ><\/textarea><\/div><\/div><\/div><div class=\"forminator-row\"><div id=\"radio-1\" class=\"forminator-field-radio forminator-col forminator-col-12\"><div role=\"radiogroup\" class=\"forminator-field\" aria-labelledby=\"forminator-radiogroup-radio-1-69d762584af27-label\"><span id=\"forminator-radiogroup-radio-1-69d762584af27-label\" class=\"forminator-label\">Welche Sprache bevorzugen Sie?<\/span><label id=\"forminator-field-radio-1-label-1\" for=\"forminator-field-radio-1-1-69d762584af27\" class=\"forminator-radio forminator-radio-inline\" title=\"Deutsch\"><input type=\"radio\" name=\"radio-1\" value=\"one\" id=\"forminator-field-radio-1-1-69d762584af27\" aria-labelledby=\"forminator-field-radio-1-label-1\" data-calculation=\"0\" checked=\"checked\"  data-hidden-behavior=\"zero\"\/><span class=\"forminator-radio-bullet\" aria-hidden=\"true\"><\/span><span class=\"forminator-radio-label\">Deutsch<\/span><\/label><label id=\"forminator-field-radio-1-label-2\" for=\"forminator-field-radio-1-2-69d762584af27\" class=\"forminator-radio forminator-radio-inline\" title=\"Englisch\"><input type=\"radio\" name=\"radio-1\" value=\"two\" id=\"forminator-field-radio-1-2-69d762584af27\" aria-labelledby=\"forminator-field-radio-1-label-2\" data-calculation=\"0\"   data-hidden-behavior=\"zero\"\/><span class=\"forminator-radio-bullet\" aria-hidden=\"true\"><\/span><span class=\"forminator-radio-label\">Englisch<\/span><\/label><\/div><\/div><\/div><div class=\"forminator-row\"><div id=\"html-2\" class=\"forminator-field-html forminator-col forminator-col-12\"><div class=\"forminator-field forminator-merge-tags\" data-field=\"html-2\"><p>Wir freuen uns \u00fcber Ihr Interesse!<\/p>\n<p>Ihre Daten werden vertraulich behandelt, gem\u00e4\u00df unserer&nbsp;<a href=\"https:\/\/www.logivations.com\/de\/datenschutz\/\">Datenschutzrichtlinien<\/a>.&nbsp;<\/p>\n<p>Nach der Anmeldung erhalten Sie umgehend eine schriftliche Best\u00e4tigung.<\/p><\/div><\/div><\/div><div class=\"forminator-row\"><div id=\"captcha-1\" class=\"forminator-field-captcha forminator-col forminator-col-12\"><div class=\"forminator-captcha-left forminator-hcaptcha\" data-theme=\"light\"  data-sitekey=\"8bc223ba-52e0-4654-905c-d0f6f79aceae\" data-size=\"normal\"><\/div> <\/div><\/div><input type=\"hidden\" name=\"referer_url\" value=\"\" \/><div class=\"forminator-row forminator-row-last\"><div class=\"forminator-col\"><div class=\"forminator-field\"><button class=\"forminator-button forminator-button-submit\">Abschicken<\/button><\/div><\/div><\/div><input type=\"hidden\" id=\"forminator_nonce\" name=\"forminator_nonce\" value=\"a09059bc3b\" \/><input type=\"hidden\" name=\"_wp_http_referer\" value=\"\/de\/wp-json\/wp\/v2\/pages\/5669\" \/><input type=\"hidden\" name=\"form_id\" value=\"5579\"><input type=\"hidden\" name=\"page_id\" value=\"5669\"><input type=\"hidden\" name=\"form_type\" value=\"default\"><input type=\"hidden\" name=\"current_url\" value=\"https:\/\/www.logivations.com\/de\/video-demo-registration\/\"><input type=\"hidden\" name=\"render_id\" value=\"0\"><input type=\"hidden\" name=\"action\" value=\"forminator_submit_form_custom-forms\"><input type=\"hidden\" name=\"trp-form-language\" value=\"de\"\/><\/form><\/div>\n\n\n<p>","protected":false},"excerpt":{"rendered":"<p>Registration for Live Video Demo Sign up for a free video demo of our innovative solutions.<\/p>","protected":false},"author":1,"featured_media":0,"parent":0,"menu_order":0,"comment_status":"closed","ping_status":"closed","template":"","meta":{"footnotes":""},"class_list":["post-5669","page","type-page","status-publish","hentry"],"blocksy_meta":[],"_links":{"self":[{"href":"https:\/\/www.logivations.com\/de\/wp-json\/wp\/v2\/pages\/5669","targetHints":{"allow":["GET"]}}],"collection":[{"href":"https:\/\/www.logivations.com\/de\/wp-json\/wp\/v2\/pages"}],"about":[{"href":"https:\/\/www.logivations.com\/de\/wp-json\/wp\/v2\/types\/page"}],"author":[{"embeddable":true,"href":"https:\/\/www.logivations.com\/de\/wp-json\/wp\/v2\/users\/1"}],"replies":[{"embeddable":true,"href":"https:\/\/www.logivations.com\/de\/wp-json\/wp\/v2\/comments?post=5669"}],"version-history":[{"count":2,"href":"https:\/\/www.logivations.com\/de\/wp-json\/wp\/v2\/pages\/5669\/revisions"}],"predecessor-version":[{"id":9158,"href":"https:\/\/www.logivations.com\/de\/wp-json\/wp\/v2\/pages\/5669\/revisions\/9158"}],"wp:attachment":[{"href":"https:\/\/www.logivations.com\/de\/wp-json\/wp\/v2\/media?parent=5669"}],"curies":[{"name":"wp","href":"https:\/\/api.w.org\/{rel}","templated":true}]}}