{"id":4701,"date":"2024-06-18T06:44:11","date_gmt":"2024-06-18T06:44:11","guid":{"rendered":"http:\/\/18.159.134.110\/?page_id=4701"},"modified":"2025-05-07T09:43:15","modified_gmt":"2025-05-07T09:43:15","slug":"e-learning","status":"publish","type":"page","link":"https:\/\/www.logivations.com\/de\/e-learning\/","title":{"rendered":"e-Learning"},"content":{"rendered":"<div class=\"wp-block-stackable-columns alignfull stk-block-columns stk-block stk-51b2b12 stk-block-background stk--has-background-overlay\" data-block-id=\"51b2b12\"><style>.stk-51b2b12 .stk--block-align-51b2b12{align-items:center !important}.stk-51b2b12{background-image:url(https:\/\/www.logivations.com\/wp-content\/uploads\/2024\/07\/elearning-main.jpg) !important;background-position:bottom center !important;background-repeat:no-repeat !important;background-size:cover !important;padding-top:280px !important;padding-bottom:63px !important;margin-top:-135px !important}.stk-51b2b12:before{background-color:#000000 !important;opacity:0.4 !important}.stk-51b2b12-column{--stk-column-gap:35px !important;row-gap:35px !important}@media screen and (max-width:999px){.stk-51b2b12{padding-top:250px !important;padding-bottom:150px !important}}@media screen and (max-width:689px){.stk-51b2b12{padding-top:186px !important;padding-bottom:100px !important;margin-top:-90px !important}}<\/style><div class=\"stk-row stk-inner-blocks stk--block-align-51b2b12 stk-block-content stk-content-align stk-51b2b12-column\">\n<div class=\"wp-block-stackable-column stk-block-column stk-column stk-block stk-3a43e6b\" data-v=\"4\" data-block-id=\"3a43e6b\"><style>.stk-3a43e6b-container{margin-top:0px !important;margin-right:0px !important;margin-bottom:0px !important;margin-left:0px !important}@media screen and (min-width:690px){.stk-3a43e6b{flex:var(--stk-flex-grow,1) 1 calc(96.8% - var(--stk-column-gap,0px) * 1 \/ 2 ) !important}}@media screen and (min-width:690px) and (max-width:999px){.stk-3a43e6b{flex:var(--stk-flex-grow,1) 1 calc(55% - var(--stk-column-gap,0px) * 1 \/ 2 ) !important}}<\/style><div class=\"stk-column-wrapper stk-block-column__content stk-container stk-3a43e6b-container stk--no-background stk--no-padding\"><div class=\"has-text-align-center-mobile stk-block-content stk-inner-blocks stk-3a43e6b-inner-blocks\">\n<h2 class=\"wp-block-heading\"><span style=\"color: var(--theme-palette-color-8, #ffffff);\" class=\"stk-highlight\"><\/span><\/h2>\n\n\n\n<div class=\"wp-block-stackable-heading stk-block-heading stk-block-heading--v2 stk-block stk-7225c59\" id=\"e-learning\" data-block-id=\"7225c59\"><style>.stk-7225c59{margin-bottom:10px !important}.stk-7225c59 .stk-block-heading__text{font-size:55px !important;color:var(--theme-palette-color-8,#ffffff) !important}@media screen and (max-width:999px){.stk-7225c59 .stk-block-heading__text{font-size:40px !important}}@media screen and (max-width:689px){.stk-7225c59 .stk-block-heading__text{font-size:30px !important}}<\/style><h1 class=\"stk-block-heading__text has-text-color\">E-Learning<\/h1><\/div>\n\n\n\n<div class=\"wp-block-stackable-text stk-block-text stk-block stk-81505a5\" data-block-id=\"81505a5\"><style>.stk-81505a5 .stk-block-text__text{font-size:19px !important;color:var(--theme-palette-color-8,#ffffff) !important}@media screen and (max-width:999px){.stk-81505a5 .stk-block-text__text{font-size:19px !important}}<\/style><p class=\"stk-block-text__text has-text-color\"><strong>Lernen Sie W2MO in Ihrem eigenen Tempo. <\/strong><\/p><\/div>\n<\/div><\/div><\/div>\n\n\n\n<div class=\"wp-block-stackable-column stk-block-column stk-column stk-block stk-0e2597c\" data-v=\"4\" data-block-id=\"0e2597c\"><style>.stk-0e2597c-container{margin-top:0px !important;margin-right:0px !important;margin-bottom:0px !important;margin-left:0px !important}@media screen and (min-width:690px){.stk-0e2597c{flex:var(--stk-flex-grow,1) 1 calc(3.2% - var(--stk-column-gap,0px) * 1 \/ 2 ) !important}}@media screen and (min-width:690px) and (max-width:999px){.stk-0e2597c{flex:var(--stk-flex-grow,1) 1 calc(45% - var(--stk-column-gap,0px) * 1 \/ 2 ) !important}}<\/style><div class=\"stk-column-wrapper stk-block-column__content stk-container stk-0e2597c-container stk--no-background stk--no-padding\"><div class=\"stk-block-content stk-inner-blocks stk-0e2597c-inner-blocks\"><\/div><\/div><\/div>\n<\/div><\/div>\n\n\n\n<p>W2MO - die webbasierte L\u00f6sung Nr. 1 f\u00fcr Supply Chain, Location &amp; Warehouse Planning and Optimization mit mehr als 30.000 Anwendern weltweit kann jetzt mit der Logivations e-Learning Plattform noch effizienter genutzt werden.<\/p>\n\n\n\n<p>Wir bieten zwei E-Learning-Module an - eines f\u00fcr Supply Chain Engineering und eines f\u00fcr Logistikdesign und -optimierung. Nach zwei Wochen mit jeweils nur 6 Stunden k\u00f6nnen Sie mit der Arbeit an Ihren eigenen Projekten in dem Bereich Ihrer Wahl beginnen.<\/p>\n\n\n\n<div class=\"wp-block-stackable-columns stk-block-columns stk-block stk-588ad73\" data-block-id=\"588ad73\"><div class=\"stk-row stk-inner-blocks stk-block-content stk-content-align stk-588ad73-column\">\n<div class=\"wp-block-stackable-column stk-block-column stk-column stk-block stk-f842df4\" data-v=\"4\" data-block-id=\"f842df4\"><div class=\"stk-column-wrapper stk-block-column__content stk-container stk-f842df4-container stk--no-background stk--no-padding\"><div class=\"stk-block-content stk-inner-blocks stk-f842df4-inner-blocks\">\n<p><span style=\"color: var(--theme-palette-color-8, #ffffff);\" class=\"stk-highlight\"><\/span><\/p>\n\n\n\n<div class=\"wp-block-stackable-columns stk-block-columns stk-block stk-cc5e2f7\" data-block-id=\"cc5e2f7\"><div class=\"stk-row stk-inner-blocks stk-block-content stk-content-align stk-cc5e2f7-column\">\n<div class=\"wp-block-stackable-column stk-block-column stk-column stk-block stk-2f566fd\" data-v=\"4\" data-block-id=\"2f566fd\"><div class=\"stk-column-wrapper stk-block-column__content stk-container stk-2f566fd-container stk--no-background stk--no-padding\"><div class=\"stk-block-content stk-inner-blocks stk-2f566fd-inner-blocks\">\n<div class=\"wp-block-stackable-image-box stk-block-image-box stk-hover-parent stk-block stk-8c193ad is-style-default\" data-block-id=\"8c193ad\"><div class=\"stk-block-content stk-inner-blocks has-text-align-center stk-row stk-block-image-box__content\">\n<div class=\"wp-block-stackable-image stk-block-image stk-block stk-5adc56a\" data-block-id=\"5adc56a\"><style>.stk-5adc56a .stk-img-wrapper{height:350px !important}:where(.stk-hover-parent:hover,.stk-hover-parent.stk--is-hovered) .stk-5adc56a .stk-img-wrapper::after{background-color:#000000B3 !important}<\/style><figure><span class=\"stk-img-wrapper stk-image--shape-stretch\"><img loading=\"lazy\" decoding=\"async\" class=\"stk-img wp-image-5202\" src=\"https:\/\/www.logivations.com\/wp-content\/uploads\/2024\/06\/supply-chain-edited.png\" width=\"720\" height=\"488\" srcset=\"https:\/\/www.logivations.com\/wp-content\/uploads\/2024\/06\/supply-chain-edited.png 720w, https:\/\/www.logivations.com\/wp-content\/uploads\/2024\/06\/supply-chain-edited-300x203.png 300w, https:\/\/www.logivations.com\/wp-content\/uploads\/2024\/06\/supply-chain-edited-18x12.png 18w\" sizes=\"auto, (max-width: 720px) 100vw, 720px\" \/><\/span><\/figure><\/div>\n\n\n\n<div class=\"wp-block-stackable-column stk-block-column stk-column stk-block stk-6610278\" data-v=\"4\" data-block-id=\"6610278\"><style>.stk-6610278{align-items:center !important;display:flex !important}<\/style><div class=\"stk-column-wrapper stk-block-column__content stk-container stk-6610278-container stk--no-background stk--no-padding\"><div class=\"stk-block-content stk-inner-blocks stk-6610278-inner-blocks\">\n<div class=\"wp-block-stackable-heading stk-block-heading stk-block-heading--v2 stk-block stk-8cf3a65 stk-block-background\" id=\"a-href-http-18-159-134-110-e-learning-4834-2-data-type-page-data-id-4834-supply-chain-engineering-a\" data-block-id=\"8cf3a65\"><style>.stk-8cf3a65 .stk-block-heading__text{text-shadow:none !important;color:var(--theme-palette-color-4,#192a3d) !important}<\/style><h2 class=\"stk-block-heading__text has-text-color has-white-color\"><a href=\"https:\/\/www.logivations.com\/de\/e-learning\/e-learning-supply-chain\/\" data-type=\"page\" data-id=\"4834\">Supply Chain Engineering<\/a><\/h2><\/div>\n<\/div><\/div><\/div>\n<\/div><\/div>\n<\/div><\/div><\/div>\n\n\n\n<div class=\"wp-block-stackable-column stk-block-column stk-column stk-block stk-423f714\" data-v=\"4\" data-block-id=\"423f714\"><div class=\"stk-column-wrapper stk-block-column__content stk-container stk-423f714-container stk--no-background stk--no-padding\"><div class=\"stk-block-content stk-inner-blocks stk-423f714-inner-blocks\">\n<div class=\"wp-block-stackable-image-box stk-block-image-box stk-hover-parent stk-block stk-51f01fc is-style-default\" data-block-id=\"51f01fc\"><div class=\"stk-block-content stk-inner-blocks has-text-align-center stk-row stk-block-image-box__content\">\n<div class=\"wp-block-stackable-image stk-block-image stk-block stk-5117faa\" data-block-id=\"5117faa\"><style>.stk-5117faa .stk-img-wrapper{height:350px !important}:where(.stk-hover-parent:hover,.stk-hover-parent.stk--is-hovered) .stk-5117faa .stk-img-wrapper::after{background-color:#000000B3 !important}<\/style><figure><span class=\"stk-img-wrapper stk-image--shape-stretch\"><img loading=\"lazy\" decoding=\"async\" class=\"stk-img wp-image-4926\" src=\"https:\/\/www.logivations.com\/wp-content\/uploads\/2024\/06\/Digitaler-Zwilling-edited.png\" width=\"1500\" height=\"1024\" srcset=\"https:\/\/www.logivations.com\/wp-content\/uploads\/2024\/06\/Digitaler-Zwilling-edited.png 1500w, https:\/\/www.logivations.com\/wp-content\/uploads\/2024\/06\/Digitaler-Zwilling-edited-300x205.png 300w, https:\/\/www.logivations.com\/wp-content\/uploads\/2024\/06\/Digitaler-Zwilling-edited-1024x699.png 1024w, https:\/\/www.logivations.com\/wp-content\/uploads\/2024\/06\/Digitaler-Zwilling-edited-768x524.png 768w, https:\/\/www.logivations.com\/wp-content\/uploads\/2024\/06\/Digitaler-Zwilling-edited-18x12.png 18w\" sizes=\"auto, (max-width: 1500px) 100vw, 1500px\" \/><\/span><\/figure><\/div>\n\n\n\n<div class=\"wp-block-stackable-column stk-block-column stk-column stk-block stk-5169fea\" data-v=\"4\" data-block-id=\"5169fea\"><style>.stk-5169fea{align-items:center !important;display:flex !important}<\/style><div class=\"stk-column-wrapper stk-block-column__content stk-container stk-5169fea-container stk--no-background stk--no-padding\"><div class=\"stk-block-content stk-inner-blocks stk-5169fea-inner-blocks\">\n<div class=\"wp-block-stackable-heading stk-block-heading stk-block-heading--v2 stk-block stk-9c9d6b1 stk-block-background\" id=\"a-href-http-18-159-134-110-e-learning-5015-2-data-type-page-data-id-5015-logistics-design-amp-optimization-a\" data-block-id=\"9c9d6b1\"><style>.stk-9c9d6b1 .stk-block-heading__text{text-shadow:none !important;color:var(--theme-palette-color-4,#192a3d) !important}<\/style><h2 class=\"stk-block-heading__text has-text-color has-white-color\"><a href=\"https:\/\/www.logivations.com\/de\/e-learning\/elearning-warehouse\/\" data-type=\"page\" data-id=\"5015\">Logistik Design &amp; Optimierung<\/a><\/h2><\/div>\n<\/div><\/div><\/div>\n<\/div><\/div>\n<\/div><\/div><\/div>\n<\/div><\/div>\n<\/div><\/div><\/div>\n<\/div><\/div>","protected":false},"excerpt":{"rendered":"<p>E-Learning Learn W2MO at your own pace. W2MO \u2013 the web-based #1 solution for Supply Chain, Location &amp; Warehouse Planning and Optimization with more than 30.000 users worldwide can now be used more efficiently with Logivations e-Learning platform. We offer two e-learning modules &#8211; one for supply chain engineering and one for logistics design and [&hellip;]<\/p>","protected":false},"author":1,"featured_media":0,"parent":0,"menu_order":0,"comment_status":"closed","ping_status":"closed","template":"","meta":{"footnotes":""},"class_list":["post-4701","page","type-page","status-publish","hentry"],"blocksy_meta":[],"_links":{"self":[{"href":"https:\/\/www.logivations.com\/de\/wp-json\/wp\/v2\/pages\/4701","targetHints":{"allow":["GET"]}}],"collection":[{"href":"https:\/\/www.logivations.com\/de\/wp-json\/wp\/v2\/pages"}],"about":[{"href":"https:\/\/www.logivations.com\/de\/wp-json\/wp\/v2\/types\/page"}],"author":[{"embeddable":true,"href":"https:\/\/www.logivations.com\/de\/wp-json\/wp\/v2\/users\/1"}],"replies":[{"embeddable":true,"href":"https:\/\/www.logivations.com\/de\/wp-json\/wp\/v2\/comments?post=4701"}],"version-history":[{"count":27,"href":"https:\/\/www.logivations.com\/de\/wp-json\/wp\/v2\/pages\/4701\/revisions"}],"predecessor-version":[{"id":7800,"href":"https:\/\/www.logivations.com\/de\/wp-json\/wp\/v2\/pages\/4701\/revisions\/7800"}],"wp:attachment":[{"href":"https:\/\/www.logivations.com\/de\/wp-json\/wp\/v2\/media?parent=4701"}],"curies":[{"name":"wp","href":"https:\/\/api.w.org\/{rel}","templated":true}]}}