{"id":4503,"date":"2024-06-07T08:04:26","date_gmt":"2024-06-07T08:04:26","guid":{"rendered":"http:\/\/18.159.134.110\/?page_id=4503"},"modified":"2024-08-02T17:48:03","modified_gmt":"2024-08-02T17:48:03","slug":"4503-2","status":"publish","type":"page","link":"https:\/\/logivations.com\/de\/solutions\/visual-identification-and-localization-camera-rtls\/4503-2\/","title":{"rendered":"Tracking auf der F\u00f6rdertechnik"},"content":{"rendered":"<div class=\"wp-block-stackable-columns alignfull stk-block-columns stk-block stk-51b2b12 stk-block-background stk--has-background-overlay\" data-block-id=\"51b2b12\"><style>.stk-51b2b12 .stk--block-align-51b2b12{align-items:center !important}.stk-51b2b12{background-image:url(https:\/\/www.logivations.com\/wp-content\/uploads\/2024\/06\/WH_DigitalTwin_v2-scaled.jpg) !important;background-position:bottom center !important;background-repeat:no-repeat !important;background-size:cover !important;padding-top:280px !important;padding-bottom:63px !important;margin-top:-135px !important}.stk-51b2b12:before{background-color:#000000 !important;opacity:0.6 !important}.stk-51b2b12-column{--stk-column-gap:35px !important;row-gap:35px !important}@media screen and (max-width:999px){.stk-51b2b12{padding-top:250px !important;padding-bottom:150px !important}}@media screen and (max-width:689px){.stk-51b2b12{padding-top:186px !important;padding-bottom:100px !important;margin-top:-90px !important}}<\/style><div class=\"stk-row stk-inner-blocks stk--block-align-51b2b12 stk-block-content stk-content-align stk-51b2b12-column\">\n<div class=\"wp-block-stackable-column stk-block-column stk-column stk-block stk-3a43e6b\" data-v=\"4\" data-block-id=\"3a43e6b\"><style>.stk-3a43e6b-container{margin-top:0px !important;margin-right:0px !important;margin-bottom:0px !important;margin-left:0px !important}@media screen and (min-width:690px){.stk-3a43e6b{flex:var(--stk-flex-grow,1) 1 calc(96.8% - var(--stk-column-gap,0px) * 1 \/ 2 ) !important}}@media screen and (min-width:690px) and (max-width:999px){.stk-3a43e6b{flex:var(--stk-flex-grow,1) 1 calc(55% - var(--stk-column-gap,0px) * 1 \/ 2 ) !important}}<\/style><div class=\"stk-column-wrapper stk-block-column__content stk-container stk-3a43e6b-container stk--no-background stk--no-padding\"><div class=\"has-text-align-center-mobile stk-block-content stk-inner-blocks stk-3a43e6b-inner-blocks\">\n<h2 class=\"wp-block-heading\"><span style=\"color: var(--theme-palette-color-8, #ffffff);\" class=\"stk-highlight\"><\/span><\/h2>\n\n\n\n<div class=\"wp-block-stackable-heading stk-block-heading stk-block-heading--v2 stk-block stk-7225c59\" id=\"conveyor-belt-tracking-amp-tracing\" data-block-id=\"7225c59\"><style>.stk-7225c59{margin-bottom:10px !important}.stk-7225c59 .stk-block-heading__text{font-size:55px !important;color:var(--theme-palette-color-8,#ffffff) !important}@media screen and (max-width:999px){.stk-7225c59 .stk-block-heading__text{font-size:40px !important}}@media screen and (max-width:689px){.stk-7225c59 .stk-block-heading__text{font-size:30px !important}}<\/style><h1 class=\"stk-block-heading__text has-text-color\">Tracking auf der F\u00f6rdertechnik<\/h1><\/div>\n\n\n\n<div class=\"wp-block-stackable-text stk-block-text stk-block stk-81505a5\" data-block-id=\"81505a5\"><style>.stk-81505a5 .stk-block-text__text{font-size:19px !important;color:var(--theme-palette-color-8,#ffffff) !important}@media screen and (max-width:999px){.stk-81505a5 .stk-block-text__text{font-size:19px !important}}<\/style><p class=\"stk-block-text__text has-text-color\"><strong>KI-Kameras verfolgen Warenbewegungen auf der F\u00f6rdertechnik ohne zus\u00e4tzliche Tags oder Etiketten. <\/strong> <\/p><\/div>\n<\/div><\/div><\/div>\n\n\n\n<div class=\"wp-block-stackable-column stk-block-column stk-column stk-block stk-0e2597c\" data-v=\"4\" data-block-id=\"0e2597c\"><style>.stk-0e2597c-container{margin-top:0px !important;margin-right:0px !important;margin-bottom:0px !important;margin-left:0px !important}@media screen and (min-width:690px){.stk-0e2597c{flex:var(--stk-flex-grow,1) 1 calc(3.2% - var(--stk-column-gap,0px) * 1 \/ 2 ) !important}}@media screen and (min-width:690px) and (max-width:999px){.stk-0e2597c{flex:var(--stk-flex-grow,1) 1 calc(45% - var(--stk-column-gap,0px) * 1 \/ 2 ) !important}}<\/style><div class=\"stk-column-wrapper stk-block-column__content stk-container stk-0e2597c-container stk--no-background stk--no-padding\"><div class=\"stk-block-content stk-inner-blocks stk-0e2597c-inner-blocks\"><\/div><\/div><\/div>\n<\/div><\/div>\n\n\n\n<div class=\"wp-block-stackable-feature stk-block-feature stk-block stk-f870a3e stk-block-background is-style-default\" data-v=\"2\" data-block-id=\"f870a3e\"><style>.stk-f870a3e{border-top-left-radius:0px !important;border-top-right-radius:0px !important;border-bottom-right-radius:0px !important;border-bottom-left-radius:0px !important;overflow:hidden !important;box-shadow:none !important}<\/style><div class=\"stk-content-align stk-f870a3e-column stk-container stk-f870a3e-container stk--no-background stk--no-padding\"><div class=\"stk-inner-blocks stk-block-content stk-row\">\n<div class=\"wp-block-stackable-column stk-block-column stk-column stk-block stk-7f71d0c\" data-v=\"4\" data-block-id=\"7f71d0c\"><style>.stk-7f71d0c{align-self:center !important}<\/style><div class=\"stk-column-wrapper stk-block-column__content stk-container stk-7f71d0c-container stk--no-background stk--no-padding\"><div class=\"stk-block-content stk-inner-blocks stk-7f71d0c-inner-blocks\">\n<div class=\"wp-block-stackable-heading stk-block-heading stk-block-heading--v2 stk-block stk-3984ea6\" id=\"box-tracing\" data-block-id=\"3984ea6\"><h2 class=\"stk-block-heading__text\">Beh\u00e4ltertracking<\/h2><\/div>\n\n\n\n<div class=\"wp-block-stackable-icon-list stk-block-icon-list stk-block stk-3de0e00\" data-block-id=\"3de0e00\"><style>.stk-3de0e00 .stk-block-icon-list-item__content{gap:4px !important;align-items:baseline !important}.stk-3de0e00{--stk-icon-height:7.75px !important}<\/style><svg style=\"display:none\"><defs><g id=\"stk-icon-list__icon-svg-def-3de0e00\"><svg xmlns=\"http:\/\/www.w3.org\/2000\/svg\" viewbox=\"0 0 190 190\"><polygon points=\"173.8,28.4 60.4,141.8 15.7,97.2 5.1,107.8 60.4,163 184.4,39 173.8,28.4\"\/><\/svg><\/g><\/defs><\/svg><div class=\"stk-block-icon-list__ul stk-block-icon-list--column\"><ul class=\"stk-block-icon-list__group\">\n<li class=\"wp-block-stackable-icon-list-item stk-block-icon-list-item stk-block stk-7b66361\" data-block-id=\"7b66361\"><div class=\"stk-block-icon-list-item__content\"><span class=\"stk--svg-wrapper\"><div class=\"stk--inner-svg\"><svg aria-hidden=\"true\" width=\"32\" height=\"32\"><use xlink:href=\"#stk-icon-list__icon-svg-def-3de0e00\"><\/use><\/svg><\/div><\/span><span class=\"stk-block-icon-list-item__text\">Tracking von Beh\u00e4ltern auf der F\u00f6rdertechnik ohne zus\u00e4tzliche Tags<\/span><\/div><\/li>\n\n\n\n<li class=\"wp-block-stackable-icon-list-item stk-block-icon-list-item stk-block stk-0d5866c\" data-block-id=\"0d5866c\"><div class=\"stk-block-icon-list-item__content\"><span class=\"stk--svg-wrapper\"><div class=\"stk--inner-svg\"><svg aria-hidden=\"true\" width=\"32\" height=\"32\"><use xlink:href=\"#stk-icon-list__icon-svg-def-3de0e00\"><\/use><\/svg><\/div><\/span><span class=\"stk-block-icon-list-item__text\">Erkennung manueller Eingriffe<\/span><\/div><\/li>\n\n\n\n<li class=\"wp-block-stackable-icon-list-item stk-block-icon-list-item stk-block stk-71c992b\" data-block-id=\"71c992b\"><div class=\"stk-block-icon-list-item__content\"><span class=\"stk--svg-wrapper\"><div class=\"stk--inner-svg\"><svg aria-hidden=\"true\" width=\"32\" height=\"32\"><use xlink:href=\"#stk-icon-list__icon-svg-def-3de0e00\"><\/use><\/svg><\/div><\/span><span class=\"stk-block-icon-list-item__text\">Erkennung des Beh\u00e4ltertyps <\/span><\/div><\/li>\n<\/ul><\/div><\/div>\n<\/div><\/div><\/div>\n\n\n\n<div class=\"wp-block-stackable-column stk-block-column stk-column stk-block stk-4e405a4\" data-v=\"4\" data-block-id=\"4e405a4\"><style>.stk-4e405a4{align-self:center !important}<\/style><div class=\"stk-column-wrapper stk-block-column__content stk-container stk-4e405a4-container stk--no-background stk--no-padding\"><div class=\"stk-block-content stk-inner-blocks stk-4e405a4-inner-blocks\">\n<div class=\"wp-block-stackable-image stk-block-image stk-block stk-43fe2c0\" data-block-id=\"43fe2c0\"><figure><span class=\"stk-img-wrapper stk-image--shape-stretch\"><img loading=\"lazy\" decoding=\"async\" class=\"stk-img wp-image-3532\" src=\"https:\/\/www.logivations.com\/wp-content\/uploads\/2023\/12\/rtls_4.png\" width=\"1861\" height=\"808\" alt=\"Beh\u00e4ltertracking\" srcset=\"https:\/\/logivations.com\/wp-content\/uploads\/2023\/12\/rtls_4.png 1861w, https:\/\/logivations.com\/wp-content\/uploads\/2023\/12\/rtls_4-300x130.png 300w, https:\/\/logivations.com\/wp-content\/uploads\/2023\/12\/rtls_4-1024x445.png 1024w, https:\/\/logivations.com\/wp-content\/uploads\/2023\/12\/rtls_4-768x333.png 768w, https:\/\/logivations.com\/wp-content\/uploads\/2023\/12\/rtls_4-1536x667.png 1536w, https:\/\/logivations.com\/wp-content\/uploads\/2023\/12\/rtls_4-18x8.png 18w\" sizes=\"auto, (max-width: 1861px) 100vw, 1861px\" \/><\/span><\/figure><\/div>\n<\/div><\/div><\/div>\n<\/div><\/div><\/div>\n\n\n\n<p>Durch die Nutzung von <a href=\"https:\/\/logivations.com\/de\/solutions\/visual-identification-and-localization-camera-rtls\/real-time-location-system-ai-rtls\/\" data-type=\"page\" data-id=\"2160\">AI-RTL&amp;RS<\/a> Erkennungseinheiten \u00fcber Ihrer F\u00f6rdertechnik, k\u00f6nnen Sie alle Beh\u00e4lter auf der F\u00f6rdertechnik ohne Tags verfolgen. Wenn W2MO \u00fcber eine Schnittstelle am Anfang eines F\u00f6rderbandes Informationen \u00fcber einen neuen Transportbeh\u00e4lter erh\u00e4lt, k\u00f6nnen die Kameras den Beh\u00e4lter \u00fcber das gesamte F\u00f6rdersystem verfolgen. So wird sichergestellt, dass es nicht zu Verwechslungen kommt. Wird eine Kiste manuell entnommen, kann das System einen Alarm ausl\u00f6sen.<\/p>\n\n\n\n<p>Die Anbindung an das F\u00f6rdersystem kann auf verschiedene Weise erfolgen, z. B. \u00fcber OPC-UA oder Restful APIs. <\/p>\n\n\n\n<p>Der Anwendungsfall kann durch die Erkennung des Beh\u00e4ltertyps auf dem F\u00f6rderband oder bei guter Sicht sogar des Inhalts im Beh\u00e4lter erweitert werden.  In Kombination mit dem Digitalen Zwilling erhalten Sie vollst\u00e4ndige Transparenz \u00fcber die Vorg\u00e4nge auf Ihrem F\u00f6rderband und eine einfache M\u00f6glichkeit, die Bewegungen zu analysieren. <\/p>\n\n\n\n<p>Sie k\u00f6nnen sich sogar f\u00fcr eine Live-Kameraansicht entscheiden und die Kameras nutzen, um zu sehen, was in unzug\u00e4nglichen Bereichen vor sich geht. <\/p>\n\n\n\n<div class=\"wp-block-stackable-feature stk-block-feature stk-block stk-cb31fce stk-block-background is-style-default\" data-v=\"2\" data-block-id=\"cb31fce\"><style>.stk-cb31fce{border-top-left-radius:0px !important;border-top-right-radius:0px !important;border-bottom-right-radius:0px !important;border-bottom-left-radius:0px !important;overflow:hidden !important;box-shadow:none !important}<\/style><div class=\"stk-content-align stk-cb31fce-column stk-container stk-cb31fce-container stk--no-background stk--no-padding\"><div class=\"stk-inner-blocks stk-block-content stk-row\">\n<div class=\"wp-block-stackable-column stk-block-column stk-column stk-block stk-bb524bb\" data-v=\"4\" data-block-id=\"bb524bb\"><style>.stk-bb524bb{align-self:center !important}<\/style><div class=\"stk-column-wrapper stk-block-column__content stk-container stk-bb524bb-container stk--no-background stk--no-padding\"><div class=\"stk-block-content stk-inner-blocks stk-bb524bb-inner-blocks\">\n<div class=\"wp-block-stackable-heading stk-block-heading stk-block-heading--v2 stk-block stk-a42ce74\" id=\"traffic-jam-detection\" data-block-id=\"a42ce74\"><h2 class=\"stk-block-heading__text\">Stauerkennung<\/h2><\/div>\n\n\n\n<div class=\"wp-block-stackable-icon-list stk-block-icon-list stk-block stk-c9e17a8\" data-block-id=\"c9e17a8\"><style>.stk-c9e17a8 .stk-block-icon-list-item__content{gap:4px !important;align-items:baseline !important}.stk-c9e17a8{--stk-icon-height:7.75px !important}<\/style><svg style=\"display:none\"><defs><g id=\"stk-icon-list__icon-svg-def-c9e17a8\"><svg xmlns=\"http:\/\/www.w3.org\/2000\/svg\" viewbox=\"0 0 190 190\"><polygon points=\"173.8,28.4 60.4,141.8 15.7,97.2 5.1,107.8 60.4,163 184.4,39 173.8,28.4\"\/><\/svg><\/g><\/defs><\/svg><div class=\"stk-block-icon-list__ul stk-block-icon-list--column\"><ul class=\"stk-block-icon-list__group\">\n<li class=\"wp-block-stackable-icon-list-item stk-block-icon-list-item stk-block stk-51e0738\" data-block-id=\"51e0738\"><div class=\"stk-block-icon-list-item__content\"><span class=\"stk--svg-wrapper\"><div class=\"stk--inner-svg\"><svg aria-hidden=\"true\" width=\"32\" height=\"32\"><use xlink:href=\"#stk-icon-list__icon-svg-def-c9e17a8\"><\/use><\/svg><\/div><\/span><span class=\"stk-block-icon-list-item__text\">F\u00fcllgrad\u00fcberwachung<\/span><\/div><\/li>\n\n\n\n<li class=\"wp-block-stackable-icon-list-item stk-block-icon-list-item stk-block stk-77831c5\" data-block-id=\"77831c5\"><div class=\"stk-block-icon-list-item__content\"><span class=\"stk--svg-wrapper\"><div class=\"stk--inner-svg\"><svg aria-hidden=\"true\" width=\"32\" height=\"32\"><use xlink:href=\"#stk-icon-list__icon-svg-def-c9e17a8\"><\/use><\/svg><\/div><\/span><span class=\"stk-block-icon-list-item__text\">Erkennung von Blockaden<\/span><\/div><\/li>\n\n\n\n<li class=\"wp-block-stackable-icon-list-item stk-block-icon-list-item stk-block stk-8e4d4fa\" data-block-id=\"8e4d4fa\"><div class=\"stk-block-icon-list-item__content\"><span class=\"stk--svg-wrapper\"><div class=\"stk--inner-svg\"><svg aria-hidden=\"true\" width=\"32\" height=\"32\"><use xlink:href=\"#stk-icon-list__icon-svg-def-c9e17a8\"><\/use><\/svg><\/div><\/span><span class=\"stk-block-icon-list-item__text\">Erkennung und Vorhersage von Stausituationen <\/span><\/div><\/li>\n<\/ul><\/div><\/div>\n<\/div><\/div><\/div>\n\n\n\n<div class=\"wp-block-stackable-column stk-block-column stk-column stk-block stk-ce4e450\" data-v=\"4\" data-block-id=\"ce4e450\"><style>.stk-ce4e450{align-self:center !important}<\/style><div class=\"stk-column-wrapper stk-block-column__content stk-container stk-ce4e450-container stk--no-background stk--no-padding\"><div class=\"stk-block-content stk-inner-blocks stk-ce4e450-inner-blocks\">\n<figure class=\"wp-block-image size-full\"><img loading=\"lazy\" decoding=\"async\" width=\"791\" height=\"777\" src=\"https:\/\/www.logivations.com\/wp-content\/uploads\/2024\/06\/image-11.png\" alt=\"Stauerkennung\" class=\"wp-image-4509\" srcset=\"https:\/\/logivations.com\/wp-content\/uploads\/2024\/06\/image-11.png 791w, https:\/\/logivations.com\/wp-content\/uploads\/2024\/06\/image-11-300x295.png 300w, https:\/\/logivations.com\/wp-content\/uploads\/2024\/06\/image-11-768x754.png 768w, https:\/\/logivations.com\/wp-content\/uploads\/2024\/06\/image-11-12x12.png 12w\" sizes=\"auto, (max-width: 791px) 100vw, 791px\" \/><\/figure>\n<\/div><\/div><\/div>\n<\/div><\/div><\/div>\n\n\n\n<p>F\u00fcr F\u00f6rderanlagen mit beliebig geformten F\u00f6rderg\u00fctern kann die F\u00fcllstands\u00fcberwachung eingesetzt werden. Die Erkennungseinheiten verwenden einen Segmentierungsansatz, um volle und leere Bereiche auf dem F\u00f6rderband zu definieren, und berechnen den genauen Belegungszustand zu jedem Zeitpunkt und f\u00fcr alle Teile des F\u00f6rderbands.<\/p>\n\n\n\n<p>Wird ein Stillstand erkannt oder blockieren gro\u00dfe Gegenst\u00e4nde das F\u00f6rderband, alarmiert das System den Bediener. So k\u00f6nnen Staus auf dem F\u00f6rderband schnell beseitigt oder sogar vermieden werden.<\/p>\n\n\n\n<div class=\"wp-block-stackable-columns alignfull stk-block-columns stk-block stk-b5cde0d stk-block-background stk--has-background-overlay\" data-block-id=\"b5cde0d\"><style>.stk-b5cde0d{background-color:#f9f9f9 !important;background-image:url(https:\/\/www.logivations.com\/wp-content\/uploads\/2023\/11\/solutions-image-01.jpg) !important;padding-top:96px !important;padding-bottom:15px !important;margin-top:30px !important;margin-bottom:10px !important}.stk-b5cde0d:before{background-color:#f9f9f9 !important;opacity:0.8 !important}.stk-b5cde0d-column{--stk-columns-spacing:14px !important;--stk-column-gap:10px !important}<\/style><div class=\"stk-row stk-inner-blocks has-text-align-center stk-block-content stk-content-align stk-b5cde0d-column alignfull\">\n<div class=\"wp-block-stackable-column stk-block-column stk-column stk-block stk-166186d\" data-v=\"4\" data-block-id=\"166186d\"><div class=\"stk-column-wrapper stk-block-column__content stk-container stk-166186d-container stk--no-background stk--no-padding\"><div class=\"stk-block-content stk-inner-blocks stk-166186d-inner-blocks\">\n<div class=\"wp-block-stackable-text stk-block-text stk-block stk-c4af4c6\" data-block-id=\"c4af4c6\"><style>.stk-c4af4c6{margin-bottom:1px !important}<\/style><p class=\"stk-block-text__text has-text-align-center\"><span style=\"color: var(--theme-palette-color-3, #3A4F66);\" class=\"stk-highlight\">INFORMIEREN SIE SICH AUCH \u00dcBER<\/span><\/p><\/div>\n\n\n\n<div class=\"wp-block-stackable-heading stk-block-heading stk-block-heading--v2 stk-block stk-2903aee\" id=\"a-href-press-news-data-type-link-data-id-https-www-logivations-com-en-solutions-lno-supply-network-planning-php-a-a-href-navigation-autonomous-mobile-robots-span-style-color-var-palette-color-3-3-a-4-f-66-class-stk-highlight-ai-guided-autonomous-mobile-robots-span-a\" data-block-id=\"2903aee\"><style>.stk-2903aee .stk-block-heading__text{color:var(--theme-palette-color-8,#ffffff) !important}<\/style><h4 class=\"stk-block-heading__text has-text-color has-text-align-center\"><a href=\"https:\/\/logivations.com\/de\/solutions\/visual-identification-and-localization-camera-rtls\/logistics-execution-system\/\">Warehouse Control System<\/a><\/h4><\/div>\n<\/div><\/div><\/div>\n<\/div><\/div>","protected":false},"excerpt":{"rendered":"<p>Conveyor Belt Tracking &amp; Tracing AI cameras track goods on conveyor belts without additional tags or labels. Box tracing By mounting the AI-RTL&amp;RS recognition units of the on top of your conveyor system, you can track all the boxes on the conveyor system without any tags. After receiving the initial information about a new crate [&hellip;]<\/p>","protected":false},"author":1,"featured_media":0,"parent":3549,"menu_order":5,"comment_status":"closed","ping_status":"closed","template":"","meta":{"footnotes":""},"class_list":["post-4503","page","type-page","status-publish","hentry"],"blocksy_meta":[],"_links":{"self":[{"href":"https:\/\/logivations.com\/de\/wp-json\/wp\/v2\/pages\/4503","targetHints":{"allow":["GET"]}}],"collection":[{"href":"https:\/\/logivations.com\/de\/wp-json\/wp\/v2\/pages"}],"about":[{"href":"https:\/\/logivations.com\/de\/wp-json\/wp\/v2\/types\/page"}],"author":[{"embeddable":true,"href":"https:\/\/logivations.com\/de\/wp-json\/wp\/v2\/users\/1"}],"replies":[{"embeddable":true,"href":"https:\/\/logivations.com\/de\/wp-json\/wp\/v2\/comments?post=4503"}],"version-history":[{"count":13,"href":"https:\/\/logivations.com\/de\/wp-json\/wp\/v2\/pages\/4503\/revisions"}],"predecessor-version":[{"id":6440,"href":"https:\/\/logivations.com\/de\/wp-json\/wp\/v2\/pages\/4503\/revisions\/6440"}],"up":[{"embeddable":true,"href":"https:\/\/logivations.com\/de\/wp-json\/wp\/v2\/pages\/3549"}],"wp:attachment":[{"href":"https:\/\/logivations.com\/de\/wp-json\/wp\/v2\/media?parent=4503"}],"curies":[{"name":"wp","href":"https:\/\/api.w.org\/{rel}","templated":true}]}}