{"id":4488,"date":"2024-06-07T07:12:53","date_gmt":"2024-06-07T07:12:53","guid":{"rendered":"http:\/\/18.159.134.110\/?page_id=4488"},"modified":"2024-08-01T09:29:30","modified_gmt":"2024-08-01T09:29:30","slug":"area-monitoring","status":"publish","type":"page","link":"https:\/\/www.logivations.com\/de\/solutions\/visual-identification-and-localization-camera-rtls\/area-monitoring\/","title":{"rendered":"F\u00fcllgrad\u00fcberwachung"},"content":{"rendered":"<div class=\"wp-block-stackable-columns alignfull stk-block-columns stk-block stk-51b2b12 stk-block-background stk--has-background-overlay\" data-block-id=\"51b2b12\"><style>.stk-51b2b12 .stk--block-align-51b2b12{align-items:center !important}.stk-51b2b12{background-image:url(https:\/\/www.logivations.com\/wp-content\/uploads\/2024\/06\/WH_DigitalTwin_v2-scaled.jpg) !important;background-position:bottom center !important;background-repeat:no-repeat !important;background-size:cover !important;padding-top:280px !important;padding-bottom:63px !important;margin-top:-135px !important}.stk-51b2b12:before{background-color:#000000 !important;opacity:0.6 !important}.stk-51b2b12-column{--stk-column-gap:35px !important;row-gap:35px !important}@media screen and (max-width:999px){.stk-51b2b12{padding-top:250px !important;padding-bottom:150px !important}}@media screen and (max-width:689px){.stk-51b2b12{padding-top:186px !important;padding-bottom:100px !important;margin-top:-90px !important}}<\/style><div class=\"stk-row stk-inner-blocks stk--block-align-51b2b12 stk-block-content stk-content-align stk-51b2b12-column\">\n<div class=\"wp-block-stackable-column stk-block-column stk-column stk-block stk-3a43e6b\" data-v=\"4\" data-block-id=\"3a43e6b\"><style>.stk-3a43e6b-container{margin-top:0px !important;margin-right:0px !important;margin-bottom:0px !important;margin-left:0px !important}@media screen and (min-width:690px){.stk-3a43e6b{flex:var(--stk-flex-grow,1) 1 calc(96.8% - var(--stk-column-gap,0px) * 1 \/ 2 ) !important}}@media screen and (min-width:690px) and (max-width:999px){.stk-3a43e6b{flex:var(--stk-flex-grow,1) 1 calc(55% - var(--stk-column-gap,0px) * 1 \/ 2 ) !important}}<\/style><div class=\"stk-column-wrapper stk-block-column__content stk-container stk-3a43e6b-container stk--no-background stk--no-padding\"><div class=\"has-text-align-center-mobile stk-block-content stk-inner-blocks stk-3a43e6b-inner-blocks\">\n<h2 class=\"wp-block-heading\"><span style=\"color: var(--theme-palette-color-8, #ffffff);\" class=\"stk-highlight\"><\/span><\/h2>\n\n\n\n<div class=\"wp-block-stackable-heading stk-block-heading stk-block-heading--v2 stk-block stk-7225c59\" id=\"area-monitoring\" data-block-id=\"7225c59\"><style>.stk-7225c59{margin-bottom:10px !important}.stk-7225c59 .stk-block-heading__text{font-size:55px !important;color:var(--theme-palette-color-8,#ffffff) !important}@media screen and (max-width:999px){.stk-7225c59 .stk-block-heading__text{font-size:40px !important}}@media screen and (max-width:689px){.stk-7225c59 .stk-block-heading__text{font-size:30px !important}}<\/style><h1 class=\"stk-block-heading__text has-text-color\">F\u00fcllgrad\u00fcberwachung<\/h1><\/div>\n\n\n\n<div class=\"wp-block-stackable-text stk-block-text stk-block stk-81505a5\" data-block-id=\"81505a5\"><style>.stk-81505a5 .stk-block-text__text{font-size:19px !important;color:var(--theme-palette-color-8,#ffffff) !important}@media screen and (max-width:999px){.stk-81505a5 .stk-block-text__text{font-size:19px !important}}<\/style><p class=\"stk-block-text__text has-text-color\"><strong>\u00dcberwachen Sie Lagerbereiche in Echtzeit und starten Sie automatisch operative Prozesse auf Basis des F\u00fcllgrads.<\/strong><\/p><\/div>\n<\/div><\/div><\/div>\n\n\n\n<div class=\"wp-block-stackable-column stk-block-column stk-column stk-block stk-0e2597c\" data-v=\"4\" data-block-id=\"0e2597c\"><style>.stk-0e2597c-container{margin-top:0px !important;margin-right:0px !important;margin-bottom:0px !important;margin-left:0px !important}@media screen and (min-width:690px){.stk-0e2597c{flex:var(--stk-flex-grow,1) 1 calc(3.2% - var(--stk-column-gap,0px) * 1 \/ 2 ) !important}}@media screen and (min-width:690px) and (max-width:999px){.stk-0e2597c{flex:var(--stk-flex-grow,1) 1 calc(45% - var(--stk-column-gap,0px) * 1 \/ 2 ) !important}}<\/style><div class=\"stk-column-wrapper stk-block-column__content stk-container stk-0e2597c-container stk--no-background stk--no-padding\"><div class=\"stk-block-content stk-inner-blocks stk-0e2597c-inner-blocks\"><\/div><\/div><\/div>\n<\/div><\/div>\n\n\n\n<div class=\"wp-block-stackable-feature stk-block-feature stk-block stk-f870a3e stk-block-background is-style-default\" data-v=\"2\" data-block-id=\"f870a3e\"><style>.stk-f870a3e{border-top-left-radius:0px !important;border-top-right-radius:0px !important;border-bottom-right-radius:0px !important;border-bottom-left-radius:0px !important;overflow:hidden !important;box-shadow:none !important}<\/style><div class=\"stk-content-align stk-f870a3e-column stk-container stk-f870a3e-container stk--no-background stk--no-padding\"><div class=\"stk-inner-blocks stk-block-content stk-row\">\n<div class=\"wp-block-stackable-column stk-block-column stk-column stk-block stk-7f71d0c\" data-v=\"4\" data-block-id=\"7f71d0c\"><style>.stk-7f71d0c{align-self:center !important}<\/style><div class=\"stk-column-wrapper stk-block-column__content stk-container stk-7f71d0c-container stk--no-background stk--no-padding\"><div class=\"stk-block-content stk-inner-blocks stk-7f71d0c-inner-blocks\">\n<div class=\"wp-block-stackable-heading stk-block-heading stk-block-heading--v2 stk-block stk-3984ea6\" id=\"fill-grade-monitoring\" data-block-id=\"3984ea6\"><h2 class=\"stk-block-heading__text\">F\u00fcllgrad\u00fcberwachung<\/h2><\/div>\n\n\n\n<div class=\"wp-block-stackable-icon-list stk-block-icon-list stk-block stk-3de0e00\" data-block-id=\"3de0e00\"><style>.stk-3de0e00 .stk-block-icon-list-item__content{gap:4px !important;align-items:baseline !important}.stk-3de0e00{--stk-icon-height:7.75px !important}<\/style><svg style=\"display:none\"><defs><g id=\"stk-icon-list__icon-svg-def-3de0e00\"><svg xmlns=\"http:\/\/www.w3.org\/2000\/svg\" viewbox=\"0 0 190 190\"><polygon points=\"173.8,28.4 60.4,141.8 15.7,97.2 5.1,107.8 60.4,163 184.4,39 173.8,28.4\"\/><\/svg><\/g><\/defs><\/svg><div class=\"stk-block-icon-list__ul stk-block-icon-list--column\"><ul class=\"stk-block-icon-list__group\">\n<li class=\"wp-block-stackable-icon-list-item stk-block-icon-list-item stk-block stk-85c6531\" data-block-id=\"85c6531\"><div class=\"stk-block-icon-list-item__content\"><span class=\"stk--svg-wrapper\"><div class=\"stk--inner-svg\"><svg aria-hidden=\"true\" width=\"32\" height=\"32\"><use xlink:href=\"#stk-icon-list__icon-svg-def-3de0e00\"><\/use><\/svg><\/div><\/span><span class=\"stk-block-icon-list-item__text\">\u00dcberpr\u00fcfung des F\u00fcllgrads von Blocklagerfl\u00e4chen<\/span><\/div><\/li>\n\n\n\n<li class=\"wp-block-stackable-icon-list-item stk-block-icon-list-item stk-block stk-9e8c10a\" data-block-id=\"9e8c10a\"><div class=\"stk-block-icon-list-item__content\"><span class=\"stk--svg-wrapper\"><div class=\"stk--inner-svg\"><svg aria-hidden=\"true\" width=\"32\" height=\"32\"><use xlink:href=\"#stk-icon-list__icon-svg-def-3de0e00\"><\/use><\/svg><\/div><\/span><span class=\"stk-block-icon-list-item__text\">Automatisches Ausl\u00f6sen von Transportauftr\u00e4gen<\/span><\/div><\/li>\n\n\n\n<li class=\"wp-block-stackable-icon-list-item stk-block-icon-list-item stk-block stk-28a4615\" data-block-id=\"28a4615\"><div class=\"stk-block-icon-list-item__content\"><span class=\"stk--svg-wrapper\"><div class=\"stk--inner-svg\"><svg aria-hidden=\"true\" width=\"32\" height=\"32\"><use xlink:href=\"#stk-icon-list__icon-svg-def-3de0e00\"><\/use><\/svg><\/div><\/span><span class=\"stk-block-icon-list-item__text\">Integration mit LVS <\/span><\/div><\/li>\n<\/ul><\/div><\/div>\n<\/div><\/div><\/div>\n\n\n\n<div class=\"wp-block-stackable-column stk-block-column stk-column stk-block stk-4e405a4\" data-v=\"4\" data-block-id=\"4e405a4\"><style>.stk-4e405a4{align-self:center !important}<\/style><div class=\"stk-column-wrapper stk-block-column__content stk-container stk-4e405a4-container stk--no-background stk--no-padding\"><div class=\"stk-block-content stk-inner-blocks stk-4e405a4-inner-blocks\">\n<div class=\"wp-block-stackable-image stk-block-image stk-block stk-43fe2c0\" data-block-id=\"43fe2c0\"><figure><span class=\"stk-img-wrapper stk-image--shape-stretch\"><img loading=\"lazy\" decoding=\"async\" class=\"stk-img wp-image-2447\" src=\"https:\/\/www.logivations.com\/wp-content\/uploads\/2023\/11\/camera_based_RTLS2.jpg\" width=\"1194\" height=\"722\" alt=\"F\u00fcllgrad\u00fcberwachung\" srcset=\"https:\/\/www.logivations.com\/wp-content\/uploads\/2023\/11\/camera_based_RTLS2.jpg 1194w, https:\/\/www.logivations.com\/wp-content\/uploads\/2023\/11\/camera_based_RTLS2-300x181.jpg 300w, https:\/\/www.logivations.com\/wp-content\/uploads\/2023\/11\/camera_based_RTLS2-1024x619.jpg 1024w, https:\/\/www.logivations.com\/wp-content\/uploads\/2023\/11\/camera_based_RTLS2-768x464.jpg 768w, https:\/\/www.logivations.com\/wp-content\/uploads\/2023\/11\/camera_based_RTLS2-18x12.jpg 18w\" sizes=\"auto, (max-width: 1194px) 100vw, 1194px\" \/><\/span><\/figure><\/div>\n<\/div><\/div><\/div>\n<\/div><\/div><\/div>\n\n\n\n<p>Die Erfassungseinheiten des <a href=\"https:\/\/www.logivations.com\/de\/solutions\/visual-identification-and-localization-camera-rtls\/real-time-location-system-ai-rtls\/\" data-type=\"page\" data-id=\"2160\">AI-RTL&amp;RS<\/a> erkennen, ob ein Bereich voll oder leer ist. In Kombination mit dem Digitalen Zwilling, in dem die Position der Blocklagerfl\u00e4chen bekannt ist, erhalten Sie ein komplettes System zur \u00dcberwachung der F\u00fcllst\u00e4nde in Ihrem Blocklager. Der F\u00fcllgrad kann als 3D-Heatmap dargestellt oder in Auswertungen \u00fcberpr\u00fcft werden.<\/p>\n\n\n\n<p>Abh\u00e4ngig von bestimmten F\u00fcllst\u00e4nden k\u00f6nnen Aktionen definiert werden. Sie k\u00f6nnen Nachschubauftr\u00e4ge ausl\u00f6sen, wenn eine Zone zu leer ist, oder Transportauftr\u00e4ge ausl\u00f6sen, wenn eine Zone zu voll ist. Mit Hilfe der W2MO-Schnittstellenfunktionen k\u00f6nnen Sie dies in Ihr WMS integrieren. Ob als Datenbankanbindung oder RestfulAPI-Schnittstelle zu Ihrem WMS oder \u00fcber den W2MO-Connector zur Anbindung an Ihr SAP-System - mit der F\u00fcllstands\u00fcberwachung erschlie\u00dfen Sie sich ein enormes Potenzial.<\/p>\n\n\n\n<div class=\"wp-block-stackable-columns alignfull stk-block-columns stk-block stk-b5cde0d stk-block-background stk--has-background-overlay\" data-block-id=\"b5cde0d\"><style>.stk-b5cde0d{background-color:#f9f9f9 !important;background-image:url(https:\/\/www.logivations.com\/wp-content\/uploads\/2023\/11\/solutions-image-01.jpg) !important;padding-top:96px !important;padding-bottom:15px !important;margin-top:30px !important;margin-bottom:10px !important}.stk-b5cde0d:before{background-color:#f9f9f9 !important;opacity:0.8 !important}.stk-b5cde0d-column{--stk-columns-spacing:14px !important;--stk-column-gap:10px !important}<\/style><div class=\"stk-row stk-inner-blocks has-text-align-center stk-block-content stk-content-align stk-b5cde0d-column alignfull\">\n<div class=\"wp-block-stackable-column stk-block-column stk-column stk-block stk-166186d\" data-v=\"4\" data-block-id=\"166186d\"><div class=\"stk-column-wrapper stk-block-column__content stk-container stk-166186d-container stk--no-background stk--no-padding\"><div class=\"stk-block-content stk-inner-blocks stk-166186d-inner-blocks\">\n<div class=\"wp-block-stackable-text stk-block-text stk-block stk-c4af4c6\" data-block-id=\"c4af4c6\"><style>.stk-c4af4c6{margin-bottom:1px !important}<\/style><p class=\"stk-block-text__text has-text-align-center\"><span style=\"color: var(--theme-palette-color-3, #3A4F66);\" class=\"stk-highlight\">INFORMIEREN SIE SICH AUCH \u00dcBER<\/span><\/p><\/div>\n\n\n\n<div class=\"wp-block-stackable-heading stk-block-heading stk-block-heading--v2 stk-block stk-2903aee\" id=\"a-href-press-news-data-type-link-data-id-https-www-logivations-com-en-solutions-lno-supply-network-planning-php-a-a-href-consulting-span-style-color-var-palette-color-3-3-a-4-f-66-class-stk-highlight-consulting-span-a\" data-block-id=\"2903aee\"><style>.stk-2903aee .stk-block-heading__text{color:var(--theme-palette-color-8,#ffffff) !important}<\/style><h4 class=\"stk-block-heading__text has-text-color has-text-align-center\"><a href=\"\/de\/press-news\/\" data-type=\"link\" data-id=\"https:\/\/www.logivations.com\/en\/solutions\/lno\/supply_network_planning.php\"><\/a><a href=\"https:\/\/www.logivations.com\/de\/solutions\/visual-identification-and-localization-camera-rtls\/4503-2\/\" data-type=\"page\" data-id=\"4503\">Tracking auf der F\u00f6rdertechnik<\/a><\/h4><\/div>\n<\/div><\/div><\/div>\n<\/div><\/div>","protected":false},"excerpt":{"rendered":"<p>Area Monitoring Monitor bulk and storage areas in real time and trigger operative actions based on fill levels. Fill grade monitoring The recognition units of the AI-RTL&amp;RS can detect whether an area is empty or occupied. Combined with the Digital Twin, where the position of the bulk lanes is known, you get a complete system [&hellip;]<\/p>","protected":false},"author":1,"featured_media":0,"parent":3549,"menu_order":5,"comment_status":"closed","ping_status":"closed","template":"","meta":{"footnotes":""},"class_list":["post-4488","page","type-page","status-publish","hentry"],"blocksy_meta":[],"_links":{"self":[{"href":"https:\/\/www.logivations.com\/de\/wp-json\/wp\/v2\/pages\/4488","targetHints":{"allow":["GET"]}}],"collection":[{"href":"https:\/\/www.logivations.com\/de\/wp-json\/wp\/v2\/pages"}],"about":[{"href":"https:\/\/www.logivations.com\/de\/wp-json\/wp\/v2\/types\/page"}],"author":[{"embeddable":true,"href":"https:\/\/www.logivations.com\/de\/wp-json\/wp\/v2\/users\/1"}],"replies":[{"embeddable":true,"href":"https:\/\/www.logivations.com\/de\/wp-json\/wp\/v2\/comments?post=4488"}],"version-history":[{"count":10,"href":"https:\/\/www.logivations.com\/de\/wp-json\/wp\/v2\/pages\/4488\/revisions"}],"predecessor-version":[{"id":5612,"href":"https:\/\/www.logivations.com\/de\/wp-json\/wp\/v2\/pages\/4488\/revisions\/5612"}],"up":[{"embeddable":true,"href":"https:\/\/www.logivations.com\/de\/wp-json\/wp\/v2\/pages\/3549"}],"wp:attachment":[{"href":"https:\/\/www.logivations.com\/de\/wp-json\/wp\/v2\/media?parent=4488"}],"curies":[{"name":"wp","href":"https:\/\/api.w.org\/{rel}","templated":true}]}}