{"id":4437,"date":"2024-06-06T12:18:03","date_gmt":"2024-06-06T12:18:03","guid":{"rendered":"http:\/\/18.159.134.110\/?page_id=4437"},"modified":"2024-08-02T17:46:10","modified_gmt":"2024-08-02T17:46:10","slug":"worker-safety","status":"publish","type":"page","link":"https:\/\/www.logivations.com\/de\/solutions\/visual-identification-and-localization-camera-rtls\/worker-safety\/","title":{"rendered":"Arbeitssicherheit"},"content":{"rendered":"<div class=\"wp-block-stackable-columns alignfull stk-block-columns stk-block stk-51b2b12 stk-block-background stk--has-background-overlay\" data-block-id=\"51b2b12\"><style>.stk-51b2b12 .stk--block-align-51b2b12{align-items:center !important}.stk-51b2b12{background-image:url(https:\/\/www.logivations.com\/wp-content\/uploads\/2024\/06\/WH_DigitalTwin_v2-scaled.jpg) !important;background-position:bottom center !important;background-repeat:no-repeat !important;background-size:cover !important;padding-top:280px !important;padding-bottom:63px !important;margin-top:-135px !important}.stk-51b2b12:before{background-color:#000000 !important;opacity:0.6 !important}.stk-51b2b12-column{--stk-column-gap:35px !important;row-gap:35px !important}@media screen and (max-width:999px){.stk-51b2b12{padding-top:250px !important;padding-bottom:150px !important}}@media screen and (max-width:689px){.stk-51b2b12{padding-top:186px !important;padding-bottom:100px !important;margin-top:-90px !important}}<\/style><div class=\"stk-row stk-inner-blocks stk--block-align-51b2b12 stk-block-content stk-content-align stk-51b2b12-column\">\n<div class=\"wp-block-stackable-column stk-block-column stk-column stk-block stk-3a43e6b\" data-v=\"4\" data-block-id=\"3a43e6b\"><style>.stk-3a43e6b-container{margin-top:0px !important;margin-right:0px !important;margin-bottom:0px !important;margin-left:0px !important}@media screen and (min-width:690px){.stk-3a43e6b{flex:var(--stk-flex-grow,1) 1 calc(96.8% - var(--stk-column-gap,0px) * 1 \/ 2 ) !important}}@media screen and (min-width:690px) and (max-width:999px){.stk-3a43e6b{flex:var(--stk-flex-grow,1) 1 calc(55% - var(--stk-column-gap,0px) * 1 \/ 2 ) !important}}<\/style><div class=\"stk-column-wrapper stk-block-column__content stk-container stk-3a43e6b-container stk--no-background stk--no-padding\"><div class=\"has-text-align-center-mobile stk-block-content stk-inner-blocks stk-3a43e6b-inner-blocks\">\n<h2 class=\"wp-block-heading\"><span style=\"color: var(--theme-palette-color-8, #ffffff);\" class=\"stk-highlight\"><\/span><\/h2>\n\n\n\n<div class=\"wp-block-stackable-heading stk-block-heading stk-block-heading--v2 stk-block stk-7225c59\" id=\"worker-safety\" data-block-id=\"7225c59\"><style>.stk-7225c59{margin-bottom:10px !important}.stk-7225c59 .stk-block-heading__text{font-size:55px !important;color:var(--theme-palette-color-8,#ffffff) !important}@media screen and (max-width:999px){.stk-7225c59 .stk-block-heading__text{font-size:40px !important}}@media screen and (max-width:689px){.stk-7225c59 .stk-block-heading__text{font-size:30px !important}}<\/style><h1 class=\"stk-block-heading__text has-text-color\">Arbeitssicherheit<\/h1><\/div>\n\n\n\n<div class=\"wp-block-stackable-text stk-block-text stk-block stk-81505a5\" data-block-id=\"81505a5\"><style>.stk-81505a5 .stk-block-text__text{font-size:19px !important;color:var(--theme-palette-color-8,#ffffff) !important}@media screen and (max-width:999px){.stk-81505a5 .stk-block-text__text{font-size:19px !important}}<\/style><p class=\"stk-block-text__text has-text-color\"><strong>Unser Echtzeit Digitaler Zwilling erh\u00f6ht die Arbeitssicherheit Ihrer Mitarbeiter<\/strong><\/p><\/div>\n<\/div><\/div><\/div>\n\n\n\n<div class=\"wp-block-stackable-column stk-block-column stk-column stk-block stk-0e2597c\" data-v=\"4\" data-block-id=\"0e2597c\"><style>.stk-0e2597c-container{margin-top:0px !important;margin-right:0px !important;margin-bottom:0px !important;margin-left:0px !important}@media screen and (min-width:690px){.stk-0e2597c{flex:var(--stk-flex-grow,1) 1 calc(3.2% - var(--stk-column-gap,0px) * 1 \/ 2 ) !important}}@media screen and (min-width:690px) and (max-width:999px){.stk-0e2597c{flex:var(--stk-flex-grow,1) 1 calc(45% - var(--stk-column-gap,0px) * 1 \/ 2 ) !important}}<\/style><div class=\"stk-column-wrapper stk-block-column__content stk-container stk-0e2597c-container stk--no-background stk--no-padding\"><div class=\"stk-block-content stk-inner-blocks stk-0e2597c-inner-blocks\"><\/div><\/div><\/div>\n<\/div><\/div>\n\n\n\n<div class=\"wp-block-stackable-feature stk-block-feature stk-block stk-f870a3e stk-block-background is-style-default\" data-v=\"2\" data-block-id=\"f870a3e\"><style>.stk-f870a3e{border-top-left-radius:0px !important;border-top-right-radius:0px !important;border-bottom-right-radius:0px !important;border-bottom-left-radius:0px !important;overflow:hidden !important;box-shadow:none !important}<\/style><div class=\"stk-content-align stk-f870a3e-column stk-container stk-f870a3e-container stk--no-background stk--no-padding\"><div class=\"stk-inner-blocks stk-block-content stk-row\">\n<div class=\"wp-block-stackable-column stk-block-column stk-column stk-block stk-7f71d0c\" data-v=\"4\" data-block-id=\"7f71d0c\"><style>.stk-7f71d0c{align-self:center !important}<\/style><div class=\"stk-column-wrapper stk-block-column__content stk-container stk-7f71d0c-container stk--no-background stk--no-padding\"><div class=\"stk-block-content stk-inner-blocks stk-7f71d0c-inner-blocks\">\n<div class=\"wp-block-stackable-heading stk-block-heading stk-block-heading--v2 stk-block stk-3984ea6\" id=\"collision-prevention\" data-block-id=\"3984ea6\"><h2 class=\"stk-block-heading__text\">Kollisionsvermeidung<\/h2><\/div>\n\n\n\n<div class=\"wp-block-stackable-icon-list stk-block-icon-list stk-block stk-3de0e00\" data-block-id=\"3de0e00\"><style>.stk-3de0e00 .stk-block-icon-list-item__content{gap:4px !important;align-items:baseline !important}.stk-3de0e00{--stk-icon-height:7.75px !important}<\/style><svg style=\"display:none\"><defs><g id=\"stk-icon-list__icon-svg-def-3de0e00\"><svg xmlns=\"http:\/\/www.w3.org\/2000\/svg\" viewbox=\"0 0 190 190\"><polygon points=\"173.8,28.4 60.4,141.8 15.7,97.2 5.1,107.8 60.4,163 184.4,39 173.8,28.4\"\/><\/svg><\/g><\/defs><\/svg><div class=\"stk-block-icon-list__ul stk-block-icon-list--column\"><ul class=\"stk-block-icon-list__group\">\n<li class=\"wp-block-stackable-icon-list-item stk-block-icon-list-item stk-block stk-af2a94a\" data-block-id=\"af2a94a\"><div class=\"stk-block-icon-list-item__content\"><span class=\"stk--svg-wrapper\"><div class=\"stk--inner-svg\"><svg aria-hidden=\"true\" width=\"32\" height=\"32\"><use xlink:href=\"#stk-icon-list__icon-svg-def-3de0e00\"><\/use><\/svg><\/div><\/span><span class=\"stk-block-icon-list-item__text\">Digitaler Zwilling kennt die Bewegungen aller Objekte<\/span><\/div><\/li>\n\n\n\n<li class=\"wp-block-stackable-icon-list-item stk-block-icon-list-item stk-block stk-38993c3\" data-block-id=\"38993c3\"><div class=\"stk-block-icon-list-item__content\"><span class=\"stk--svg-wrapper\"><div class=\"stk--inner-svg\"><svg aria-hidden=\"true\" width=\"32\" height=\"32\"><use xlink:href=\"#stk-icon-list__icon-svg-def-3de0e00\"><\/use><\/svg><\/div><\/span><span class=\"stk-block-icon-list-item__text\">Warnung bei sich zu nahe kommenden Objekten<\/span><\/div><\/li>\n\n\n\n<li class=\"wp-block-stackable-icon-list-item stk-block-icon-list-item stk-block stk-4b542f2\" data-block-id=\"4b542f2\"><div class=\"stk-block-icon-list-item__content\"><span class=\"stk--svg-wrapper\"><div class=\"stk--inner-svg\"><svg aria-hidden=\"true\" width=\"32\" height=\"32\"><use xlink:href=\"#stk-icon-list__icon-svg-def-3de0e00\"><\/use><\/svg><\/div><\/span><span class=\"stk-block-icon-list-item__text\">Warnungen basierend auf Positionen <\/span><\/div><\/li>\n\n\n\n<li class=\"wp-block-stackable-icon-list-item stk-block-icon-list-item stk-block stk-3824456\" data-block-id=\"3824456\"><div class=\"stk-block-icon-list-item__content\"><span class=\"stk--svg-wrapper\"><div class=\"stk--inner-svg\"><svg aria-hidden=\"true\" width=\"32\" height=\"32\"><use xlink:href=\"#stk-icon-list__icon-svg-def-3de0e00\"><\/use><\/svg><\/div><\/span><span class=\"stk-block-icon-list-item__text\">Visuelle Warnungen und Audiosignale m\u00f6glich<\/span><\/div><\/li>\n<\/ul><\/div><\/div>\n<\/div><\/div><\/div>\n\n\n\n<div class=\"wp-block-stackable-column stk-block-column stk-column stk-block stk-4e405a4\" data-v=\"4\" data-block-id=\"4e405a4\"><style>.stk-4e405a4{align-self:center !important;margin-right:-20px !important}<\/style><div class=\"stk-column-wrapper stk-block-column__content stk-container stk-4e405a4-container stk--no-background stk--no-padding\"><div class=\"stk-block-content stk-inner-blocks stk-4e405a4-inner-blocks\">\n<div class=\"wp-block-stackable-image stk-block-image stk-block stk-43fe2c0\" data-block-id=\"43fe2c0\"><style>.stk-43fe2c0{right:-74px !important}.stk-43fe2c0 .stk-img-wrapper{width:65% !important}.stk-43fe2c0 .stk-img-wrapper img{object-position:50% 50% !important}<\/style><figure><span class=\"stk-img-wrapper stk-image--shape-stretch\"><img loading=\"lazy\" decoding=\"async\" class=\"stk-img wp-image-3598\" src=\"https:\/\/www.logivations.com\/wp-content\/uploads\/2023\/12\/Arbeitssicherheit.png\" width=\"1500\" height=\"1500\" alt=\"Kollisionsvermeidung\" srcset=\"https:\/\/www.logivations.com\/wp-content\/uploads\/2023\/12\/Arbeitssicherheit.png 1500w, https:\/\/www.logivations.com\/wp-content\/uploads\/2023\/12\/Arbeitssicherheit-300x300.png 300w, https:\/\/www.logivations.com\/wp-content\/uploads\/2023\/12\/Arbeitssicherheit-1024x1024.png 1024w, https:\/\/www.logivations.com\/wp-content\/uploads\/2023\/12\/Arbeitssicherheit-150x150.png 150w, https:\/\/www.logivations.com\/wp-content\/uploads\/2023\/12\/Arbeitssicherheit-768x768.png 768w, https:\/\/www.logivations.com\/wp-content\/uploads\/2023\/12\/Arbeitssicherheit-12x12.png 12w\" sizes=\"auto, (max-width: 1500px) 100vw, 1500px\" \/><\/span><\/figure><\/div>\n<\/div><\/div><\/div>\n<\/div><\/div><\/div>\n\n\n\n<p>Unsere <a href=\"https:\/\/www.logivations.com\/de\/solutions\/visual-identification-and-localization-camera-rtls\/real-time-digital-twin\/\" data-type=\"page\" data-id=\"4430\">Echtzeit Digitaler Zwilling<\/a> enth\u00e4lt alle Informationen \u00fcber die Bewegungen aller verfolgten Objekte im Lager. Die Bewegungen werden von den Erkennungseinheiten erfasst und von der KI dekodiert. Da das Lagerlayout und die Bewegungsrichtungen bekannt sind, k\u00f6nnen Kollisionen vorhergesagt und Alarme ausgel\u00f6st werden, bevor es zu einer Kollision kommt. Alarme k\u00f6nnen visuelle oder akustische Signale sein. Zus\u00e4tzlich k\u00f6nnen E-Mail-Benachrichtigungen konfiguriert werden.<\/p>\n\n\n\n<p>Dar\u00fcber hinaus k\u00f6nnen Alarme auf der Grundlage von Bewegungen in den im Digitalen Zwilling definierten Bereichen definiert werden. Gabelstapler oder Personen, die Bereiche betreten, die sie nicht betreten d\u00fcrfen, l\u00f6sen ebenfalls Alarme aus. <\/p>\n\n\n\n<p>Auch eine Kombination von beiden ist m\u00f6glich. In einigen vordefinierten Bereichen l\u00f6st das System einen Alarm aus, wenn sich ein Gabelstapler einem Bereich n\u00e4hert, in dem sich eine Person befindet, oder umgekehrt. In anderen Bereichen kann eine Warnung erforderlich sein, wenn sich Fu\u00dfg\u00e4nger zu nahe an fahrenden Fahrzeugen aufhalten.<\/p>\n\n\n\n<p>Das gesamte System ben\u00f6tigt nur die Infrastruktur des <a href=\"https:\/\/www.logivations.com\/de\/solutions\/visual-identification-and-localization-camera-rtls\/real-time-location-system-ai-rtls\/\" data-type=\"page\" data-id=\"2160\">AI-RTL&amp;RS<\/a>. Es ist keine zus\u00e4tzliche Hardware erforderlich, um Gabelstapler oder Personen zu verfolgen.<\/p>\n\n\n\n<div class=\"wp-block-stackable-feature stk-block-feature stk-block stk-992d452 stk-block-background is-style-default\" data-v=\"2\" data-block-id=\"992d452\"><style>.stk-992d452{border-top-left-radius:0px !important;border-top-right-radius:0px !important;border-bottom-right-radius:0px !important;border-bottom-left-radius:0px !important;overflow:hidden !important;box-shadow:none !important}<\/style><div class=\"stk-content-align stk-992d452-column stk-container stk-992d452-container stk--no-background stk--no-padding\"><div class=\"stk-inner-blocks stk-block-content stk-row\">\n<div class=\"wp-block-stackable-column stk-block-column stk-column stk-block stk-441c419\" data-v=\"4\" data-block-id=\"441c419\"><style>.stk-441c419{align-self:center !important}<\/style><div class=\"stk-column-wrapper stk-block-column__content stk-container stk-441c419-container stk--no-background stk--no-padding\"><div class=\"stk-block-content stk-inner-blocks stk-441c419-inner-blocks\">\n<div class=\"wp-block-stackable-heading stk-block-heading stk-block-heading--v2 stk-block stk-66b1504\" id=\"accident-prevention\" data-block-id=\"66b1504\"><h2 class=\"stk-block-heading__text\">Unfallvermeidung<\/h2><\/div>\n\n\n\n<div class=\"wp-block-stackable-icon-list stk-block-icon-list stk-block stk-3ce90d7\" data-block-id=\"3ce90d7\"><style>.stk-3ce90d7 .stk-block-icon-list-item__content{gap:4px !important;align-items:baseline !important}.stk-3ce90d7{--stk-icon-height:7.75px !important}<\/style><svg style=\"display:none\"><defs><g id=\"stk-icon-list__icon-svg-def-3ce90d7\"><svg xmlns=\"http:\/\/www.w3.org\/2000\/svg\" viewbox=\"0 0 190 190\"><polygon points=\"173.8,28.4 60.4,141.8 15.7,97.2 5.1,107.8 60.4,163 184.4,39 173.8,28.4\"\/><\/svg><\/g><\/defs><\/svg><div class=\"stk-block-icon-list__ul stk-block-icon-list--column\"><ul class=\"stk-block-icon-list__group\">\n<li class=\"wp-block-stackable-icon-list-item stk-block-icon-list-item stk-block stk-971ccc3\" data-block-id=\"971ccc3\"><div class=\"stk-block-icon-list-item__content\"><span class=\"stk--svg-wrapper\"><div class=\"stk--inner-svg\"><svg aria-hidden=\"true\" width=\"32\" height=\"32\"><use xlink:href=\"#stk-icon-list__icon-svg-def-3ce90d7\"><\/use><\/svg><\/div><\/span><span class=\"stk-block-icon-list-item__text\">Alarme f\u00fcr am Boden liegende Personen<\/span><\/div><\/li>\n\n\n\n<li class=\"wp-block-stackable-icon-list-item stk-block-icon-list-item stk-block stk-3fa9e99\" data-block-id=\"3fa9e99\"><div class=\"stk-block-icon-list-item__content\"><span class=\"stk--svg-wrapper\"><div class=\"stk--inner-svg\"><svg aria-hidden=\"true\" width=\"32\" height=\"32\"><use xlink:href=\"#stk-icon-list__icon-svg-def-3ce90d7\"><\/use><\/svg><\/div><\/span><span class=\"stk-block-icon-list-item__text\">Warnungen f\u00fcr Personen ohne Warnweste<\/span><\/div><\/li>\n\n\n\n<li class=\"wp-block-stackable-icon-list-item stk-block-icon-list-item stk-block stk-e54f21e\" data-block-id=\"e54f21e\"><div class=\"stk-block-icon-list-item__content\"><span class=\"stk--svg-wrapper\"><div class=\"stk--inner-svg\"><svg aria-hidden=\"true\" width=\"32\" height=\"32\"><use xlink:href=\"#stk-icon-list__icon-svg-def-3ce90d7\"><\/use><\/svg><\/div><\/span><span class=\"stk-block-icon-list-item__text\">Warnungen bei blockierten Fahrwegen <\/span><\/div><\/li>\n<\/ul><\/div><\/div>\n<\/div><\/div><\/div>\n\n\n\n<div class=\"wp-block-stackable-column stk-block-column stk-column stk-block stk-99f4e87\" data-v=\"4\" data-block-id=\"99f4e87\"><style>.stk-99f4e87{align-self:center !important}<\/style><div class=\"stk-column-wrapper stk-block-column__content stk-container stk-99f4e87-container stk--no-background stk--no-padding\"><div class=\"stk-block-content stk-inner-blocks stk-99f4e87-inner-blocks\">\n<figure class=\"wp-block-image size-large\"><img loading=\"lazy\" decoding=\"async\" width=\"1024\" height=\"572\" src=\"https:\/\/www.logivations.com\/wp-content\/uploads\/2024\/06\/image-10-1024x572.png\" alt=\"Unfallvermeidung\" class=\"wp-image-4445\" srcset=\"https:\/\/www.logivations.com\/wp-content\/uploads\/2024\/06\/image-10-1024x572.png 1024w, https:\/\/www.logivations.com\/wp-content\/uploads\/2024\/06\/image-10-300x168.png 300w, https:\/\/www.logivations.com\/wp-content\/uploads\/2024\/06\/image-10-768x429.png 768w, https:\/\/www.logivations.com\/wp-content\/uploads\/2024\/06\/image-10-18x10.png 18w, https:\/\/www.logivations.com\/wp-content\/uploads\/2024\/06\/image-10.png 1424w\" sizes=\"auto, (max-width: 1024px) 100vw, 1024px\" \/><\/figure>\n<\/div><\/div><\/div>\n<\/div><\/div><\/div>\n\n\n\n<p>Das AI-RTL&amp;RS-System kann nicht nur erkennen, ob sich eine Person an einem bestimmten Ort befindet, sondern auch, ob sie eine Warnweste tr\u00e4gt oder nicht. Es kann sogar erkennen, ob eine Person auf dem Boden liegt, zum Beispiel nach einem Unfall. In all diesen F\u00e4llen wird ein Alarm oder eine E-Mail-Benachrichtigung ausgel\u00f6st. Das System kann im Lager oder auch auf dem Hof eingesetzt werden.<\/p>\n\n\n\n<p>Das AI-RTL&amp;RS-System kann auch Fahrwege \u00fcberwachen, um Unf\u00e4lle zu vermeiden und bei der Einhaltung von Lean Gesichtspunkten helfen. Blockiert etwas einen Fahrweg oder betritt ihn ein Fu\u00dfg\u00e4nger, wird eine Warnung ausgel\u00f6st.<\/p>\n\n\n\n<div class=\"wp-block-stackable-columns alignfull stk-block-columns stk-block stk-b5cde0d stk-block-background stk--has-background-overlay\" data-block-id=\"b5cde0d\"><style>.stk-b5cde0d{background-color:#f9f9f9 !important;background-image:url(https:\/\/www.logivations.com\/wp-content\/uploads\/2023\/11\/solutions-image-01.jpg) !important;padding-top:96px !important;padding-bottom:15px !important;margin-top:30px !important;margin-bottom:10px !important}.stk-b5cde0d:before{background-color:#f9f9f9 !important;opacity:0.8 !important}.stk-b5cde0d-column{--stk-columns-spacing:14px !important;--stk-column-gap:10px !important}<\/style><div class=\"stk-row stk-inner-blocks has-text-align-center stk-block-content stk-content-align stk-b5cde0d-column alignfull\">\n<div class=\"wp-block-stackable-column stk-block-column stk-column stk-block stk-166186d\" data-v=\"4\" data-block-id=\"166186d\"><div class=\"stk-column-wrapper stk-block-column__content stk-container stk-166186d-container stk--no-background stk--no-padding\"><div class=\"stk-block-content stk-inner-blocks stk-166186d-inner-blocks\">\n<div class=\"wp-block-stackable-text stk-block-text stk-block stk-c4af4c6\" data-block-id=\"c4af4c6\"><style>.stk-c4af4c6{margin-bottom:1px !important}<\/style><p class=\"stk-block-text__text has-text-align-center\"><span style=\"color: var(--theme-palette-color-3, #3A4F66);\" class=\"stk-highlight\">INFORMIEREN SIE SICH AUCH \u00dcBER<\/span><\/p><\/div>\n\n\n\n<div class=\"wp-block-stackable-heading stk-block-heading stk-block-heading--v2 stk-block stk-2903aee\" id=\"a-href-press-news-data-type-link-data-id-https-www-logivations-com-en-solutions-lno-supply-network-planning-php-a-a-href-navigation-autonomous-mobile-robots-span-style-color-var-palette-color-3-3-a-4-f-66-class-stk-highlight-ai-guided-autonomous-mobile-robots-span-a\" data-block-id=\"2903aee\"><style>.stk-2903aee .stk-block-heading__text{color:var(--theme-palette-color-8,#ffffff) !important}<\/style><h4 class=\"stk-block-heading__text has-text-color has-text-align-center\"><a href=\"https:\/\/www.logivations.com\/de\/solutions\/visual-identification-and-localization-camera-rtls\/area-monitoring\/\">F\u00fcllgrad\u00fcberwachung<\/a><\/h4><\/div>\n<\/div><\/div><\/div>\n<\/div><\/div>","protected":false},"excerpt":{"rendered":"<p>Worker Safety Our real-time digital twin enhances the safety of your workers Collision prevention Our Real Time Digital Twin contains all movement information of all tracked entities in the warehouse. It records the movements with the recognition units and decodes them by AI. As it knows the warehouse layout and the movement directions, it can [&hellip;]<\/p>","protected":false},"author":1,"featured_media":0,"parent":3549,"menu_order":4,"comment_status":"closed","ping_status":"closed","template":"","meta":{"footnotes":""},"class_list":["post-4437","page","type-page","status-publish","hentry"],"blocksy_meta":[],"_links":{"self":[{"href":"https:\/\/www.logivations.com\/de\/wp-json\/wp\/v2\/pages\/4437","targetHints":{"allow":["GET"]}}],"collection":[{"href":"https:\/\/www.logivations.com\/de\/wp-json\/wp\/v2\/pages"}],"about":[{"href":"https:\/\/www.logivations.com\/de\/wp-json\/wp\/v2\/types\/page"}],"author":[{"embeddable":true,"href":"https:\/\/www.logivations.com\/de\/wp-json\/wp\/v2\/users\/1"}],"replies":[{"embeddable":true,"href":"https:\/\/www.logivations.com\/de\/wp-json\/wp\/v2\/comments?post=4437"}],"version-history":[{"count":19,"href":"https:\/\/www.logivations.com\/de\/wp-json\/wp\/v2\/pages\/4437\/revisions"}],"predecessor-version":[{"id":6439,"href":"https:\/\/www.logivations.com\/de\/wp-json\/wp\/v2\/pages\/4437\/revisions\/6439"}],"up":[{"embeddable":true,"href":"https:\/\/www.logivations.com\/de\/wp-json\/wp\/v2\/pages\/3549"}],"wp:attachment":[{"href":"https:\/\/www.logivations.com\/de\/wp-json\/wp\/v2\/media?parent=4437"}],"curies":[{"name":"wp","href":"https:\/\/api.w.org\/{rel}","templated":true}]}}