{"id":4430,"date":"2024-06-06T10:11:50","date_gmt":"2024-06-06T10:11:50","guid":{"rendered":"http:\/\/18.159.134.110\/?page_id=4430"},"modified":"2024-08-02T17:39:18","modified_gmt":"2024-08-02T17:39:18","slug":"real-time-digital-twin","status":"publish","type":"page","link":"https:\/\/www.logivations.com\/de\/solutions\/visual-identification-and-localization-camera-rtls\/real-time-digital-twin\/","title":{"rendered":"Echtzeit Digitaler Zwilling"},"content":{"rendered":"<div class=\"wp-block-stackable-columns alignfull stk-block-columns stk-block stk-51b2b12 stk-block-background stk--has-background-overlay\" data-block-id=\"51b2b12\"><style>.stk-51b2b12 .stk--block-align-51b2b12{align-items:center !important}.stk-51b2b12{background-image:url(https:\/\/www.logivations.com\/wp-content\/uploads\/2024\/06\/WH_DigitalTwin_v2-scaled.jpg) !important;background-position:bottom center !important;background-repeat:no-repeat !important;background-size:cover !important;padding-top:280px !important;padding-bottom:63px !important;margin-top:-135px !important}.stk-51b2b12:before{background-color:#000000 !important;opacity:0.6 !important}.stk-51b2b12-column{--stk-column-gap:35px !important;row-gap:35px !important}@media screen and (max-width:999px){.stk-51b2b12{padding-top:250px !important;padding-bottom:150px !important}}@media screen and (max-width:689px){.stk-51b2b12{padding-top:186px !important;padding-bottom:100px !important;margin-top:-90px !important}}<\/style><div class=\"stk-row stk-inner-blocks stk--block-align-51b2b12 stk-block-content stk-content-align stk-51b2b12-column\">\n<div class=\"wp-block-stackable-column stk-block-column stk-column stk-block stk-3a43e6b\" data-v=\"4\" data-block-id=\"3a43e6b\"><style>.stk-3a43e6b-container{margin-top:0px !important;margin-right:0px !important;margin-bottom:0px !important;margin-left:0px !important}@media screen and (min-width:690px){.stk-3a43e6b{flex:var(--stk-flex-grow,1) 1 calc(96.8% - var(--stk-column-gap,0px) * 1 \/ 2 ) !important}}@media screen and (min-width:690px) and (max-width:999px){.stk-3a43e6b{flex:var(--stk-flex-grow,1) 1 calc(55% - var(--stk-column-gap,0px) * 1 \/ 2 ) !important}}<\/style><div class=\"stk-column-wrapper stk-block-column__content stk-container stk-3a43e6b-container stk--no-background stk--no-padding\"><div class=\"has-text-align-center-mobile stk-block-content stk-inner-blocks stk-3a43e6b-inner-blocks\">\n<h2 class=\"wp-block-heading\"><span style=\"color: var(--theme-palette-color-8, #ffffff);\" class=\"stk-highlight\"><\/span><\/h2>\n\n\n\n<div class=\"wp-block-stackable-heading stk-block-heading stk-block-heading--v2 stk-block stk-7225c59\" id=\"real-time-digital-twin\" data-block-id=\"7225c59\"><style>.stk-7225c59{margin-bottom:10px !important}.stk-7225c59 .stk-block-heading__text{font-size:55px !important;color:var(--theme-palette-color-8,#ffffff) !important}@media screen and (max-width:999px){.stk-7225c59 .stk-block-heading__text{font-size:40px !important}}@media screen and (max-width:689px){.stk-7225c59 .stk-block-heading__text{font-size:30px !important}}<\/style><h1 class=\"stk-block-heading__text has-text-color\">Echtzeit Digitaler Zwilling<\/h1><\/div>\n\n\n\n<div class=\"wp-block-stackable-text stk-block-text stk-block stk-81505a5\" data-block-id=\"81505a5\"><style>.stk-81505a5 .stk-block-text__text{font-size:19px !important;color:var(--theme-palette-color-8,#ffffff) !important}@media screen and (max-width:999px){.stk-81505a5 .stk-block-text__text{font-size:19px !important}}<\/style><p class=\"stk-block-text__text has-text-color\"><strong>Transparenz und Optimierungsm\u00f6glichkeiten durch Nutzung von Trackingdaten im Echtzeit Digitalen Zwilling.<\/strong><\/p><\/div>\n<\/div><\/div><\/div>\n\n\n\n<div class=\"wp-block-stackable-column stk-block-column stk-column stk-block stk-0e2597c\" data-v=\"4\" data-block-id=\"0e2597c\"><style>.stk-0e2597c-container{margin-top:0px !important;margin-right:0px !important;margin-bottom:0px !important;margin-left:0px !important}@media screen and (min-width:690px){.stk-0e2597c{flex:var(--stk-flex-grow,1) 1 calc(3.2% - var(--stk-column-gap,0px) * 1 \/ 2 ) !important}}@media screen and (min-width:690px) and (max-width:999px){.stk-0e2597c{flex:var(--stk-flex-grow,1) 1 calc(45% - var(--stk-column-gap,0px) * 1 \/ 2 ) !important}}<\/style><div class=\"stk-column-wrapper stk-block-column__content stk-container stk-0e2597c-container stk--no-background stk--no-padding\"><div class=\"stk-block-content stk-inner-blocks stk-0e2597c-inner-blocks\"><\/div><\/div><\/div>\n<\/div><\/div>\n\n\n\n<div class=\"wp-block-stackable-feature stk-block-feature stk-block stk-f870a3e stk-block-background is-style-default\" data-v=\"2\" data-block-id=\"f870a3e\"><style>.stk-f870a3e{border-top-left-radius:0px !important;border-top-right-radius:0px !important;border-bottom-right-radius:0px !important;border-bottom-left-radius:0px !important;overflow:hidden !important;box-shadow:none !important}<\/style><div class=\"stk-content-align stk-f870a3e-column stk-container stk-f870a3e-container stk--no-background stk--no-padding\"><div class=\"stk-inner-blocks stk-block-content stk-row\">\n<div class=\"wp-block-stackable-column stk-block-column stk-column stk-block stk-7f71d0c\" data-v=\"4\" data-block-id=\"7f71d0c\"><style>.stk-7f71d0c{align-self:center !important}<\/style><div class=\"stk-column-wrapper stk-block-column__content stk-container stk-7f71d0c-container stk--no-background stk--no-padding\"><div class=\"stk-block-content stk-inner-blocks stk-7f71d0c-inner-blocks\">\n<div class=\"wp-block-stackable-heading stk-block-heading stk-block-heading--v2 stk-block stk-3984ea6\" id=\"full-shopfloor-transparency\" data-block-id=\"3984ea6\"><h2 class=\"stk-block-heading__text\">Vollst\u00e4ndige Transparenz<\/h2><\/div>\n\n\n\n<div class=\"wp-block-stackable-icon-list stk-block-icon-list stk-block stk-3de0e00\" data-block-id=\"3de0e00\"><style>.stk-3de0e00 .stk-block-icon-list-item__content{gap:4px !important;align-items:baseline !important}.stk-3de0e00{--stk-icon-height:7.75px !important}<\/style><svg style=\"display:none\"><defs><g id=\"stk-icon-list__icon-svg-def-3de0e00\"><svg xmlns=\"http:\/\/www.w3.org\/2000\/svg\" viewbox=\"0 0 190 190\"><polygon points=\"173.8,28.4 60.4,141.8 15.7,97.2 5.1,107.8 60.4,163 184.4,39 173.8,28.4\"\/><\/svg><\/g><\/defs><\/svg><div class=\"stk-block-icon-list__ul stk-block-icon-list--column\"><ul class=\"stk-block-icon-list__group\">\n<li class=\"wp-block-stackable-icon-list-item stk-block-icon-list-item stk-block stk-6753961\" data-block-id=\"6753961\"><div class=\"stk-block-icon-list-item__content\"><span class=\"stk--svg-wrapper\"><div class=\"stk--inner-svg\"><svg aria-hidden=\"true\" width=\"32\" height=\"32\"><use xlink:href=\"#stk-icon-list__icon-svg-def-3de0e00\"><\/use><\/svg><\/div><\/span><span class=\"stk-block-icon-list-item__text\">Auswertung der erfassten Daten als Heatmaps oder Reports<\/span><\/div><\/li>\n\n\n\n<li class=\"wp-block-stackable-icon-list-item stk-block-icon-list-item stk-block stk-b996342\" data-block-id=\"b996342\"><div class=\"stk-block-icon-list-item__content\"><span class=\"stk--svg-wrapper\"><div class=\"stk--inner-svg\"><svg aria-hidden=\"true\" width=\"32\" height=\"32\"><use xlink:href=\"#stk-icon-list__icon-svg-def-3de0e00\"><\/use><\/svg><\/div><\/span><span class=\"stk-block-icon-list-item__text\">Auswertung von Positionen, Geschwindigkeiten, Leerlauf- und Produktivzeiten<\/span><\/div><\/li>\n\n\n\n<li class=\"wp-block-stackable-icon-list-item stk-block-icon-list-item stk-block stk-e06737f\" data-block-id=\"e06737f\"><div class=\"stk-block-icon-list-item__content\"><span class=\"stk--svg-wrapper\"><div class=\"stk--inner-svg\"><svg aria-hidden=\"true\" width=\"32\" height=\"32\"><use xlink:href=\"#stk-icon-list__icon-svg-def-3de0e00\"><\/use><\/svg><\/div><\/span><span class=\"stk-block-icon-list-item__text\">Ermittlung m\u00f6glicher Kosteneinsparungen durch Reduzierung der Anzahl von Fahrzeugen, Routenoptimierung oder verbesserter Lagerung<\/span><\/div><\/li>\n\n\n\n<li class=\"wp-block-stackable-icon-list-item stk-block-icon-list-item stk-block stk-195591a\" data-block-id=\"195591a\"><div class=\"stk-block-icon-list-item__content\"><span class=\"stk--svg-wrapper\"><div class=\"stk--inner-svg\"><svg aria-hidden=\"true\" width=\"32\" height=\"32\"><use xlink:href=\"#stk-icon-list__icon-svg-def-3de0e00\"><\/use><\/svg><\/div><\/span><span class=\"stk-block-icon-list-item__text\">Optionale Live Camera Ansicht<\/span><\/div><\/li>\n<\/ul><\/div><\/div>\n<\/div><\/div><\/div>\n\n\n\n<div class=\"wp-block-stackable-column stk-block-column stk-column stk-block stk-4e405a4\" data-v=\"4\" data-block-id=\"4e405a4\"><style>.stk-4e405a4{align-self:center !important}<\/style><div class=\"stk-column-wrapper stk-block-column__content stk-container stk-4e405a4-container stk--no-background stk--no-padding\"><div class=\"stk-block-content stk-inner-blocks stk-4e405a4-inner-blocks\">\n<div class=\"wp-block-stackable-image stk-block-image stk-block stk-43fe2c0\" data-block-id=\"43fe2c0\"><figure><span class=\"stk-img-wrapper stk-image--shape-stretch\"><img loading=\"lazy\" decoding=\"async\" class=\"stk-img wp-image-3516\" src=\"https:\/\/www.logivations.com\/wp-content\/uploads\/2023\/12\/Untitled-1.png\" width=\"1600\" height=\"806\" alt=\"Vollst\u00e4ndige Transparenz\" srcset=\"https:\/\/www.logivations.com\/wp-content\/uploads\/2023\/12\/Untitled-1.png 1600w, https:\/\/www.logivations.com\/wp-content\/uploads\/2023\/12\/Untitled-1-300x151.png 300w, https:\/\/www.logivations.com\/wp-content\/uploads\/2023\/12\/Untitled-1-1024x516.png 1024w, https:\/\/www.logivations.com\/wp-content\/uploads\/2023\/12\/Untitled-1-768x387.png 768w, https:\/\/www.logivations.com\/wp-content\/uploads\/2023\/12\/Untitled-1-1536x774.png 1536w, https:\/\/www.logivations.com\/wp-content\/uploads\/2023\/12\/Untitled-1-18x9.png 18w\" sizes=\"auto, (max-width: 1600px) 100vw, 1600px\" \/><\/span><\/figure><\/div>\n<\/div><\/div><\/div>\n<\/div><\/div><\/div>\n\n\n\n<p>Unsere <a href=\"https:\/\/www.logivations.com\/de\/solutions\/visual-identification-and-localization-camera-rtls\/real-time-location-system-ai-rtls\/\" data-type=\"page\" data-id=\"2160\">AI-RTL&amp;RS<\/a> System verfolgt die Bewegungen von Gabelstaplern, Personen, Paletten und anderen logistischen Objekten. Die erfassten Daten werden im Digitalen Zwilling gespeichert, was eine einfache Auswertung erm\u00f6glicht. Auswertungen zeigen Details zu Leerlaufdaten und Auslastungsgraden. Heatmaps projizieren die Positionen und Geschwindigkeiten von Gabelstaplern und anderen Fahrzeugen direkt auf das Modell Ihres Lagers. Daraus lassen sich leicht notwendige Optimierungsma\u00dfnahmen ableiten.<\/p>\n\n\n\n<p>Zus\u00e4tzlich kann optional eine Live-Kameraansicht genutzt werden, die dem Lagerverwaltungspersonal einen klaren \u00dcberblick \u00fcber das Geschehen im Lager gibt, inklusive Verpixelung von Personen zum Schutz der Pers\u00f6nlichkeitsrechte. <\/p>\n\n\n\n<div class=\"wp-block-stackable-feature stk-block-feature stk-block stk-22c18b4 stk-block-background is-style-default\" data-v=\"2\" data-block-id=\"22c18b4\"><style>.stk-22c18b4{border-top-left-radius:0px !important;border-top-right-radius:0px !important;border-bottom-right-radius:0px !important;border-bottom-left-radius:0px !important;overflow:hidden !important;box-shadow:none !important}<\/style><div class=\"stk-content-align stk-22c18b4-column stk-container stk-22c18b4-container stk--no-background stk--no-padding\"><div class=\"stk-inner-blocks stk-block-content stk-row\">\n<div class=\"wp-block-stackable-column stk-block-column stk-column stk-block stk-a8a212b\" data-v=\"4\" data-block-id=\"a8a212b\"><style>.stk-a8a212b{align-self:center !important}<\/style><div class=\"stk-column-wrapper stk-block-column__content stk-container stk-a8a212b-container stk--no-background stk--no-padding\"><div class=\"stk-block-content stk-inner-blocks stk-a8a212b-inner-blocks\">\n<div class=\"wp-block-stackable-heading stk-block-heading stk-block-heading--v2 stk-block stk-f0940b4\" id=\"data-source-for-optimization\" data-block-id=\"f0940b4\"><h2 class=\"stk-block-heading__text\">Datengrundlage f\u00fcr Optimierung<\/h2><\/div>\n\n\n\n<div class=\"wp-block-stackable-icon-list stk-block-icon-list stk-block stk-90afda3\" data-block-id=\"90afda3\"><style>.stk-90afda3 .stk-block-icon-list-item__content{gap:4px !important;align-items:baseline !important}.stk-90afda3{--stk-icon-height:7.75px !important}<\/style><svg style=\"display:none\"><defs><g id=\"stk-icon-list__icon-svg-def-90afda3\"><svg xmlns=\"http:\/\/www.w3.org\/2000\/svg\" viewbox=\"0 0 190 190\"><polygon points=\"173.8,28.4 60.4,141.8 15.7,97.2 5.1,107.8 60.4,163 184.4,39 173.8,28.4\"\/><\/svg><\/g><\/defs><\/svg><div class=\"stk-block-icon-list__ul stk-block-icon-list--column\"><ul class=\"stk-block-icon-list__group\">\n<li class=\"wp-block-stackable-icon-list-item stk-block-icon-list-item stk-block stk-ed9a614\" data-block-id=\"ed9a614\"><div class=\"stk-block-icon-list-item__content\"><span class=\"stk--svg-wrapper\"><div class=\"stk--inner-svg\"><svg aria-hidden=\"true\" width=\"32\" height=\"32\"><use xlink:href=\"#stk-icon-list__icon-svg-def-90afda3\"><\/use><\/svg><\/div><\/span><span class=\"stk-block-icon-list-item__text\">Nutzung von Trackingdaten aus Datengrundlage f\u00fcr die Optimierung<\/span><\/div><\/li>\n\n\n\n<li class=\"wp-block-stackable-icon-list-item stk-block-icon-list-item stk-block stk-f43702f\" data-block-id=\"f43702f\"><div class=\"stk-block-icon-list-item__content\"><span class=\"stk--svg-wrapper\"><div class=\"stk--inner-svg\"><svg aria-hidden=\"true\" width=\"32\" height=\"32\"><use xlink:href=\"#stk-icon-list__icon-svg-def-90afda3\"><\/use><\/svg><\/div><\/span><span class=\"stk-block-icon-list-item__text\">Alle W2MO Optimierungsalgorithmen verf\u00fcgbar<\/span><\/div><\/li>\n\n\n\n<li class=\"wp-block-stackable-icon-list-item stk-block-icon-list-item stk-block stk-3128e2d\" data-block-id=\"3128e2d\"><div class=\"stk-block-icon-list-item__content\"><span class=\"stk--svg-wrapper\"><div class=\"stk--inner-svg\"><svg aria-hidden=\"true\" width=\"32\" height=\"32\"><use xlink:href=\"#stk-icon-list__icon-svg-def-90afda3\"><\/use><\/svg><\/div><\/span><span class=\"stk-block-icon-list-item__text\">Einfacher Vergleich von What-if Szenarien basierend auf echten Daten<\/span><\/div><\/li>\n<\/ul><\/div><\/div>\n<\/div><\/div><\/div>\n\n\n\n<div class=\"wp-block-stackable-column stk-block-column stk-column stk-block stk-c6e1bfa\" data-v=\"4\" data-block-id=\"c6e1bfa\"><style>.stk-c6e1bfa{align-self:center !important}<\/style><div class=\"stk-column-wrapper stk-block-column__content stk-container stk-c6e1bfa-container stk--no-background stk--no-padding\"><div class=\"stk-block-content stk-inner-blocks stk-c6e1bfa-inner-blocks\">\n<div class=\"wp-block-stackable-image stk-block-image stk-block stk-6d2ca82\" data-block-id=\"6d2ca82\"><figure><span class=\"stk-img-wrapper stk-image--shape-stretch\"><img loading=\"lazy\" decoding=\"async\" class=\"stk-img wp-image-3510\" src=\"https:\/\/www.logivations.com\/wp-content\/uploads\/2023\/12\/image1.png\" width=\"922\" height=\"508\" alt=\"Heatmaps\" srcset=\"https:\/\/www.logivations.com\/wp-content\/uploads\/2023\/12\/image1.png 922w, https:\/\/www.logivations.com\/wp-content\/uploads\/2023\/12\/image1-300x165.png 300w, https:\/\/www.logivations.com\/wp-content\/uploads\/2023\/12\/image1-768x423.png 768w, https:\/\/www.logivations.com\/wp-content\/uploads\/2023\/12\/image1-18x10.png 18w\" sizes=\"auto, (max-width: 922px) 100vw, 922px\" \/><\/span><\/figure><\/div>\n<\/div><\/div><\/div>\n<\/div><\/div><\/div>\n\n\n\n<p class=\"translation-block\">Da die Trackingdaten im  <a href=\"https:\/\/www.logivations.com\/de\/solutions\/digital-twin\/\" data-type=\"page\" data-id=\"951\" target=\"_self\">W2MO Digitalen Zwilling<\/a> gespeichert sind, stehen alle Optimierungsalgorithmen und Auswertungen aus W2MO direkt zur Verf\u00fcgung. Ohne Datentransfer in andere Tools k\u00f6nnen Algorithmen wie optimale Produktplatzierung oder optimierte Touren- und Wellenbildung genutzt werden.<\/p>\n\n\n\n<p>Die Echtzeitdaten erm\u00f6glichen die unkomplizierte Erstellung von Was-w\u00e4re-wenn-Szenarien. Diese k\u00f6nnen mit Hilfe von Arbeitsaufwandsauswertungen und Engpassanalysen bewertet und verglichen werden.<\/p>\n\n\n\n<div class=\"wp-block-stackable-columns alignfull stk-block-columns stk-block stk-b5cde0d stk-block-background stk--has-background-overlay\" data-block-id=\"b5cde0d\"><style>.stk-b5cde0d{background-color:#f9f9f9 !important;background-image:url(https:\/\/www.logivations.com\/wp-content\/uploads\/2023\/11\/solutions-image-01.jpg) !important;padding-top:96px !important;padding-bottom:15px !important;margin-top:30px !important;margin-bottom:10px !important}.stk-b5cde0d:before{background-color:#f9f9f9 !important;opacity:0.8 !important}.stk-b5cde0d-column{--stk-columns-spacing:14px !important;--stk-column-gap:10px !important}<\/style><div class=\"stk-row stk-inner-blocks has-text-align-center stk-block-content stk-content-align stk-b5cde0d-column alignfull\">\n<div class=\"wp-block-stackable-column stk-block-column stk-column stk-block stk-166186d\" data-v=\"4\" data-block-id=\"166186d\"><div class=\"stk-column-wrapper stk-block-column__content stk-container stk-166186d-container stk--no-background stk--no-padding\"><div class=\"stk-block-content stk-inner-blocks stk-166186d-inner-blocks\">\n<div class=\"wp-block-stackable-text stk-block-text stk-block stk-c4af4c6\" data-block-id=\"c4af4c6\"><style>.stk-c4af4c6{margin-bottom:1px !important}<\/style><p class=\"stk-block-text__text has-text-align-center\"><span style=\"color: var(--theme-palette-color-3, #3A4F66);\" class=\"stk-highlight\">INFORMIEREN SIE SICH AUCH \u00dcBER<\/span><\/p><\/div>\n\n\n\n<div class=\"wp-block-stackable-heading stk-block-heading stk-block-heading--v2 stk-block stk-2903aee\" id=\"a-href-press-news-data-type-link-data-id-https-www-logivations-com-en-solutions-lno-supply-network-planning-php-a-a-href-navigation-autonomous-mobile-robots-span-style-color-var-palette-color-3-3-a-4-f-66-class-stk-highlight-ai-guided-autonomous-mobile-robots-span-a\" data-block-id=\"2903aee\"><style>.stk-2903aee .stk-block-heading__text{color:var(--theme-palette-color-8,#ffffff) !important}<\/style><h4 class=\"stk-block-heading__text has-text-color has-text-align-center\"><a href=\"https:\/\/www.logivations.com\/de\/solutions\/visual-identification-and-localization-camera-rtls\/warentracking\/\" data-type=\"page\" data-id=\"4416\">Warentracking<\/a><\/h4><\/div>\n<\/div><\/div><\/div>\n<\/div><\/div>","protected":false},"excerpt":{"rendered":"<p>Real Time Digital Twin Use tracked data to achieve transparency and optimization with the help of the Real Time Digital Twin. Full Shopfloor Transparency Our AI-RTL&amp;RS tracks the movements of forklifts, persons, pallets, and other logistical entities. The tracked data is recorded in the Digital Twin, which makes it easy to evaluate the gathered data. [&hellip;]<\/p>","protected":false},"author":1,"featured_media":0,"parent":3549,"menu_order":1,"comment_status":"closed","ping_status":"closed","template":"","meta":{"footnotes":""},"class_list":["post-4430","page","type-page","status-publish","hentry"],"blocksy_meta":[],"_links":{"self":[{"href":"https:\/\/www.logivations.com\/de\/wp-json\/wp\/v2\/pages\/4430","targetHints":{"allow":["GET"]}}],"collection":[{"href":"https:\/\/www.logivations.com\/de\/wp-json\/wp\/v2\/pages"}],"about":[{"href":"https:\/\/www.logivations.com\/de\/wp-json\/wp\/v2\/types\/page"}],"author":[{"embeddable":true,"href":"https:\/\/www.logivations.com\/de\/wp-json\/wp\/v2\/users\/1"}],"replies":[{"embeddable":true,"href":"https:\/\/www.logivations.com\/de\/wp-json\/wp\/v2\/comments?post=4430"}],"version-history":[{"count":16,"href":"https:\/\/www.logivations.com\/de\/wp-json\/wp\/v2\/pages\/4430\/revisions"}],"predecessor-version":[{"id":6435,"href":"https:\/\/www.logivations.com\/de\/wp-json\/wp\/v2\/pages\/4430\/revisions\/6435"}],"up":[{"embeddable":true,"href":"https:\/\/www.logivations.com\/de\/wp-json\/wp\/v2\/pages\/3549"}],"wp:attachment":[{"href":"https:\/\/www.logivations.com\/de\/wp-json\/wp\/v2\/media?parent=4430"}],"curies":[{"name":"wp","href":"https:\/\/api.w.org\/{rel}","templated":true}]}}